{"id":51181,"date":"2024-08-05T05:02:01","date_gmt":"2024-08-05T05:02:01","guid":{"rendered":"https:\/\/beststringer.com\/collaborations-and-recognitions\/"},"modified":"2025-10-01T10:15:56","modified_gmt":"2025-10-01T10:15:56","slug":"collaborations-and-recognitions","status":"publish","type":"page","link":"https:\/\/beststringer.com\/da\/collaborations-and-recognitions\/","title":{"rendered":"BSW Samarbejder | Fremmer Uddannelse inden for Strenging og Stringer"},"content":{"rendered":"<div class=\"gb-container gb-container-f66bc834\">\n\n<div class=\"gb-container gb-container-3423e27e\">\n\n<div class=\"gb-container gb-container-4ea2fbf1\">\n\n<div id=\"ez-toc-container\" class=\"ez-toc-v2_0_82_2 ez-toc-wrap-left counter-hierarchy ez-toc-counter ez-toc-custom ez-toc-container-direction\">\n<div class=\"ez-toc-title-container\">\n<p class=\"ez-toc-title\" style=\"cursor:inherit\">Topics<\/p>\n<span class=\"ez-toc-title-toggle\"><a href=\"#\" class=\"ez-toc-pull-right ez-toc-btn ez-toc-btn-xs ez-toc-btn-default ez-toc-toggle\" aria-label=\"Toggle Table of Content\"><span class=\"ez-toc-js-icon-con\"><span class=\"\"><span class=\"eztoc-hide\" style=\"display:none;\">Toggle<\/span><span class=\"ez-toc-icon-toggle-span\"><svg style=\"fill: #ffffff;color:#ffffff\" xmlns=\"http:\/\/www.w3.org\/2000\/svg\" class=\"list-377408\" width=\"20px\" height=\"20px\" viewBox=\"0 0 24 24\" fill=\"none\"><path d=\"M6 6H4v2h2V6zm14 0H8v2h12V6zM4 11h2v2H4v-2zm16 0H8v2h12v-2zM4 16h2v2H4v-2zm16 0H8v2h12v-2z\" fill=\"currentColor\"><\/path><\/svg><svg style=\"fill: #ffffff;color:#ffffff\" class=\"arrow-unsorted-368013\" xmlns=\"http:\/\/www.w3.org\/2000\/svg\" width=\"10px\" height=\"10px\" viewBox=\"0 0 24 24\" version=\"1.2\" baseProfile=\"tiny\"><path d=\"M18.2 9.3l-6.2-6.3-6.2 6.3c-.2.2-.3.4-.3.7s.1.5.3.7c.2.2.4.3.7.3h11c.3 0 .5-.1.7-.3.2-.2.3-.5.3-.7s-.1-.5-.3-.7zM5.8 14.7l6.2 6.3 6.2-6.3c.2-.2.3-.5.3-.7s-.1-.5-.3-.7c-.2-.2-.4-.3-.7-.3h-11c-.3 0-.5.1-.7.3-.2.2-.3.5-.3.7s.1.5.3.7z\"\/><\/svg><\/span><\/span><\/span><\/a><\/span><\/div>\n<nav><ul class='ez-toc-list ez-toc-list-level-1 eztoc-toggle-hide-by-default' ><li class='ez-toc-page-1 ez-toc-heading-level-3'><a class=\"ez-toc-link ez-toc-heading-1\" href=\"https:\/\/beststringer.com\/da\/collaborations-and-recognitions\/#Vores_samarbejds-tilgang\" >Vores samarbejds-tilgang<\/a><\/li><li class='ez-toc-page-1 ez-toc-heading-level-3'><a class=\"ez-toc-link ez-toc-heading-2\" href=\"https:\/\/beststringer.com\/da\/collaborations-and-recognitions\/#Anerkendelsesproces\" >Anerkendelsesproces<\/a><\/li><li class='ez-toc-page-1 ez-toc-heading-level-3'><a class=\"ez-toc-link ez-toc-heading-3\" href=\"https:\/\/beststringer.com\/da\/collaborations-and-recognitions\/#Fordele_ved_samarbejde\" >Fordele ved samarbejde<\/a><\/li><li class='ez-toc-page-1 ez-toc-heading-level-3'><a class=\"ez-toc-link ez-toc-heading-4\" href=\"https:\/\/beststringer.com\/da\/collaborations-and-recognitions\/#Samarbejder_og_anerkendelser_inden_for_opstrengning_af_ketsjere_globalt\" >Samarbejder og anerkendelser inden for opstrengning af ketsjere globalt<\/a><\/li><li class='ez-toc-page-1 ez-toc-heading-level-3'><a class=\"ez-toc-link ez-toc-heading-5\" href=\"https:\/\/beststringer.com\/da\/collaborations-and-recognitions\/#Bliv_en_del_af_BSWs_globale_netvaerk_for_opstrengning\" >Bliv en del af BSW&#8217;s globale netv\u00e6rk for opstrengning<\/a><\/li><\/ul><\/nav><\/div>\n\n\n\n\n\n<p class=\"gb-headline gb-headline-d07d49cf gb-headline-text\">Hos Best Stringer Worldwide (BSW) tror vi p\u00e5 styrken i samarbejde for at fremme uddannelse inden for opstrengning af ketsjere og forbedre ketsjersport globalt. Vi byder partnerskaber velkommen med organisationer, der deler vores vision om at hj\u00e6lpe spillere med at pr\u00e6stere bedre gennem kvalitetsopstrengning.<\/p>\n\n<\/div>\n<\/div>\n\n<div class=\"gb-container gb-container-37db13f4\">\n\n<div class=\"gb-container gb-container-3021f73c\">\n\n\n\n<h3 class=\"gb-headline gb-headline-e5c79f72 gb-headline-text\"><span class=\"ez-toc-section\" id=\"Vores_samarbejds-tilgang\"><\/span>Vores samarbejds-<mark style=\"background-color:rgba(0, 0, 0, 0)\" class=\"has-inline-color has-global-color-9-color\">tilgang<\/mark><span class=\"ez-toc-section-end\"><\/span><\/h3>\n\n\n\n\n<p class=\"gb-headline gb-headline-7d760a3f gb-headline-text\">1.<strong> F\u00e6lles vision:<\/strong><br>Vi s\u00f8ger organisationer, der er engagerede i at forbedre spilleres pr\u00e6stationer, ikke kun profit.<br>2.<strong> Uddannelsesm\u00e6ssig integritet:<\/strong><br>Partnere b\u00f8r opretholde strenge, gennemsigtige eksamensprocesser.<br>3. <strong>Omfattende tr\u00e6ning:<\/strong><br>Vi v\u00e6rds\u00e6tter programmer, der d\u00e6kker koncepter, logik og teori inden for opstrengning af ketsjere i dybden.<br>4.<strong> Spiller-centreret fokus:<\/strong><br>Samarbejdspartnere skal prioritere spilleres behov og forbedring.<br>5.<strong> Kontinuerlig forbedring:<\/strong><br>Vi leder efter organisationer, der er dedikerede til l\u00f8bende forbedring af opstrengningsteknikker og uddannelse.<\/p>\n\n<\/div>\n<\/div>\n\n<div class=\"gb-container gb-container-8072e76b\">\n\n<div class=\"gb-container gb-container-eabf3753\">\n\n\n\n<h3 class=\"gb-headline gb-headline-0ad93116 gb-headline-text\"><span class=\"ez-toc-section\" id=\"Anerkendelsesproces\"><\/span><strong><mark style=\"background-color:rgba(0, 0, 0, 0)\" class=\"has-inline-color has-global-color-9-color\">Anerkendelses<\/mark>proces<\/strong><span class=\"ez-toc-section-end\"><\/span><\/h3>\n\n\n\n\n<p class=\"gb-headline gb-headline-0e4cbc73 gb-headline-text\">Organisationer, der er interesserede i gensidig anerkendelse, kan:<br>1. Indsende deres pensum og eksamensproces til gennemgang<br>2. Demonstrere overensstemmelse med BSW&#8217;s uddannelsesstandarder<br>3. Vise bevis for deres engagement i at forbedre spillere<br>4. Give eksempler p\u00e5, hvordan de anvender teorien om opstrengning i praksis<\/p>\n\n<\/div>\n<\/div>\n\n<div class=\"gb-container gb-container-90ecf704\">\n\n<div class=\"gb-container gb-container-5939e332\">\n\n\n\n<h3 class=\"gb-headline gb-headline-fd44004c gb-headline-text\"><span class=\"ez-toc-section\" id=\"Fordele_ved_samarbejde\"><\/span><strong><mark style=\"background-color:rgba(0, 0, 0, 0)\" class=\"has-inline-color has-global-color-9-color\">Fordele<\/mark> ved samarbejde<\/strong><span class=\"ez-toc-section-end\"><\/span><\/h3>\n\n\n\n\n<p class=\"gb-headline gb-headline-053891c0 gb-headline-text\">1. Deling af bedste praksis inden for uddannelse i opstrengning af ketsjere<br>2. Gensidig anerkendelse af certificeringer, hvilket udvider mulighederne for opstrengere<br>3. F\u00e6lles forskningsinitiativer for at fremme forst\u00e5elsen af ketsjerteknologi<br>4. Samarbejdsworkshops for at forbedre globale standarder for opstrengning<\/p>\n\n<\/div>\n<\/div>\n\n<div class=\"gb-container gb-container-8ae3b9c0\">\n\n<div class=\"gb-container gb-container-0033085e\">\n\n\n\n<p>Vores m\u00e5l er at skabe et netv\u00e6rk af udbydere af h\u00f8jkvalitets uddannelse i opstrengning af ketsjere. Gennem disse samarbejder sigter vi mod at h\u00e6ve standarden for opstrengning p\u00e5 verdensplan, hvilket i sidste ende kommer spillere p\u00e5 alle niveauer til gode.<\/p>\n\n\n\n\n<p>Hvis din organisation deler disse v\u00e6rdier og gerne vil unders\u00f8ge muligheden for et samarbejde, bedes du kontakte os p\u00e5 <strong><a href=\"mailto:info@beststringer.com\">info@beststringer.com<\/a><\/strong>.<\/p>\n\n\n\n\n<p>Sammen kan vi forbedre ketsjersport gennem bedre uddannelse i opstrengning af ketsjere.<\/p>\n\n\n\n\n<figure class=\"gb-block-image gb-block-image-5ab81a85\"><img loading=\"lazy\" decoding=\"async\" width=\"819\" height=\"372\" class=\"gb-image gb-image-5ab81a85\" src=\"https:\/\/beststringer.com\/wp-content\/uploads\/2024\/10\/Collaborations-and-Recognitions-Best-Stringer-Worldwide-Racquet-Stringing-Certification.png\" alt=\"Samarbejder og anerkendelser BSW certificering i opstrengning af ketsjer i {{COUNTRY_LOCAL}}\" title=\"Samarbejder og anerkendelser BSW certificering i opstrengning af ketsjer i {{COUNTRY_LOCAL}}\" srcset=\"https:\/\/beststringer.com\/wp-content\/uploads\/2024\/10\/Collaborations-and-Recognitions-Best-Stringer-Worldwide-Racquet-Stringing-Certification.png 819w, https:\/\/beststringer.com\/wp-content\/uploads\/2024\/10\/Collaborations-and-Recognitions-Best-Stringer-Worldwide-Racquet-Stringing-Certification-300x136.png 300w, https:\/\/beststringer.com\/wp-content\/uploads\/2024\/10\/Collaborations-and-Recognitions-Best-Stringer-Worldwide-Racquet-Stringing-Certification-768x349.png 768w\" sizes=\"auto, (max-width: 819px) 100vw, 819px\" \/><\/figure>\n\n<\/div>\n<\/div>\n<\/div>\n\n<section class=\"gb-container gb-container-21e3c652\">\n\n<div class=\"gb-container gb-container-11344779\">\n\n\n\n<h3 class=\"gb-headline gb-headline-39f4cce2 gb-headline-text\"><span class=\"ez-toc-section\" id=\"Samarbejder_og_anerkendelser_inden_for_opstrengning_af_ketsjere_globalt\"><\/span>Samarbejder og anerkendelser inden for opstrengning af ketsjere globalt<span class=\"ez-toc-section-end\"><\/span><\/h3>\n\n\n\n\n<p class=\"gb-headline gb-headline-c6c5990e gb-headline-text\">Opdag, hvordan BSW samarbejder med organisationer verden over for at forbedre uddannelsen i opstrengning af ketsjere. Denne video forklarer vores samarbejdstilgang, herunder hvordan vi udv\u00e6lger partnere, vores anerkendelsesproces og fordelene for opstrengere og spillere. L\u00e6r, hvorfor samarbejde inden for uddannelse i opstrengning er vigtigt for fremtiden for tennis, badminton og squash.<\/p>\n\n\n<div class=\"gb-container gb-container-ec1a2ce6\">\n\n<div class=\"gb-container gb-container-238a634b\"><\/div>\n\n<\/div>\n\n\n\n<div id=\"youtube-player\"><\/div>\n<script>\nvar videoLoaded = false;\n\n\nfunction loadYouTubeVideo() {\nif (videoLoaded) return;\nvideoLoaded = true;\nvar tag = document.createElement('script');\ntag.src = \"https:\/\/www.youtube.com\/iframe_api\";\nvar firstScriptTag = document.getElementsByTagName('script')[0];\nfirstScriptTag.parentNode.insertBefore(tag, firstScriptTag);\n}\n\nfunction onYouTubeIframeAPIReady() {\nnew YT.Player('youtube-player', {\nheight: '360',\nwidth: '640',\nvideoId: 'B_reXwT_Stw', \/\/ Your video ID\nevents: {\n'onReady': onPlayerReady\n}\n});\n}\n\nfunction onPlayerReady(event) {\n\/\/ Video is ready to play\n}\n\n\/\/ Load the YouTube API script when the page is scrolled\nwindow.addEventListener('scroll', loadYouTubeVideo, { once: true });\n\n\/\/ Also load if the user hasn't scrolled after 3 seconds\nsetTimeout(loadYouTubeVideo, 3000);\n<\/script>\n\n\n\n<\/div>\n\n<\/section>\n\n<section class=\"gb-container gb-container-49b9586e\">\n\n<div class=\"gb-container gb-container-a2e9522c\"><\/div>\n\n<div class=\"gb-container gb-container-0e11192a\">\n\n\n\n<h3 class=\"gb-headline gb-headline-5cf408ee gb-headline-text\"><span class=\"ez-toc-section\" id=\"Bliv_en_del_af_BSWs_globale_netvaerk_for_opstrengning\"><\/span>Bliv en del af BSW&#8217;s globale netv\u00e6rk for opstrengning<span class=\"ez-toc-section-end\"><\/span><\/h3>\n\n\n<div class=\"gb-container gb-container-daaa2e63\">\n\n<div class=\"gb-container gb-container-bda621fe\"><\/div>\n\n<div class=\"gb-container gb-container-4b0ac72b\"><\/div>\n\n<\/div>\n\n\n\n<p class=\"gb-headline gb-headline-edf98545 gb-headline-text\">Del viden og forbedr uddannelsen i opstrengning af ketsjere p\u00e5 verdensplan. L\u00e6r, hvordan din organisation kan samarbejde med BSW for at fremme standarderne inden for ketsjersport.<\/p>\n\n\n\n\n\n<a class=\"gb-button gb-button-a29641e0 gb-button-text\" href=\"https:\/\/beststringer.com\/da\/global-stringing-skills-certification\/\">Global f\u00e6rdighedscertificering<\/a>\n\n\n\n<\/div>\n\n<\/section>\n","protected":false},"excerpt":{"rendered":"<p>Hos Best Stringer Worldwide (BSW) tror vi p\u00e5 styrken i samarbejde for at fremme uddannelse inden for opstrengning af ketsjere og forbedre ketsjersport globalt. Vi byder partnerskaber velkommen med organisationer, der deler vores vision om at hj\u00e6lpe spillere med at pr\u00e6stere bedre gennem kvalitetsopstrengning. Vores samarbejds-tilgang 1. F\u00e6lles vision:Vi s\u00f8ger organisationer, der er engagerede i &#8230; <a title=\"BSW Samarbejder | Fremmer Uddannelse inden for Strenging og Stringer\" class=\"read-more\" href=\"https:\/\/beststringer.com\/da\/collaborations-and-recognitions\/\" aria-label=\"Read more about BSW Samarbejder | Fremmer Uddannelse inden for Strenging og Stringer\">L\u00e6s Mere<\/a><\/p>\n","protected":false},"author":1,"featured_media":51182,"parent":0,"menu_order":0,"comment_status":"closed","ping_status":"closed","template":"","meta":{"footnotes":""},"class_list":{"0":"post-51181","1":"page","2":"type-page","3":"status-publish","4":"has-post-thumbnail","6":"infinite-scroll-item"},"_links":{"self":[{"href":"https:\/\/beststringer.com\/da\/wp-json\/wp\/v2\/pages\/51181","targetHints":{"allow":["GET"]}}],"collection":[{"href":"https:\/\/beststringer.com\/da\/wp-json\/wp\/v2\/pages"}],"about":[{"href":"https:\/\/beststringer.com\/da\/wp-json\/wp\/v2\/types\/page"}],"author":[{"embeddable":true,"href":"https:\/\/beststringer.com\/da\/wp-json\/wp\/v2\/users\/1"}],"replies":[{"embeddable":true,"href":"https:\/\/beststringer.com\/da\/wp-json\/wp\/v2\/comments?post=51181"}],"version-history":[{"count":0,"href":"https:\/\/beststringer.com\/da\/wp-json\/wp\/v2\/pages\/51181\/revisions"}],"wp:featuredmedia":[{"embeddable":true,"href":"https:\/\/beststringer.com\/da\/wp-json\/wp\/v2\/media\/51182"}],"wp:attachment":[{"href":"https:\/\/beststringer.com\/da\/wp-json\/wp\/v2\/media?parent=51181"}],"curies":[{"name":"wp","href":"https:\/\/api.w.org\/{rel}","templated":true}]}}