{"id":44224,"date":"2023-01-21T22:53:14","date_gmt":"2023-01-21T22:53:14","guid":{"rendered":"https:\/\/beststringer.com\/contact\/"},"modified":"2025-09-26T06:49:07","modified_gmt":"2025-09-26T06:49:07","slug":"contact","status":"publish","type":"page","link":"https:\/\/beststringer.com\/da\/contact\/","title":{"rendered":"Kontakt Os"},"content":{"rendered":"<section class=\"gb-container gb-container-59128a37\">\n\n<div class=\"gb-container gb-container-2a36c822\">\n\n\n\n<h2 class=\"gb-headline gb-headline-6907d725 gb-headline-text\">Kontakt Best Stringer Worldwide (Kurser for opstrengere i badminton, tennis og squash)<\/h2>\n\n\n\n\n<p><strong>Bem\u00e6rk venligst<\/strong>: For foresp\u00f8rgsler vedr\u00f8rende kurser i opstrengning af ketsjer eller kommende certificeringskurser, bedes du bes\u00f8ge din regionale hjemmeside.<\/p>\n\n\n\n\n<p><strong>For ans\u00f8gere<\/strong>: For at ans\u00f8ge om et kursus eller en certificering for opstrengere i badminton, tennis eller squash skal du bruge knappen &#8220;<a href=\"https:\/\/beststringer.com\/stringing-course-application\/\"><strong>Ans\u00f8gning<\/strong><\/a>&#8221; ovenfor. Dette hj\u00e6lper vores BSW-certificeringscensorer med at l\u00e6re mere om din baggrund.<\/p>\n\n\n<div class=\"gb-container gb-container-5b4ac1a6\">\n\n\n\n<h2 class=\"gb-headline gb-headline-dcb2ee94 gb-headline-text\">Om BSW Professionel Opstrenger-certificering (Opstrengning af ketsjer)<\/h2>\n\n\n\n\n<p>Best Stringer Worldwide tilbyder <strong>kurser for opstrengere i badminton, tennis og squash<\/strong> for alle niveauer. Vores <strong>Certificeringskursus for opstrengere<\/strong> giver professionel tr\u00e6ning til dem, der \u00f8nsker at avancere yderligere.<\/p>\n\n\n\n\n<p>Studerende, der gennemf\u00f8rer vores programmer, modtager et <strong>certifikat i opstrengning af badminton-, tennis- og squashketsjere<\/strong>, der viser, hvad de har l\u00e6rt. <strong>Certifikatet som internationalt certificeret opstrenger<\/strong> er anerkendt af Best Stringer Worldwide sammen med <a href=\"https:\/\/beststringer.com\/da\/international-stringer-accreditation-isa\/\"><strong>ISA (International Stringer Accreditation)<\/strong><\/a>. F\u00e6rdiguddannede kan blive medlem af vores <strong>Pro Stringer Worldwide Network<\/strong> af certificerede fagfolk.<\/p>\n\n\n\n\n<p><strong>Bem\u00e6rk<\/strong>: For information om kurser i opstrengning af badmintonketsjere i dit omr\u00e5de, bedes du tjekke din regionale hjemmeside.<\/p>\n\n\n\n\n<iframe src=\"https:\/\/www.google.com\/maps\/embed?pb=!1m18!1m12!1m3!1d3983.512110481107!2d101.72853037497148!3d3.22182909675331!2m3!1f0!2f0!3f0!3m2!1i1024!2i768!4f13.1!3m3!1m2!1s0x31cc3940e852d0e3%3A0xe7b0509976b40fd3!2sBest%20Stringer%20Worldwide%20(BSW)!5e0!3m2!1sen!2smy!4v1732376142879!5m2!1sen!2smy\" width=\"600\" height=\"450\" style=\"border:0;\" allowfullscreen=\"\" loading=\"lazy\" referrerpolicy=\"no-referrer-when-downgrade\"><\/iframe>\n\n<\/div>\n<\/div>\n\n<div class=\"gb-container gb-container-3ad0dd62\">\n\n<div class=\"gb-container gb-container-98d407db\">\n\n\n\n<h3 class=\"gb-headline gb-headline-641c0722 gb-headline-text\">BSW Kontaktoplysninger<\/h3>\n\n\n\n\n<p class=\"gb-headline gb-headline-dfc34795 gb-headline-text\">(Kursus og certificering i opstrengning af ketsjer)<\/p>\n\n\n\n\n<p>Generelle henvendelser og information: <a href=\"mailto:general@beststringer.com\">beststringerworldwide@gmail.com<\/a><\/p>\n\n\n\n\n<p>BSW (Best Stringer Worldwide) er dedikeret til at opretholde kvalitetsstandarder for certificering og vil behandle klager eller feedback vedr\u00f8rende utilfredsstillende opstrengning udf\u00f8rt af BSW-certificerede opstrengere.<\/p>\n\n<\/div>\n\n<div class=\"gb-container gb-container-979a73e3\">\n\n\n\n<h3 class=\"gb-headline gb-headline-4270ba4f gb-headline-text\">Programmets <mark class=\"gb-highlight\">\u00e5bningstider<\/mark><\/h3>\n\n\n<div class=\"gb-container gb-container-3afbe1fd\">\n\n\n\n<p class=\"gb-headline gb-headline-c9e792f4 gb-headline-text\">Mandag<\/p>\n\n\n\n\n<p class=\"gb-headline gb-headline-f5f04483 gb-headline-text\">09:00 &#8211; 18:00<\/p>\n\n<\/div>\n\n<div class=\"gb-container gb-container-96995c8e\">\n\n\n\n<p class=\"gb-headline gb-headline-213d30b6 gb-headline-text\">Tirsdag<\/p>\n\n\n\n\n<p class=\"gb-headline gb-headline-6c963cee gb-headline-text\">09:00 &#8211; 18:00<\/p>\n\n<\/div>\n\n<div class=\"gb-container gb-container-0701bc76\">\n\n\n\n<p class=\"gb-headline gb-headline-7952cce9 gb-headline-text\">Onsdag<\/p>\n\n\n\n\n<p class=\"gb-headline gb-headline-c2bd6fe9 gb-headline-text\">09:00 &#8211; 18:00<\/p>\n\n<\/div>\n\n<div class=\"gb-container gb-container-19030fca\">\n\n\n\n<p class=\"gb-headline gb-headline-ca89f9a0 gb-headline-text\">Torsdag<\/p>\n\n\n\n\n<p class=\"gb-headline gb-headline-c1d739e4 gb-headline-text\">09:00 &#8211; 18:00<\/p>\n\n<\/div>\n\n<div class=\"gb-container gb-container-1020cc21\">\n\n\n\n<p class=\"gb-headline gb-headline-87c5890e gb-headline-text\">Fredag<\/p>\n\n\n\n\n<p class=\"gb-headline gb-headline-969b20ce gb-headline-text\">09:00 &#8211; 18:00<\/p>\n\n<\/div>\n\n<div class=\"gb-container gb-container-3cd40d1a\">\n\n\n\n<p class=\"gb-headline gb-headline-9b3ff58c gb-headline-text\">L\u00f8rdag<\/p>\n\n\n\n\n<p class=\"gb-headline gb-headline-1c223e37 gb-headline-text\">09:00 &#8211; 18:00<\/p>\n\n<\/div>\n\n<div class=\"gb-container gb-container-6b5d7a89\">\n\n\n\n<p class=\"gb-headline gb-headline-f7d34d62 gb-headline-text\">S\u00f8ndag<\/p>\n\n\n\n\n\n<span class=\"gb-button gb-button-3411c3f5 gb-button-text\">Lukket<\/span>\n\n\n\n<\/div>\n\n<\/div>\n\n<\/div>\n\n<\/section>\n","protected":false},"excerpt":{"rendered":"<p>Kontakt Best Stringer Worldwide (Kurser for opstrengere i badminton, tennis og squash) Bem\u00e6rk venligst: For foresp\u00f8rgsler vedr\u00f8rende kurser i opstrengning af ketsjer eller kommende certificeringskurser, bedes du bes\u00f8ge din regionale hjemmeside. For ans\u00f8gere: For at ans\u00f8ge om et kursus eller en certificering for opstrengere i badminton, tennis eller squash skal du bruge knappen &#8220;Ans\u00f8gning&#8221; ovenfor. &#8230; <a title=\"Kontakt Os\" class=\"read-more\" href=\"https:\/\/beststringer.com\/da\/contact\/\" aria-label=\"Read more about Kontakt Os\">L\u00e6s Mere<\/a><\/p>\n","protected":false},"author":1,"featured_media":0,"parent":0,"menu_order":0,"comment_status":"closed","ping_status":"closed","template":"","meta":{"footnotes":""},"class_list":{"0":"post-44224","1":"page","2":"type-page","3":"status-publish","5":"infinite-scroll-item"},"_links":{"self":[{"href":"https:\/\/beststringer.com\/da\/wp-json\/wp\/v2\/pages\/44224","targetHints":{"allow":["GET"]}}],"collection":[{"href":"https:\/\/beststringer.com\/da\/wp-json\/wp\/v2\/pages"}],"about":[{"href":"https:\/\/beststringer.com\/da\/wp-json\/wp\/v2\/types\/page"}],"author":[{"embeddable":true,"href":"https:\/\/beststringer.com\/da\/wp-json\/wp\/v2\/users\/1"}],"replies":[{"embeddable":true,"href":"https:\/\/beststringer.com\/da\/wp-json\/wp\/v2\/comments?post=44224"}],"version-history":[{"count":0,"href":"https:\/\/beststringer.com\/da\/wp-json\/wp\/v2\/pages\/44224\/revisions"}],"wp:attachment":[{"href":"https:\/\/beststringer.com\/da\/wp-json\/wp\/v2\/media?parent=44224"}],"curies":[{"name":"wp","href":"https:\/\/api.w.org\/{rel}","templated":true}]}}