{"id":42597,"date":"2024-08-30T02:53:33","date_gmt":"2024-08-30T02:53:33","guid":{"rendered":"https:\/\/beststringer.com\/find-best-stringer\/"},"modified":"2026-04-17T08:00:50","modified_gmt":"2026-04-17T08:00:50","slug":"find-best-stringer","status":"publish","type":"page","link":"https:\/\/beststringer.com\/da\/find-best-stringer\/","title":{"rendered":"Find de Bedste Certificerede Strengere Pro t\u00e6t p\u00e5 dig"},"content":{"rendered":"<section class=\"gb-container gb-container-3a9f20fb\">\n\n<h3 class=\"gb-headline gb-headline-5cf408ee gb-headline-text\">Internationale Opstrengere i Verdensklasse<\/h3>\n\n\n<div class=\"gb-container gb-container-daaa2e63\">\n<div class=\"gb-container gb-container-bda621fe\"><\/div>\n\n<div class=\"gb-container gb-container-4b0ac72b\"><\/div>\n<\/div>\n\n\n<p>Best Stringer Worldwide (BSW) er en liste over opstrengere fra hele verden, der har opn\u00e5et det h\u00f8jeste faglige niveau inden for opstrengning af ketsjere. At v\u00e6re p\u00e5 denne liste er en anerkendelse af deres dybdeg\u00e5ende viden om opstrengning og bekr\u00e6fter deres status som professionelle opstrengere i topklasse.<\/p>\n\n\n<div id=\"footable_parent_68883\"\n         class=\" footable_parent ninja_table_wrapper loading_ninja_table wp_table_data_press_parent bootstrap3 colored_table\">\n                <table data-ninja_table_instance=\"ninja_table_instance_0\" data-footable_id=\"68883\" data-filter-delay=\"1000\" aria-label=\"Best Stringer List - DA\"            id=\"footable_68883\"\n           data-unique_identifier=\"ninja_table_unique_id_4043587153_68883\"\n           class=\" foo-table ninja_footable foo_table_68883 ninja_table_unique_id_4043587153_68883 table  ninja_search_right nt_type_legacy_table vertical_centered ninja_custom_color inverted footable-paging-right ninja_table_pro\">\n                <colgroup>\n                            <col class=\"ninja_column_0 \">\n                            <col class=\"ninja_column_1 \">\n                            <col class=\"ninja_column_2 \">\n                            <col class=\"ninja_column_3 \">\n                            <col class=\"ninja_column_4 \">\n                            <col class=\"ninja_column_5 \">\n                            <col class=\"ninja_column_6 \">\n                            <col class=\"ninja_column_7 \">\n                            <col class=\"ninja_column_8 \">\n                    <\/colgroup>\n        <thead>\n<tr class=\"footable-header\">\n                                                                                                                                                        <th scope=\"col\"  class=\"ninja_column_0 ninja_clmn_nm_plugin \">Navn<\/th><th scope=\"col\"  class=\"ninja_column_1 ninja_clmn_nm_image \">Opstrenger<\/th><th scope=\"col\"  class=\"ninja_column_2 ninja_clmn_nm_gender \">K\u00f8n<\/th><th scope=\"col\"  class=\"ninja_column_3 ninja_clmn_nm_id \">ID<\/th><th scope=\"col\"  class=\"ninja_column_4 ninja_clmn_nm_contact  \">Land<\/th><th scope=\"col\"  class=\"ninja_column_5 ninja_clmn_nm_specialty \">Speciale<\/th><th scope=\"col\"  class=\"ninja_column_6 ninja_clmn_nm_strength \">Styrker<\/th><th scope=\"col\"  class=\"ninja_column_7 ninja_clmn_nm_rating \">Certificering<\/th><th scope=\"col\"  class=\"ninja_column_8 ninja_clmn_nm_download \">Regionsprofil<\/th><\/tr>\n<\/thead>\n<tbody>\n\n        <tr data-row_id=\"6863\" class=\"ninja_table_row_0 nt_row_id_6863\">\n            <td><strong>Jimmy Johanes Tjandra<\/strong><\/td><td data-json_values={\"permalink\":\"\",\"image_thumb\":\"https:\\\/\\\/beststringer.com\\\/wp-content\\\/uploads\\\/2026\\\/01\\\/Jimmy-Johanes-Tjandra-BSW-Certified-Badminton-Stringer-from-Kupang-Indonesia-Certified-Stringer-Pro-Stringer-300x300.jpg\",\"image_full\":\"https:\\\/\\\/beststringer.com\\\/wp-content\\\/uploads\\\/2026\\\/01\\\/Jimmy-Johanes-Tjandra-BSW-Certified-Badminton-Stringer-from-Kupang-Indonesia-Certified-Stringer-Pro-Stringer.jpg\",\"alt_text\":\"Jimmy Johanes Tjandra - BSW Certified Badminton Stringer from Kupang Indonesia Certified Stringer Pro Stringer\"}><img decoding=\"async\" alt=\"Jimmy Johanes Tjandra - BSW Certified Badminton Stringer from Kupang Indonesia Certified Stringer Pro Stringer\" class=\"nt_image_type_thumb\" src=\"https:\/\/beststringer.com\/wp-content\/uploads\/2026\/01\/Jimmy-Johanes-Tjandra-BSW-Certified-Badminton-Stringer-from-Kupang-Indonesia-Certified-Stringer-Pro-Stringer-300x300.jpg\"\/><\/td><td>Mand<\/td><td>BS260100013<\/td><td>Indonesien<\/td><td>Badminton<\/td><td>2 knuder, 4 knuder, Around the World<\/td><td><p style=\"text-align: center;\">Certificeret badmintonopstrenger (CBS)\u00a0<br \/>Certificeret Stringer Pro<strong><\/strong><\/p><\/td><td><a target=\"_self\"  class=\"nt_btn nt_rounded_btn\" style=\"color: rgba(255, 255, 255, 1);background-color: rgba(47, 69, 157, 1);border-color: rgba(54, 184, 42, 1);\" rel=\"\" href=\"https:\/\/beststringer.com\/da\/stringers\/indonesia\/kupang\/jimmy-johanes-tjandra\/\">Se opstrenger<\/a><\/td>        <\/tr>\n            <tr data-row_id=\"6862\" class=\"ninja_table_row_1 nt_row_id_6862\">\n            <td><strong><span class=\"OYPEnA font-feature-liga-off font-feature-clig-off font-feature-calt-off text-decoration-none text-strikethrough-none\">Purnomo<\/span><\/strong><\/td><td data-json_values={\"permalink\":\"\",\"image_thumb\":\"https:\\\/\\\/beststringer.com\\\/wp-content\\\/uploads\\\/2025\\\/08\\\/Purnomo-BSW-Certified-Badminton-Stringer-from-Batam-Indonesia-Certified-Stringer-Pro-Stringer-300x300.jpg\",\"image_full\":\"https:\\\/\\\/beststringer.com\\\/wp-content\\\/uploads\\\/2025\\\/08\\\/Purnomo-BSW-Certified-Badminton-Stringer-from-Batam-Indonesia-Certified-Stringer-Pro-Stringer.jpg\",\"alt_text\":\"Purnomo - BSW Certified Badminton Stringer from Batam Indonesia Certified Stringer Pro Stringer\"}><img decoding=\"async\" alt=\"Purnomo - BSW Certified Badminton Stringer from Batam Indonesia Certified Stringer Pro Stringer\" class=\"nt_image_type_thumb\" src=\"https:\/\/beststringer.com\/wp-content\/uploads\/2025\/08\/Purnomo-BSW-Certified-Badminton-Stringer-from-Batam-Indonesia-Certified-Stringer-Pro-Stringer-300x300.jpg\"\/><\/td><td>Mand<\/td><td>BS250828010<\/td><td>Indonesien<\/td><td>Badminton<\/td><td>2 knuder, 4 knuder, Around the World<\/td><td><p style=\"text-align: center;\">Certificeret badmintonopstrenger (CBS)\u00a0<br \/>Certificeret Stringer Pro<strong><\/strong><\/p><\/td><td><a target=\"_self\"  class=\"nt_btn nt_rounded_btn\" style=\"color: rgba(255, 255, 255, 1);background-color: rgba(47, 69, 157, 1);border-color: rgba(54, 184, 42, 1);\" rel=\"\" href=\"https:\/\/beststringer.com\/da\/stringers\/indonesia\/batam\/purnomo\/\">Se opstrenger<\/a><\/td>        <\/tr>\n            <tr data-row_id=\"6861\" class=\"ninja_table_row_2 nt_row_id_6861\">\n            <td><strong><span class=\"OYPEnA font-feature-liga-off font-feature-clig-off font-feature-calt-off text-decoration-none text-strikethrough-none\">Mevyn Chin<\/span><\/strong><\/td><td data-json_values={\"permalink\":\"\",\"image_thumb\":\"https:\\\/\\\/beststringer.com\\\/wp-content\\\/uploads\\\/2025\\\/09\\\/Melvin-Chin-BSW-Certified-Badminton-Stringer-from-Ireland-300x300.jpg\",\"image_full\":\"https:\\\/\\\/beststringer.com\\\/wp-content\\\/uploads\\\/2025\\\/09\\\/Melvin-Chin-BSW-Certified-Badminton-Stringer-from-Ireland.jpg\",\"alt_text\":\"Melvin Chin - BSW Certified Badminton Stringer from Ireland\"}><img decoding=\"async\" alt=\"Melvin Chin - BSW Certified Badminton Stringer from Ireland\" class=\"nt_image_type_thumb\" src=\"https:\/\/beststringer.com\/wp-content\/uploads\/2025\/09\/Melvin-Chin-BSW-Certified-Badminton-Stringer-from-Ireland-300x300.jpg\"\/><\/td><td>Mand<\/td><td>BS250112005<\/td><td>Irland<\/td><td>Badminton<\/td><td>2 knuder, 4 knuder, Around the World<\/td><td><p style=\"text-align: center;\">Certificeret badmintonopstrenger (CBS)\u00a0<br \/>Certificeret Stringer Pro<strong><\/strong><\/p><\/td><td><a target=\"_self\"  class=\"nt_btn nt_rounded_btn\" style=\"color: rgba(255, 255, 255, 1);background-color: rgba(47, 69, 157, 1);border-color: rgba(54, 184, 42, 1);\" rel=\"\" href=\"https:\/\/beststringer.com\/da\/stringers\/ireland\/cork\/mevyn-chin\/\">Se opstrenger<\/a><\/td>        <\/tr>\n            <tr data-row_id=\"6860\" class=\"ninja_table_row_3 nt_row_id_6860\">\n            <td><strong><span class=\"OYPEnA font-feature-liga-off font-feature-clig-off font-feature-calt-off text-decoration-none text-strikethrough-none\">Leow Yee Peng<\/span><\/strong><\/td><td data-json_values={\"permalink\":\"\",\"image_thumb\":\"https:\\\/\\\/beststringer.com\\\/wp-content\\\/uploads\\\/2025\\\/05\\\/Leow-Yee-Peng-participating-in-BSW-stringing-training-session-Certified-Stringer-300x300.jpg\",\"image_full\":\"https:\\\/\\\/beststringer.com\\\/wp-content\\\/uploads\\\/2025\\\/05\\\/Leow-Yee-Peng-participating-in-BSW-stringing-training-session-Certified-Stringer.jpg\",\"alt_text\":\"Leow Yee Peng participating in BSW stringing training session Certified Stringer\"}><img decoding=\"async\" alt=\"Leow Yee Peng participating in BSW stringing training session Certified Stringer\" class=\"nt_image_type_thumb\" src=\"https:\/\/beststringer.com\/wp-content\/uploads\/2025\/05\/Leow-Yee-Peng-participating-in-BSW-stringing-training-session-Certified-Stringer-300x300.jpg\"\/><\/td><td>Kvinde<\/td><td>BS250112003<\/td><td>Malaysia<\/td><td>Badminton<\/td><td>2 knuder, 4 knuder, Around the World<\/td><td><p style=\"text-align: center;\">Certificeret badmintonopstrenger (CBS)<br \/>Certificeret Stringer Pro<strong><br \/><\/strong><\/p><\/td><td><a target=\"_self\"  class=\"nt_btn nt_rounded_btn\" style=\"color: rgba(255, 255, 255, 1);background-color: rgba(47, 69, 157, 1);border-color: rgba(54, 184, 42, 1);\" rel=\"\" href=\"https:\/\/beststringer.com\/da\/stringers\/malaysia\/kedah\/langkawi\/kuah\/leow-yee-peng\/\">Se opstrenger<\/a><\/td>        <\/tr>\n            <tr data-row_id=\"6859\" class=\"ninja_table_row_4 nt_row_id_6859\">\n            <td><strong>Jeremy Chiang<\/strong><\/td><td data-json_values={\"permalink\":\"\",\"image_thumb\":\"https:\\\/\\\/beststringer.com\\\/wp-content\\\/uploads\\\/2025\\\/04\\\/jeremy-chiang-certified-badminton-stringer-300x300.jpg\",\"image_full\":\"https:\\\/\\\/beststringer.com\\\/wp-content\\\/uploads\\\/2025\\\/04\\\/jeremy-chiang-certified-badminton-stringer.jpg\",\"alt_text\":\"Jeremy Chiang Certified Badminton Stringer Singapore\"}><img decoding=\"async\" alt=\"Jeremy Chiang Certified Badminton Stringer Singapore\" class=\"nt_image_type_thumb\" src=\"https:\/\/beststringer.com\/wp-content\/uploads\/2025\/04\/jeremy-chiang-certified-badminton-stringer-300x300.jpg\"\/><\/td><td>Mand<\/td><td>BS250323008<\/td><td>Singapore<\/td><td>Badminton<\/td><td>2 knuder, 4 knuder, Around the World<\/td><td><p style=\"text-align: center;\">Certificeret badmintonopstrenger (CBS)<br \/>Certificeret Stringer Pro<strong><br \/><\/strong><\/p><\/td><td><a target=\"_self\"  class=\"nt_btn nt_rounded_btn\" style=\"color: rgba(255, 255, 255, 1);background-color: rgba(47, 69, 157, 1);border-color: rgba(54, 184, 42, 1);\" rel=\"\" href=\"https:\/\/beststringer.com\/da\/stringers\/singapore\/paya-lebar\/jeremy-chiang\/\">Se opstrenger<\/a><\/td>        <\/tr>\n            <tr data-row_id=\"6858\" class=\"ninja_table_row_5 nt_row_id_6858\">\n            <td><strong>Kek He Jing<\/strong><\/td><td data-json_values={\"permalink\":\"\",\"image_thumb\":\"https:\\\/\\\/beststringer.com\\\/wp-content\\\/uploads\\\/2025\\\/01\\\/Personal-Badminton-Playing-and-Stringing-Background-Kek-He-Jing-Stringer-by-BSW-Certified-Stringer-300x300.jpg\",\"image_full\":\"https:\\\/\\\/beststringer.com\\\/wp-content\\\/uploads\\\/2025\\\/01\\\/Personal-Badminton-Playing-and-Stringing-Background-Kek-He-Jing-Stringer-by-BSW-Certified-Stringer.jpg\",\"alt_text\":\"Personal Badminton Playing and Stringing Background Kek He Jing Stringer by BSW Certified Stringer\"}><img decoding=\"async\" alt=\"Personal Badminton Playing and Stringing Background Kek He Jing Stringer by BSW Certified Stringer\" class=\"nt_image_type_thumb\" src=\"https:\/\/beststringer.com\/wp-content\/uploads\/2025\/01\/Personal-Badminton-Playing-and-Stringing-Background-Kek-He-Jing-Stringer-by-BSW-Certified-Stringer-300x300.jpg\"\/><\/td><td>Mand<\/td><td>BS25010007<\/td><td>Malaysia<\/td><td>Badminton<\/td><td>2 knuder, 4 knuder, Around the World<\/td><td><p style=\"text-align: center;\">Certificeret badmintonopstrenger (CBS)<br \/>Certificeret Stringer Pro<strong><br \/><\/strong><\/p><\/td><td><a target=\"_self\"  class=\"nt_btn nt_rounded_btn\" style=\"color: rgba(255, 255, 255, 1);background-color: rgba(47, 69, 157, 1);border-color: rgba(54, 184, 42, 1);\" rel=\"\" href=\"https:\/\/beststringer.com\/da\/stringers\/malaysia\/johor\/kluang\/kek-he-jing\/\">Se opstrenger<\/a><\/td>        <\/tr>\n            <tr data-row_id=\"6857\" class=\"ninja_table_row_6 nt_row_id_6857\">\n            <td><strong>Siew Ging Yang<\/strong><\/td><td data-json_values={\"permalink\":\"\",\"image_thumb\":\"https:\\\/\\\/beststringer.com\\\/wp-content\\\/uploads\\\/2024\\\/08\\\/Siew-GIng-Yang-Certified-Badminton-Stringer-by-Best-Stringer-Worldwide-300x300.jpg\",\"image_full\":\"https:\\\/\\\/beststringer.com\\\/wp-content\\\/uploads\\\/2024\\\/08\\\/Siew-GIng-Yang-Certified-Badminton-Stringer-by-Best-Stringer-Worldwide.jpg\",\"alt_text\":\"Siew GIng Yang Certified Badminton Stringer by Best Stringer Worldwide\"}><img decoding=\"async\" alt=\"Siew GIng Yang Certified Badminton Stringer by Best Stringer Worldwide\" class=\"nt_image_type_thumb\" src=\"https:\/\/beststringer.com\/wp-content\/uploads\/2024\/08\/Siew-GIng-Yang-Certified-Badminton-Stringer-by-Best-Stringer-Worldwide-300x300.jpg\"\/><\/td><td>Mand<\/td><td>BS24093001<\/td><td>Malaysia<\/td><td>Badminton<\/td><td>2 knuder, 4 knuder, Around the World<\/td><td><p style=\"text-align: center;\">Certificeret badmintonopstrenger (CBS)<br \/>Certificeret Stringer Pro<strong><br \/><\/strong><\/p><\/td><td><a target=\"_self\"  class=\"nt_btn nt_rounded_btn\" style=\"color: rgba(255, 255, 255, 1);background-color: rgba(47, 69, 157, 1);border-color: rgba(54, 184, 42, 1);\" rel=\"\" href=\"https:\/\/beststringer.com\/da\/stringers\/malaysia\/selangor\/cyber-jaya\/siew-ging-yang\/\">Se opstrenger<\/a><\/td>        <\/tr>\n            <tr data-row_id=\"6856\" class=\"ninja_table_row_7 nt_row_id_6856\">\n            <td><strong>Eric Chuar<\/strong><\/td><td data-json_values={\"permalink\":\"\",\"image_thumb\":\"https:\\\/\\\/beststringer.com\\\/wp-content\\\/uploads\\\/2024\\\/11\\\/Eric-Chuar-BSW-Certified-Badminton-Stringer-Malaysia-Setapak-300x300.jpg\",\"image_full\":\"https:\\\/\\\/beststringer.com\\\/wp-content\\\/uploads\\\/2024\\\/11\\\/Eric-Chuar-BSW-Certified-Badminton-Stringer-Malaysia-Setapak.jpg\",\"alt_text\":\"Eric Chuar BSW Certified Badminton Stringer Malaysia Setapak\"}><img decoding=\"async\" alt=\"Eric Chuar BSW Certified Badminton Stringer Malaysia Setapak\" class=\"nt_image_type_thumb\" src=\"https:\/\/beststringer.com\/wp-content\/uploads\/2024\/11\/Eric-Chuar-BSW-Certified-Badminton-Stringer-Malaysia-Setapak-300x300.jpg\"\/><\/td><td>Mand<\/td><td>BS19093000<\/td><td>Malaysia<\/td><td>Badminton, tennis, squash<\/td><td>2 knuder, 4 knuder, Around the World<\/td><td><p style=\"text-align: center;\">Certificeret badmintonopstrenger (CBS)<br \/>Certificeret Stringer Pro<strong><br \/><\/strong><\/p><\/td><td><a target=\"_self\"  class=\"nt_btn nt_rounded_btn\" style=\"color: rgba(255, 255, 255, 1);background-color: rgba(47, 69, 157, 1);border-color: rgba(54, 184, 42, 1);\" rel=\"\" href=\"https:\/\/beststringer.com\/da\/stringers\/malaysia\/kuala-lumpur\/setapak\/eric-chuar\/\">Se opstrenger<\/a><\/td>        <\/tr>\n    <\/tbody><!--ninja_tobody_rendering_done-->\n    <\/table>\n    \n    \n    \n<\/div>\n\n\n<\/section>\n\n<section class=\"gb-container gb-container-9d862364\">\n\n<figure class=\"gb-block-image gb-block-image-f0759e94\"><img loading=\"lazy\" decoding=\"async\" width=\"825\" height=\"282\" class=\"gb-image gb-image-f0759e94\" src=\"https:\/\/beststringer.com\/wp-content\/uploads\/2025\/06\/BSW-certified-stringer-Pro-directory-to-find-qualified-professionals-near-you-for-badminton-tennis-squash-stringing.png\" alt=\"Certified Stringer Pro-uddannelse i opstrengning af ketsjere til badminton, tennis og squash i {{COUNTRY_LOCAL}}\" title=\"Certified Stringer Pro-uddannelse i opstrengning af ketsjere til badminton, tennis og squash i {{COUNTRY_LOCAL}}\" srcset=\"https:\/\/beststringer.com\/wp-content\/uploads\/2025\/06\/BSW-certified-stringer-Pro-directory-to-find-qualified-professionals-near-you-for-badminton-tennis-squash-stringing.png 825w, https:\/\/beststringer.com\/wp-content\/uploads\/2025\/06\/BSW-certified-stringer-Pro-directory-to-find-qualified-professionals-near-you-for-badminton-tennis-squash-stringing-300x103.png 300w, https:\/\/beststringer.com\/wp-content\/uploads\/2025\/06\/BSW-certified-stringer-Pro-directory-to-find-qualified-professionals-near-you-for-badminton-tennis-squash-stringing-768x263.png 768w\" sizes=\"auto, (max-width: 825px) 100vw, 825px\" \/><\/figure>\n\n\n\n<h3 class=\"gb-headline gb-headline-3aa2bd12 gb-headline-text\"><br>Bem\u00e6rkning fra BSW<\/h3>\n\n\n<div class=\"gb-container gb-container-95bc86bb\">\n<div class=\"gb-container gb-container-dcef2d61\"><\/div>\n\n<div class=\"gb-container gb-container-e965f67a\"><\/div>\n<\/div>\n\n\n<p>Disse personer har best\u00e5et kr\u00e6vende praktiske og teoretiske eksamener under <strong>Certified Stringer Pro Certification<\/strong> og har dermed opn\u00e5et certificeringer som:<br><em><strong>CBS &#8211; Certified Badminton Stringer<br>PBS &#8211; Professional Badminton Stringer<br>MBTS &#8211; Master Badminton Tour Stringer<br>CTA &#8211; Certified Tension Advisor<br>CSA &#8211; Certified Stringer Advisor<br>PBSTC &#8211; Professional Badminton String and Tension Consultant<\/strong><\/em><\/p>\n\n<\/section>","protected":false},"excerpt":{"rendered":"<p>Internationale Opstrengere i Verdensklasse Best Stringer Worldwide (BSW) er en liste over opstrengere fra hele verden, der har opn\u00e5et det h\u00f8jeste faglige niveau inden for opstrengning af ketsjere. At v\u00e6re p\u00e5 denne liste er en anerkendelse af deres dybdeg\u00e5ende viden om opstrengning og bekr\u00e6fter deres status som professionelle opstrengere i topklasse. Bem\u00e6rkning fra BSW Disse &#8230; <a title=\"Find de Bedste Certificerede Strengere Pro t\u00e6t p\u00e5 dig\" class=\"read-more\" href=\"https:\/\/beststringer.com\/da\/find-best-stringer\/\" aria-label=\"Read more about Find de Bedste Certificerede Strengere Pro t\u00e6t p\u00e5 dig\">L\u00e6s Mere<\/a><\/p>\n","protected":false},"author":1,"featured_media":42648,"parent":0,"menu_order":0,"comment_status":"closed","ping_status":"closed","template":"","meta":{"footnotes":""},"class_list":{"0":"post-42597","1":"page","2":"type-page","3":"status-publish","4":"has-post-thumbnail","6":"infinite-scroll-item"},"_links":{"self":[{"href":"https:\/\/beststringer.com\/da\/wp-json\/wp\/v2\/pages\/42597","targetHints":{"allow":["GET"]}}],"collection":[{"href":"https:\/\/beststringer.com\/da\/wp-json\/wp\/v2\/pages"}],"about":[{"href":"https:\/\/beststringer.com\/da\/wp-json\/wp\/v2\/types\/page"}],"author":[{"embeddable":true,"href":"https:\/\/beststringer.com\/da\/wp-json\/wp\/v2\/users\/1"}],"replies":[{"embeddable":true,"href":"https:\/\/beststringer.com\/da\/wp-json\/wp\/v2\/comments?post=42597"}],"version-history":[{"count":0,"href":"https:\/\/beststringer.com\/da\/wp-json\/wp\/v2\/pages\/42597\/revisions"}],"wp:featuredmedia":[{"embeddable":true,"href":"https:\/\/beststringer.com\/da\/wp-json\/wp\/v2\/media\/42648"}],"wp:attachment":[{"href":"https:\/\/beststringer.com\/da\/wp-json\/wp\/v2\/media?parent=42597"}],"curies":[{"name":"wp","href":"https:\/\/api.w.org\/{rel}","templated":true}]}}