{"id":41644,"date":"2023-01-21T22:52:31","date_gmt":"2023-01-21T22:52:31","guid":{"rendered":"https:\/\/beststringer.com\/racquet-stringing-training-courses-and-services\/"},"modified":"2025-09-25T07:20:02","modified_gmt":"2025-09-25T07:20:02","slug":"racquet-stringing-training-courses-and-services","status":"publish","type":"page","link":"https:\/\/beststringer.com\/da\/racquet-stringing-training-courses-and-services\/","title":{"rendered":"Kurser &amp; Certificering i Ostrengning af Badmintonketsjere"},"content":{"rendered":"<section class=\"gb-container gb-container-f2eb6521\">\n\n\n\n<p>Find BSW&#8217;s seneste kurser og tr\u00e6ning i opstrengning af ketsjer, udbudt af vores professionelle opstrengningsinstrukt\u00f8r.<\/p>\n\n\n<div class=\"gb-grid-wrapper gb-grid-wrapper-4b9b7e10\">\n\n<div class=\"gb-grid-column gb-grid-column-491939a3\"><div class=\"gb-container gb-container-491939a3\">\n\n\n\n<p class=\"gb-headline gb-headline-6035f175 gb-headline-text\"><strong>BSW<\/strong><\/p>\n\n\n<div class=\"gb-container gb-container-731ae20e\">\n\n<div class=\"gb-container gb-container-d96e7a76\"><\/div>\n\n<\/div>\n\n\n\n<h2 class=\"gb-headline gb-headline-2834ed4d gb-headline-text\">Kursus i badmintonopstrengning<\/h2>\n\n\n\n\n<p class=\"gb-headline gb-headline-23954af5 gb-headline-text\">L\u00e6r grundl\u00e6ggende opstrengningsf\u00e6rdigheder og teknikker til klarg\u00f8ring af ketsjere.<\/p>\n\n\n\n\n\n<a class=\"gb-button gb-button-78ef4961\" href=\"https:\/\/beststringer.com\/zh-hans\/badminton-stringing-course\/\"><span class=\"gb-button-text\">L\u00e6r mere<\/span><span class=\"gb-icon\"><svg viewBox=\"0 0 512 512\" xmlns=\"http:\/\/www.w3.org\/2000\/svg\"><path d=\"M502.6 278.6c12.5-12.5 12.5-32.8 0-45.3l-128-128c-12.5-12.5-32.8-12.5-45.3 0s-12.5 32.8 0 45.3l73.4 73.4H32c-17.7 0-32 14.3-32 32s14.3 32 32 32h370.7l-73.4 73.4c-12.5 12.5-12.5 32.8 0 45.3s32.8 12.5 45.3 0l128-128z\"><\/path><\/svg><\/span><\/a>\n\n\n\n<\/div><\/div>\n\n<div class=\"gb-grid-column gb-grid-column-29bf4487\"><div class=\"gb-container gb-container-29bf4487\">\n\n\n\n<p class=\"gb-headline gb-headline-0a24fd0f gb-headline-text\"><strong>BSW<\/strong><\/p>\n\n\n<div class=\"gb-container gb-container-d0553944\">\n\n<div class=\"gb-container gb-container-09d00176\"><\/div>\n\n<\/div>\n\n\n\n<h2 class=\"gb-headline gb-headline-4addc0f7 gb-headline-text\">Workshop i badmintonopstrengning<\/h2>\n\n\n\n\n<p class=\"gb-headline gb-headline-1c19adbf gb-headline-text\">Mestr professionelle og korrekte metoder til opstrengning af badmintonketsjere.<\/p>\n\n\n\n\n\n<a class=\"gb-button gb-button-80adbc84\" href=\"https:\/\/beststringer.com\/zh-hans\/badminton-stringing-workshop\/\"><span class=\"gb-button-text\">L\u00e6r mere<\/span><span class=\"gb-icon\"><svg viewBox=\"0 0 512 512\" xmlns=\"http:\/\/www.w3.org\/2000\/svg\"><path d=\"M502.6 278.6c12.5-12.5 12.5-32.8 0-45.3l-128-128c-12.5-12.5-32.8-12.5-45.3 0s-12.5 32.8 0 45.3l73.4 73.4H32c-17.7 0-32 14.3-32 32s14.3 32 32 32h370.7l-73.4 73.4c-12.5 12.5-12.5 32.8 0 45.3s32.8 12.5 45.3 0l128-128z\"><\/path><\/svg><\/span><\/a>\n\n\n\n<\/div><\/div>\n\n<div class=\"gb-grid-column gb-grid-column-38a22b00\"><div class=\"gb-container gb-container-38a22b00\">\n\n\n\n<p class=\"gb-headline gb-headline-6f3ccaa8 gb-headline-text\"><strong>BSW<\/strong><\/p>\n\n\n<div class=\"gb-container gb-container-cc33d305\">\n\n<div class=\"gb-container gb-container-c7d96b73\"><\/div>\n\n<\/div>\n\n\n\n<h2 class=\"gb-headline gb-headline-09f4131c gb-headline-text\">Tr\u00e6ning i badmintonopstrengning for personale<\/h2>\n\n\n\n\n<p class=\"gb-headline gb-headline-085d8440 gb-headline-text\">Formidl det rette budskab til kunderne for at sikre, at de fortsat v\u00e6lger dig.<\/p>\n\n\n\n\n\n<a class=\"gb-button gb-button-449fedff\" href=\"https:\/\/beststringer.com\/zh-hans\/badminton-stringing-training-for-staff\/\"><span class=\"gb-button-text\">L\u00e6r mere<\/span><span class=\"gb-icon\"><svg viewBox=\"0 0 512 512\" xmlns=\"http:\/\/www.w3.org\/2000\/svg\"><path d=\"M502.6 278.6c12.5-12.5 12.5-32.8 0-45.3l-128-128c-12.5-12.5-32.8-12.5-45.3 0s-12.5 32.8 0 45.3l73.4 73.4H32c-17.7 0-32 14.3-32 32s14.3 32 32 32h370.7l-73.4 73.4c-12.5 12.5-12.5 32.8 0 45.3s32.8 12.5 45.3 0l128-128z\"><\/path><\/svg><\/span><\/a>\n\n\n\n<\/div><\/div>\n\n<div class=\"gb-grid-column gb-grid-column-09ceebfb\"><div class=\"gb-container gb-container-09ceebfb\">\n\n\n\n<p class=\"gb-headline gb-headline-1022f806 gb-headline-text\"><strong>BSW<\/strong><\/p>\n\n\n<div class=\"gb-container gb-container-15a0880c\">\n\n<div class=\"gb-container gb-container-5490e8ff\"><\/div>\n\n<\/div>\n\n\n\n<h2 class=\"gb-headline gb-headline-3e7d338d gb-headline-text\">L\u00e6ring i badmintonopstrengning med certificering<\/h2>\n\n\n\n\n<p class=\"gb-headline gb-headline-50701001 gb-headline-text\">L\u00e6r professionel badmintonopstrengning og tag eksamen p\u00e5 den sidste dag.<\/p>\n\n\n\n\n\n<a class=\"gb-button gb-button-d196416b\" href=\"https:\/\/beststringer.com\/zh-hans\/badminton-stringing-learning-w-certification\/\"><span class=\"gb-button-text\">L\u00e6r mere<\/span><span class=\"gb-icon\"><svg viewBox=\"0 0 512 512\" xmlns=\"http:\/\/www.w3.org\/2000\/svg\"><path d=\"M502.6 278.6c12.5-12.5 12.5-32.8 0-45.3l-128-128c-12.5-12.5-32.8-12.5-45.3 0s-12.5 32.8 0 45.3l73.4 73.4H32c-17.7 0-32 14.3-32 32s14.3 32 32 32h370.7l-73.4 73.4c-12.5 12.5-12.5 32.8 0 45.3s32.8 12.5 45.3 0l128-128z\"><\/path><\/svg><\/span><\/a>\n\n\n\n<\/div><\/div>\n\n<div class=\"gb-grid-column gb-grid-column-6d7e80ba\"><div class=\"gb-container gb-container-6d7e80ba\">\n\n\n\n<p class=\"gb-headline gb-headline-d2e3bb04 gb-headline-text\"><strong>BSW<\/strong><\/p>\n\n\n<div class=\"gb-container gb-container-ae4f62c8\">\n\n<div class=\"gb-container gb-container-4cbbfba4\"><\/div>\n\n<\/div>\n\n\n\n<h2 class=\"gb-headline gb-headline-c51243d4 gb-headline-text\">Tr\u00e6ning for personale i professionelle badmintonbutikker<\/h2>\n\n\n\n\n<p class=\"gb-headline gb-headline-7e4f5a8c gb-headline-text\">L\u00e6r at betjene kunder med de rigtige valg baseret p\u00e5 deres behov, is\u00e6r inden for opstrengning af ketsjer.<\/p>\n\n\n\n\n\n<a class=\"gb-button gb-button-08a6b2e1\" href=\"https:\/\/beststringer.com\/zh-hans\/pro-badminton-shop-staff-training\/\"><span class=\"gb-button-text\">L\u00e6r mere<\/span><span class=\"gb-icon\"><svg viewBox=\"0 0 512 512\" xmlns=\"http:\/\/www.w3.org\/2000\/svg\"><path d=\"M502.6 278.6c12.5-12.5 12.5-32.8 0-45.3l-128-128c-12.5-12.5-32.8-12.5-45.3 0s-12.5 32.8 0 45.3l73.4 73.4H32c-17.7 0-32 14.3-32 32s14.3 32 32 32h370.7l-73.4 73.4c-12.5 12.5-12.5 32.8 0 45.3s32.8 12.5 45.3 0l128-128z\"><\/path><\/svg><\/span><\/a>\n\n\n\n<\/div><\/div>\n\n<div class=\"gb-grid-column gb-grid-column-f86684a3\"><div class=\"gb-container gb-container-f86684a3\">\n\n\n\n<p class=\"gb-headline gb-headline-c61dd94e gb-headline-text\"><strong>BSW<\/strong><\/p>\n\n\n<div class=\"gb-container gb-container-7aca502d\">\n\n<div class=\"gb-container gb-container-5ee444a6\"><\/div>\n\n<\/div>\n\n\n\n<h2 class=\"gb-headline gb-headline-faabea64 gb-headline-text\">Opstrengning af ketsjer og certificering for personale<\/h2>\n\n\n\n\n<p class=\"gb-headline gb-headline-ac676b58 gb-headline-text\">Tr\u00e6n dit personale i professionel badmintonopstrengning, og tag certificeringen p\u00e5 sidstedagen for at blive en internationalt certificeret opstrenger.<\/p>\n\n\n\n\n\n<a class=\"gb-button gb-button-7a7f243a\" href=\"https:\/\/beststringer.com\/zh-hans\/staff-racquet-stringing-and-certification\/\"><span class=\"gb-button-text\">L\u00e6r mere<\/span><span class=\"gb-icon\"><svg viewBox=\"0 0 512 512\" xmlns=\"http:\/\/www.w3.org\/2000\/svg\"><path d=\"M502.6 278.6c12.5-12.5 12.5-32.8 0-45.3l-128-128c-12.5-12.5-32.8-12.5-45.3 0s-12.5 32.8 0 45.3l73.4 73.4H32c-17.7 0-32 14.3-32 32s14.3 32 32 32h370.7l-73.4 73.4c-12.5 12.5-12.5 32.8 0 45.3s32.8 12.5 45.3 0l128-128z\"><\/path><\/svg><\/span><\/a>\n\n\n\n<\/div><\/div>\n\n<\/div>\n\n<\/section>\n\n<section class=\"gb-container gb-container-49b9586e\">\n\n<div class=\"gb-container gb-container-a2e9522c\"><\/div>\n\n<div class=\"gb-container gb-container-0e11192a\">\n\n\n\n<h3 class=\"gb-headline gb-headline-5cf408ee gb-headline-text\">Kurser og tr\u00e6ning i opstrengning af ketsjer<\/h3>\n\n\n<div class=\"gb-container gb-container-daaa2e63\">\n\n<div class=\"gb-container gb-container-bda621fe\"><\/div>\n\n<div class=\"gb-container gb-container-4b0ac72b\"><\/div>\n\n<\/div>\n\n\n\n<p class=\"gb-headline gb-headline-edf98545 gb-headline-text\">Udforsk vores regionale BSW-hjemmesider for de nyeste workshops og kurser. Forbedr dine opstrengningsf\u00e6rdigheder og hold dig opdateret med professionelle teknikker og fremskridt i branchen.<\/p>\n\n\n\n\n\n<a class=\"gb-button gb-button-a29641e0 gb-button-text\" href=\"https:\/\/beststringer.com\/zh-hans\/countries\/\">Udforsk region<\/a>\n\n\n\n<\/div>\n\n<\/section>\n","protected":false},"excerpt":{"rendered":"<p>Find BSW&#8217;s seneste kurser og tr\u00e6ning i opstrengning af ketsjer, udbudt af vores professionelle opstrengningsinstrukt\u00f8r. Kurser og tr\u00e6ning i opstrengning af ketsjer Udforsk vores regionale BSW-hjemmesider for de nyeste workshops og kurser. Forbedr dine opstrengningsf\u00e6rdigheder og hold dig opdateret med professionelle teknikker og fremskridt i branchen.<\/p>\n","protected":false},"author":1,"featured_media":0,"parent":0,"menu_order":0,"comment_status":"closed","ping_status":"closed","template":"","meta":{"footnotes":""},"class_list":{"0":"post-41644","1":"page","2":"type-page","3":"status-publish","5":"infinite-scroll-item"},"_links":{"self":[{"href":"https:\/\/beststringer.com\/da\/wp-json\/wp\/v2\/pages\/41644","targetHints":{"allow":["GET"]}}],"collection":[{"href":"https:\/\/beststringer.com\/da\/wp-json\/wp\/v2\/pages"}],"about":[{"href":"https:\/\/beststringer.com\/da\/wp-json\/wp\/v2\/types\/page"}],"author":[{"embeddable":true,"href":"https:\/\/beststringer.com\/da\/wp-json\/wp\/v2\/users\/1"}],"replies":[{"embeddable":true,"href":"https:\/\/beststringer.com\/da\/wp-json\/wp\/v2\/comments?post=41644"}],"version-history":[{"count":0,"href":"https:\/\/beststringer.com\/da\/wp-json\/wp\/v2\/pages\/41644\/revisions"}],"wp:attachment":[{"href":"https:\/\/beststringer.com\/da\/wp-json\/wp\/v2\/media?parent=41644"}],"curies":[{"name":"wp","href":"https:\/\/api.w.org\/{rel}","templated":true}]}}