{"id":40588,"date":"2024-08-18T12:29:14","date_gmt":"2024-08-18T12:29:14","guid":{"rendered":"https:\/\/beststringer.com\/bsw-certified-tennis-stringer-cts-certification\/"},"modified":"2025-09-25T05:36:21","modified_gmt":"2025-09-25T05:36:21","slug":"bsw-certified-tennis-stringer-cts-certification","status":"publish","type":"page","link":"https:\/\/beststringer.com\/da\/bsw-certified-tennis-stringer-cts-certification\/","title":{"rendered":"Certificering som Certificeret Tennis Strenger (CTS)"},"content":{"rendered":"<div class=\"gb-container gb-container-f66bc834\">\n\n<div class=\"gb-container gb-container-37db13f4\">\n\n<div class=\"gb-container gb-container-3021f73c\">\n\n<div id=\"ez-toc-container\" class=\"ez-toc-v2_0_82_2 ez-toc-wrap-left counter-hierarchy ez-toc-counter ez-toc-custom ez-toc-container-direction\">\n<div class=\"ez-toc-title-container\">\n<p class=\"ez-toc-title\" style=\"cursor:inherit\">Topics<\/p>\n<span class=\"ez-toc-title-toggle\"><a href=\"#\" class=\"ez-toc-pull-right ez-toc-btn ez-toc-btn-xs ez-toc-btn-default ez-toc-toggle\" aria-label=\"Toggle Table of Content\"><span class=\"ez-toc-js-icon-con\"><span class=\"\"><span class=\"eztoc-hide\" style=\"display:none;\">Toggle<\/span><span class=\"ez-toc-icon-toggle-span\"><svg style=\"fill: #ffffff;color:#ffffff\" xmlns=\"http:\/\/www.w3.org\/2000\/svg\" class=\"list-377408\" width=\"20px\" height=\"20px\" viewBox=\"0 0 24 24\" fill=\"none\"><path d=\"M6 6H4v2h2V6zm14 0H8v2h12V6zM4 11h2v2H4v-2zm16 0H8v2h12v-2zM4 16h2v2H4v-2zm16 0H8v2h12v-2z\" fill=\"currentColor\"><\/path><\/svg><svg style=\"fill: #ffffff;color:#ffffff\" class=\"arrow-unsorted-368013\" xmlns=\"http:\/\/www.w3.org\/2000\/svg\" width=\"10px\" height=\"10px\" viewBox=\"0 0 24 24\" version=\"1.2\" baseProfile=\"tiny\"><path d=\"M18.2 9.3l-6.2-6.3-6.2 6.3c-.2.2-.3.4-.3.7s.1.5.3.7c.2.2.4.3.7.3h11c.3 0 .5-.1.7-.3.2-.2.3-.5.3-.7s-.1-.5-.3-.7zM5.8 14.7l6.2 6.3 6.2-6.3c.2-.2.3-.5.3-.7s-.1-.5-.3-.7c-.2-.2-.4-.3-.7-.3h-11c-.3 0-.5.1-.7.3-.2.2-.3.5-.3.7s.1.5.3.7z\"\/><\/svg><\/span><\/span><\/span><\/a><\/span><\/div>\n<nav><ul class='ez-toc-list ez-toc-list-level-1 eztoc-toggle-hide-by-default' ><li class='ez-toc-page-1 ez-toc-heading-level-3'><a class=\"ez-toc-link ez-toc-heading-1\" href=\"https:\/\/beststringer.com\/da\/bsw-certified-tennis-stringer-cts-certification\/#Laeringsmaal_for_Certified_Tennis_Stringer\" >L\u00e6ringsm\u00e5l for Certified Tennis Stringer<\/a><\/li><li class='ez-toc-page-1 ez-toc-heading-level-3'><a class=\"ez-toc-link ez-toc-heading-2\" href=\"https:\/\/beststringer.com\/da\/bsw-certified-tennis-stringer-cts-certification\/#Krav_til_certificering_som_Certified_Tennis_Stringer_CTS\" >Krav til certificering som Certified Tennis Stringer (CTS)<\/a><\/li><li class='ez-toc-page-1 ez-toc-heading-level-3'><a class=\"ez-toc-link ez-toc-heading-3\" href=\"https:\/\/beststringer.com\/da\/bsw-certified-tennis-stringer-cts-certification\/#Teoretisk_skriftlig_eksamen\" >Teoretisk skriftlig eksamen<\/a><\/li><li class='ez-toc-page-1 ez-toc-heading-level-3'><a class=\"ez-toc-link ez-toc-heading-4\" href=\"https:\/\/beststringer.com\/da\/bsw-certified-tennis-stringer-cts-certification\/#Praktiske_opstrengningsfaerdigheder_CTS\" >Praktiske opstrengningsf\u00e6rdigheder (CTS)<\/a><\/li><li class='ez-toc-page-1 ez-toc-heading-level-3'><a class=\"ez-toc-link ez-toc-heading-5\" href=\"https:\/\/beststringer.com\/da\/bsw-certified-tennis-stringer-cts-certification\/#Eksaminator_for_tenniscertificering\" >Eksaminator for tenniscertificering<\/a><\/li><li class='ez-toc-page-1 ez-toc-heading-level-3'><a class=\"ez-toc-link ez-toc-heading-6\" href=\"https:\/\/beststringer.com\/da\/bsw-certified-tennis-stringer-cts-certification\/#Tildeling_af_certifikat\" >Tildeling af certifikat<\/a><\/li><li class='ez-toc-page-1 ez-toc-heading-level-3'><a class=\"ez-toc-link ez-toc-heading-7\" href=\"https:\/\/beststringer.com\/da\/bsw-certified-tennis-stringer-cts-certification\/#Kun_et_eksempel_paa_certifikat\" >Kun et eksempel p\u00e5 certifikat<\/a><\/li><li class='ez-toc-page-1 ez-toc-heading-level-3'><a class=\"ez-toc-link ez-toc-heading-8\" href=\"https:\/\/beststringer.com\/da\/bsw-certified-tennis-stringer-cts-certification\/#Certificeringsforloeb\" >Certificeringsforl\u00f8b<\/a><\/li><li class='ez-toc-page-1 ez-toc-heading-level-3'><a class=\"ez-toc-link ez-toc-heading-9\" href=\"https:\/\/beststringer.com\/da\/bsw-certified-tennis-stringer-cts-certification\/#Podcast_om_BSW_Certified_Tennis_Stringer_CTS_certificering\" >Podcast om BSW Certified Tennis Stringer (CTS) certificering<\/a><\/li><li class='ez-toc-page-1 ez-toc-heading-level-3'><a class=\"ez-toc-link ez-toc-heading-10\" href=\"https:\/\/beststringer.com\/da\/bsw-certified-tennis-stringer-cts-certification\/#BSW_Certified_Tennis_Stringer-program\" >BSW Certified Tennis Stringer-program<\/a><\/li><\/ul><\/nav><\/div>\n\n\n\n\n\n<p class=\"gb-headline gb-headline-7d760a3f gb-headline-text\">BSW Certified Tennis Stringer-programmet underviser i grundl\u00e6ggende f\u00e6rdigheder inden for opstrengning af tennisketsjere. Denne certificering hj\u00e6lper opstrengere med at l\u00e6re, hvordan man betjener motionistspillere, som udg\u00f8r st\u00f8rstedelen af tennisverdenen.<\/p>\n\n<\/div>\n<\/div>\n\n<div class=\"gb-container gb-container-0787b207\">\n\n<div class=\"gb-container gb-container-eed18cdf\">\n\n\n\n<h3 class=\"gb-headline gb-headline-59f1817a gb-headline-text\"><span class=\"ez-toc-section\" id=\"Laeringsmaal_for_Certified_Tennis_Stringer\"><\/span><strong><mark style=\"background-color:rgba(0, 0, 0, 0)\" class=\"has-inline-color has-global-color-9-color\">L\u00e6ringsm\u00e5l<\/mark> for Certified Tennis Stringer<\/strong><span class=\"ez-toc-section-end\"><\/span><\/h3>\n\n\n\n\n<ul class=\"wp-block-list\">\n<li>Forst\u00e5, hvordan tennisketsjere er konstrueret<\/li>\n\n\n\n\n<li>L\u00e6re at opstrenge ketsjere ved hj\u00e6lp af forskellige metoder<\/li>\n\n\n\n\n<li>Opretholde de samme pund (lbs) i hele ketsjeren<\/li>\n\n\n\n\n<li>Kommunikere hj\u00e6lpsomt med kunder om opstrengning af ketsjer<\/li>\n\n\n\n\n<li>Opn\u00e5 mere viden end de fleste tennisbutikker har<\/li>\n\n\n\n\n<li>Opstrenge ketsjere bedre end mange lokale butikker<\/li>\n\n\n\n\n<li>Forklare opstrengning til motionistspillere<\/li>\n\n\n\n\n<li>Anbefale passende strenge og pund (lbs) til forskellige spillere<\/li>\n\n\n\n\n<li>Hj\u00e6lpe spillere med at forbedre deres spil gennem en bedre ketsjerops\u00e6tning<\/li>\n<\/ul>\n\n<\/div>\n<\/div>\n\n<div class=\"gb-container gb-container-227b6b28\">\n\n\n\n<h3 class=\"gb-headline gb-headline-e5c79f72 gb-headline-text\"><span class=\"ez-toc-section\" id=\"Krav_til_certificering_som_Certified_Tennis_Stringer_CTS\"><\/span><mark style=\"background-color:rgba(0, 0, 0, 0)\" class=\"has-inline-color has-global-color-9-color\">Krav<\/mark> til certificering som Certified Tennis Stringer (CTS)<span class=\"ez-toc-section-end\"><\/span><\/h3>\n\n\n\n\n<p>For at tage Certified Tennis Stringer-testen skal du opfylde f\u00f8lgende:<\/p>\n\n\n\n\n<ul class=\"wp-block-list\">\n<li>Mindst 3 \u00e5rs erfaring med at spille tennis<\/li>\n\n\n\n\n<li>God forst\u00e5else for grundl\u00e6ggende tennisf\u00e6rdigheder<\/li>\n\n\n\n\n<li>Have best\u00e5et BSW Certified String Advisor \u2013 Tennis-testen<\/li>\n\n\n\n\n<li>5 \u00e5rs erfaring med opstrengning af ketsjere for kunder<\/li>\n\n\n\n\n<li>En god digital opstrengningsmaskine, der kan fastholde ketsjeren p\u00e5 6 punkter<\/li>\n\n\n\n\n<li>V\u00e6re 18 \u00e5r eller \u00e6ldre<\/li>\n<\/ul>\n\n\n\n\n<p>Hvis du opfylder alle disse krav, kan du tage Certified Tennis Stringer-testen. Dette sikrer, at alle deltagere har de grundl\u00e6ggende f\u00e6rdigheder og den erfaring, der er n\u00f8dvendig for at l\u00e6re avancerede opstrengningsteknikker.<\/p>\n\n<\/div>\n\n<div class=\"gb-container gb-container-8072e76b\">\n\n<div class=\"gb-container gb-container-eabf3753\">\n\n\n\n<h3 class=\"gb-headline gb-headline-0ad93116 gb-headline-text\"><span class=\"ez-toc-section\" id=\"Teoretisk_skriftlig_eksamen\"><\/span><strong><mark style=\"background-color:rgba(0, 0, 0, 0)\" class=\"has-inline-color has-global-color-9-color\">Teoretisk skriftlig<\/mark> eksamen<\/strong><span class=\"ez-toc-section-end\"><\/span><\/h3>\n\n\n\n\n<p>Den skriftlige pr\u00f8ve udg\u00f8r <strong>50%<\/strong> af din karakter. Du vil besvare:<\/p>\n\n\n\n\n<p>Skriftlig eksamen:<br>50 multiple-choice-sp\u00f8rgsm\u00e5l om opstrengning af tennisketsjere<\/p>\n\n\n\n\n<p>Emnerne omfatter:<\/p>\n\n\n\n\n<ul class=\"wp-block-list\">\n<li>Hvordan man opstrenger tennisketsjere<\/li>\n\n\n\n\n<li>Forst\u00e5else for pund (lbs) i strenge<\/li>\n\n\n\n\n<li>Forskellige typer ketsjerrammer<\/li>\n\n\n\n\n<li>Strengem\u00f8nstre<\/li>\n\n\n\n\n<li>Grebtyper og hvordan man monterer dem<\/li>\n\n\n\n\n<li>Strengetykkelse og dens funktion<\/li>\n\n\n\n\n<li>Hvordan man er en god opstrenger<\/li>\n\n\n\n\n<li>Typer af strenge og hvordan de p\u00e5virker spillet<\/li>\n\n\n\n\n<li>Hvordan pund (lbs) \u00e6ndrer en ketsjers spilbarhed<\/li>\n\n\n\n\n<li>Ny ketsjerteknologi<\/li>\n<\/ul>\n\n\n\n\n<p>Kundeservicepr\u00f8ve: <br>Du vil ogs\u00e5 gennemf\u00f8re en 5-minutters simuleret kundeservicesamtale. Denne viser:<\/p>\n\n\n\n\n<ul class=\"wp-block-list\">\n<li>Hvor godt du kan forklare opstrengning til kunder<\/li>\n\n\n\n\n<li>Hvordan du h\u00e5ndterer kundesp\u00f8rgsm\u00e5l og bekymringer<\/li>\n<\/ul>\n\n\n\n\n<p>Kandidater skal gennemf\u00f8re b\u00e5de den skriftlige pr\u00f8ve og kundeservicesamtalen for at opfylde den teoretiske del af certificeringen.<\/p>\n\n<\/div>\n<\/div>\n\n<div class=\"gb-container gb-container-90ecf704\">\n\n<div class=\"gb-container gb-container-5939e332\">\n\n\n\n<h3 class=\"gb-headline gb-headline-fd44004c gb-headline-text\"><span class=\"ez-toc-section\" id=\"Praktiske_opstrengningsfaerdigheder_CTS\"><\/span><strong><mark style=\"background-color:rgba(0, 0, 0, 0)\" class=\"has-inline-color has-global-color-9-color\">Praktiske<\/mark> opstrengningsf\u00e6rdigheder (CTS) <\/strong><span class=\"ez-toc-section-end\"><\/span><\/h3>\n\n\n\n\n<p>De resterende 50% af din karakter kommer fra opstrengning af ketsjere for at fuldf\u00f8re <strong>Certified Tennis Stringer-certificeringen<\/strong>. Du skal: Opstrenge fire tennisketsjere:<\/p>\n\n\n\n\n<ul class=\"wp-block-list\">\n<li>To ketsjere med 2-knude-metoden (Around-the-World-m\u00f8nster, ATW)<\/li>\n\n\n\n\n<li>To ketsjere med 4-knude-metoden<\/li>\n<\/ul>\n\n\n\n\n<p>For hver ketsjer skal du:<\/p>\n\n\n\n\n<ul class=\"wp-block-list\">\n<li>F\u00e6rdigg\u00f8re opstrengningen p\u00e5 60 minutter<\/li>\n\n\n\n\n<li>Montere ny bumper\/nye streng\u00f8jer og opstrenge ketsjeren, mens eksaminator ser p\u00e5<\/li>\n\n\n\n\n<li>Fjerne gamle strenge forsigtigt<\/li>\n\n\n\n\n<li>Montere ketsjeren korrekt i maskinen<\/li>\n\n\n\n\n<li>F\u00f8re strenge gennem hullerne uden at beskadige noget<\/li>\n\n\n\n\n<li>Binde knuder stramt og korrekt<\/li>\n\n\n\n\n<li>Sikre, at den sidste streng ikke er for l\u00f8s<\/li>\n\n\n\n\n<li>Undg\u00e5, at strengene krydser over hinanden<\/li>\n\n\n\n\n<li>S\u00f8rge for, at alle strenge er lige og p\u00e6ne<\/li>\n\n\n\n\n<li>Montere et nyt greb p\u00e5 en ketsjer<\/li>\n<\/ul>\n\n\n\n\n<p>Alle fire ketsjere skal have de samme pund (lbs):<\/p>\n\n\n\n\n<ul class=\"wp-block-list\">\n<li>Ikke mere end 2 enheders forskel ved test<\/li>\n\n\n\n\n<li>Alle opstrengt med de samme start-pund (lbs)<\/li>\n<\/ul>\n\n\n\n\n<p>S\u00f8rg for ensartede pund (lbs) p\u00e5 tv\u00e6rs af alle ketsjere:<\/p>\n\n\n\n\n<ul class=\"wp-block-list\">\n<li>Maksimalt 2 DT-forskel ved m\u00e5ling med en enhed<\/li>\n\n\n\n\n<li>Alle ketsjere opstrengt med de samme pund (lbs)<\/li>\n<\/ul>\n\n<\/div>\n<\/div>\n\n<div class=\"gb-container gb-container-f0989cee\">\n\n<div class=\"gb-container gb-container-e0d32fa5\">\n\n\n\n<h3 class=\"gb-headline gb-headline-fb417e2a gb-headline-text\"><span class=\"ez-toc-section\" id=\"Eksaminator_for_tenniscertificering\"><\/span><strong><mark style=\"background-color:rgba(0, 0, 0, 0)\" class=\"has-inline-color has-global-color-9-color\">Eksaminator<\/mark> for tenniscertificering<\/strong><span class=\"ez-toc-section-end\"><\/span><\/h3>\n\n\n\n\n<p>Eksaminatoren, der tester dig, vil vurdere, hvor godt du udf\u00f8rer disse opgaver. De vil sikre sig, at du kan opstrenge tennisketsjere godt nok til at blive en <strong>Certified Tennis Stringer (CTS)<\/strong>. Her er, hvad de kontrollerer:<\/p>\n\n\n\n\n<p>Den person, der bed\u00f8mmer din test, vil kontrollere:<\/p>\n\n\n\n\n<ul class=\"wp-block-list\">\n<li>Om du bruger de korrekte teknikker til opstrengning af ketsjer<\/li>\n\n\n\n\n<li>At strengene ikke krydser over hinanden p\u00e5 hele rammen<\/li>\n\n\n\n\n<li>At ketsjerens form forbliver den samme<\/li>\n\n\n\n\n<li>At du ikke beskadiger strenge eller streng\u00f8jer<\/li>\n\n\n\n\n<li>At strengene er lige og har ensartede pund (lbs)<\/li>\n\n\n\n\n<li>At alle fire ketsjere f\u00f8les ens ved test<\/li>\n\n\n\n\n<li>At du f\u00e6rdigg\u00f8r hver ketsjer p\u00e5 50 minutter<\/li>\n\n\n\n\n<li>Hvor godt du besvarer sp\u00f8rgsm\u00e5l<\/li>\n\n\n\n\n<li>Hvor godt du taler med kunder<\/li>\n<\/ul>\n\n\n\n\n<figure class=\"gb-block-image gb-block-image-828e4f57\"><img loading=\"lazy\" decoding=\"async\" width=\"992\" height=\"555\" class=\"gb-image gb-image-828e4f57\" src=\"https:\/\/beststringer.com\/wp-content\/uploads\/2024\/10\/BSW-Certified-Tennis-Stringer-CTS-Certification-Best-Stringer-Worldwide-Certification.png\" alt=\"BSW Certified Tennis Stringer (CTS) certificering i {{CITY_LOCAL}} - verdensomsp\u00e6ndende anerkendelse for opstrengere\" title=\"BSW Certified Tennis Stringer (CTS) certificering for opstrengere i {{COUNTRY_LOCAL}}\" srcset=\"https:\/\/beststringer.com\/wp-content\/uploads\/2024\/10\/BSW-Certified-Tennis-Stringer-CTS-Certification-Best-Stringer-Worldwide-Certification.png 992w, https:\/\/beststringer.com\/wp-content\/uploads\/2024\/10\/BSW-Certified-Tennis-Stringer-CTS-Certification-Best-Stringer-Worldwide-Certification-300x168.png 300w, https:\/\/beststringer.com\/wp-content\/uploads\/2024\/10\/BSW-Certified-Tennis-Stringer-CTS-Certification-Best-Stringer-Worldwide-Certification-768x430.png 768w\" sizes=\"auto, (max-width: 992px) 100vw, 992px\" \/><\/figure>\n\n<\/div>\n<\/div>\n\n<div class=\"gb-container gb-container-79c3d10c\">\n\n<div class=\"gb-container gb-container-6cec1a21\">\n\n\n\n<h3 class=\"gb-headline gb-headline-31ecb21f gb-headline-text\"><span class=\"ez-toc-section\" id=\"Tildeling_af_certifikat\"><\/span><strong>Tildeling af <mark style=\"background-color:rgba(0, 0, 0, 0)\" class=\"has-inline-color has-global-color-9-color\">certifikat<\/mark><\/strong><span class=\"ez-toc-section-end\"><\/span><\/h3>\n\n\n\n\n<p class=\"gb-headline gb-headline-dee6187b gb-headline-text\">Hvis du best\u00e5r b\u00e5de den skriftlige og den praktiske pr\u00f8ve, modtager du et BSW <strong><mark style=\"background-color:rgba(0, 0, 0, 0)\" class=\"has-inline-color has-global-color-9-color\">Certified Tennis Stringer<\/mark><\/strong>-certifikat. Dette officielle dokument beviser, at du har f\u00e6rdighederne til at opstrenge tennisketsjere korrekt. BSW sender certifikatet til dig, uanset hvilket land du bor i.<\/p>\n\n\n<div class=\"gb-container gb-container-e93a9248\">\n\n<div class=\"gb-container gb-container-1404f0f3\">\n\n<div class=\"gb-container gb-container-bde0c955\">\n\n<div class=\"gb-container gb-container-ad34ee19\">\n\n\n\n<h3 class=\"gb-headline gb-headline-fff45e8d gb-headline-text\"><span class=\"ez-toc-section\" id=\"Kun_et_eksempel_paa_certifikat\"><\/span><strong><mark style=\"background-color:rgba(0, 0, 0, 0)\" class=\"has-inline-color has-global-color-9-color\">Kun<\/mark> et eksempel p\u00e5 certifikat<\/strong><span class=\"ez-toc-section-end\"><\/span><\/h3>\n\n\n\n\n<p class=\"gb-headline gb-headline-bc007b36 gb-headline-text\">BSW anvender strenge sikkerhedsforanstaltninger for at verificere \u00e6gtheden af hver enkelt certificeret opstrenger. Dette sikrer, at spillere trygt kan finde og benytte de dygtigste og mest legitime opstrengere i deres land. Vores certificeringsproces opretholder de h\u00f8jeste standarder for kvalitet inden for opstrengning af tennisketsjere p\u00e5 verdensplan.<\/p>\n\n<\/div>\n<\/div>\n\n<div class=\"gb-container gb-container-4afbca5d\">\n\n<div class=\"gb-container gb-container-4ad5da32\">\n\n\n\n<figure class=\"gb-block-image gb-block-image-92769f8f\"><img loading=\"lazy\" decoding=\"async\" width=\"1414\" height=\"2000\" class=\"gb-image gb-image-92769f8f\" src=\"https:\/\/beststringer.com\/wp-content\/uploads\/2024\/09\/Certified-Tennis-Stringer-Certificate-by-Best-Stringer-Worldwide-Recognize-1.png\" alt=\"Eksempel p\u00e5 Certified Tennis Stringer certifikat fra Best Stringer Worldwide\" title=\"Anerkendt certifikat for Internationalt certificeret opstrenger i {{COUNTRY_LOCAL}}\" srcset=\"https:\/\/beststringer.com\/wp-content\/uploads\/2024\/09\/Certified-Tennis-Stringer-Certificate-by-Best-Stringer-Worldwide-Recognize-1.png 1414w, https:\/\/beststringer.com\/wp-content\/uploads\/2024\/09\/Certified-Tennis-Stringer-Certificate-by-Best-Stringer-Worldwide-Recognize-1-212x300.png 212w, https:\/\/beststringer.com\/wp-content\/uploads\/2024\/09\/Certified-Tennis-Stringer-Certificate-by-Best-Stringer-Worldwide-Recognize-1-724x1024.png 724w, https:\/\/beststringer.com\/wp-content\/uploads\/2024\/09\/Certified-Tennis-Stringer-Certificate-by-Best-Stringer-Worldwide-Recognize-1-768x1086.png 768w, https:\/\/beststringer.com\/wp-content\/uploads\/2024\/09\/Certified-Tennis-Stringer-Certificate-by-Best-Stringer-Worldwide-Recognize-1-1086x1536.png 1086w\" sizes=\"auto, (max-width: 1414px) 100vw, 1414px\" \/><\/figure>\n\n\n\n\n<p><em>Kun et eksempel p\u00e5 et certifikat<\/em>, forskellige lande kan anmode om landespecifikke certifikater for certificerede opstrengere fra BSW.<\/p>\n\n<\/div>\n<\/div>\n<\/div>\n<\/div>\n\n<div class=\"gb-container gb-container-e795a955\">\n\n<div class=\"gb-container gb-container-d066f1b5\">\n\n\n\n<h3 class=\"gb-headline gb-headline-acc2e1f3 gb-headline-text\"><span class=\"ez-toc-section\" id=\"Certificeringsforloeb\"><\/span><strong>Certificerings<mark style=\"background-color:rgba(0, 0, 0, 0)\" class=\"has-inline-color has-global-color-9-color\">forl\u00f8b<\/mark><\/strong><span class=\"ez-toc-section-end\"><\/span><\/h3>\n\n\n\n\n<p class=\"gb-headline gb-headline-4bd3f787 gb-headline-text\">BSW&#8217;s Tennis Stringer Journey tilbyder en unik, praktisk l\u00e6ringsoplevelse for kommende mester-opstrengere. Forl\u00f8bet starter med BSW Certified Tennis Stringer (CTS)-programmet, hvor man l\u00e6rer grundl\u00e6ggende teknikker og ketsjerfysik. Derefter forts\u00e6tter man til Professional Tennis Stringer (PTS)-niveauet, hvor man dykker ned i avancerede opstrengningsmetoder og spillerspecifikke tilpasninger. H\u00f8jdepunktet er Master Tennis Tour Stringer (MTTS)-certificeringen, som finpudser ekspertise p\u00e5 tour-niveau og innovative praksisser. Dette uddannelsesforl\u00f8b kombinerer praktiske f\u00e6rdigheder med teoretisk viden og skaber en dyb forst\u00e5else for tennisteknologi og spillerpr\u00e6station. Kandidaterne bliver anerkendte &#8220;Best Stringers Worldwide&#8221; og repr\u00e6senterer det ypperste inden for optimering af tennisudstyr.<\/p>\n\n<\/div>\n<\/div>\n<\/div>\n<\/div>\n\n<div class=\"gb-container gb-container-3d224814\">\n\n<div class=\"gb-container gb-container-a816b8e7\">\n\n\n\n<figure class=\"gb-block-image gb-block-image-ad4ae124\"><img loading=\"lazy\" decoding=\"async\" width=\"1000\" height=\"610\" class=\"gb-image gb-image-ad4ae124\" src=\"https:\/\/beststringer.com\/wp-content\/uploads\/2024\/08\/Certified-Tennis-Stringer-Certificate-Certification-by-Best-Stringer-Worldwide.jpg\" alt=\"Certificeringsforl\u00f8b for BSW opstrengere i {{CITY_LOCAL}}\" title=\"Bliv Internationalt certificeret opstrenger med BSW i {{COUNTRY_LOCAL}}\" srcset=\"https:\/\/beststringer.com\/wp-content\/uploads\/2024\/08\/Certified-Tennis-Stringer-Certificate-Certification-by-Best-Stringer-Worldwide.jpg 1000w, https:\/\/beststringer.com\/wp-content\/uploads\/2024\/08\/Certified-Tennis-Stringer-Certificate-Certification-by-Best-Stringer-Worldwide-300x183.jpg 300w, https:\/\/beststringer.com\/wp-content\/uploads\/2024\/08\/Certified-Tennis-Stringer-Certificate-Certification-by-Best-Stringer-Worldwide-768x468.jpg 768w\" sizes=\"auto, (max-width: 1000px) 100vw, 1000px\" \/><\/figure>\n\n<\/div>\n<\/div>\n<\/div>\n\n<section class=\"gb-container gb-container-21e3c652\">\n\n<div class=\"gb-container gb-container-11344779\">\n\n\n\n<h3 class=\"gb-headline gb-headline-39f4cce2 gb-headline-text\"><span class=\"ez-toc-section\" id=\"Podcast_om_BSW_Certified_Tennis_Stringer_CTS_certificering\"><\/span>Podcast om BSW Certified Tennis Stringer (CTS) certificering<span class=\"ez-toc-section-end\"><\/span><\/h3>\n\n\n\n\n<p class=\"gb-headline gb-headline-c6c5990e gb-headline-text\">Udforsk verdenen af professionel opstrengning af tennisketsjere gennem BSW Certified Tennis Stringer (CTS)-programmet. Denne video gennemg\u00e5r certificeringsprocessen, fra teoretisk viden til praktiske f\u00e6rdigheder, og giver en klar vej for dem, der \u00f8nsker at l\u00f8fte deres ekspertise inden for opstrengning.<\/p>\n\n\n<div class=\"gb-container gb-container-ec1a2ce6\">\n\n<div class=\"gb-container gb-container-238a634b\"><\/div>\n\n<\/div>\n\n\n\n<div id=\"youtube-player\"><\/div>\n<script>\nvar videoLoaded = false;\n\n\nfunction loadYouTubeVideo() {\nif (videoLoaded) return;\nvideoLoaded = true;\nvar tag = document.createElement('script');\ntag.src = \"https:\/\/www.youtube.com\/iframe_api\";\nvar firstScriptTag = document.getElementsByTagName('script')[0];\nfirstScriptTag.parentNode.insertBefore(tag, firstScriptTag);\n}\n\nfunction onYouTubeIframeAPIReady() {\nnew YT.Player('youtube-player', {\nheight: '360',\nwidth: '640',\nvideoId: 'r2dsADGSd4U', \/\/ Your video ID\nevents: {\n'onReady': onPlayerReady\n}\n});\n}\n\nfunction onPlayerReady(event) {\n\/\/ Video is ready to play\n}\n\n\/\/ Load the YouTube API script when the page is scrolled\nwindow.addEventListener('scroll', loadYouTubeVideo, { once: true });\n\n\/\/ Also load if the user hasn't scrolled after 3 seconds\nsetTimeout(loadYouTubeVideo, 3000);\n<\/script>\n\n\n\n<\/div>\n\n<\/section>\n\n<section class=\"gb-container gb-container-49b9586e\">\n\n<div class=\"gb-container gb-container-a2e9522c\"><\/div>\n\n<div class=\"gb-container gb-container-0e11192a\">\n\n\n\n<h3 class=\"gb-headline gb-headline-5cf408ee gb-headline-text\"><span class=\"ez-toc-section\" id=\"BSW_Certified_Tennis_Stringer-program\"><\/span>BSW Certified Tennis Stringer-program<span class=\"ez-toc-section-end\"><\/span><\/h3>\n\n\n<div class=\"gb-container gb-container-daaa2e63\">\n\n<div class=\"gb-container gb-container-bda621fe\"><\/div>\n\n<div class=\"gb-container gb-container-4b0ac72b\"><\/div>\n\n<\/div>\n\n\n\n<p class=\"gb-headline gb-headline-edf98545 gb-headline-text\">L\u00e6r professionelle f\u00e6rdigheder inden for opstrengning af tennisketsjere. Denne certificering d\u00e6kker korrekte teknikker, tennisketsjer-teknologi og vurdering af spillerbehov for b\u00e5de motionister og konkurrencespillere.<\/p>\n\n\n\n\n\n<a class=\"gb-button gb-button-a29641e0 gb-button-text\" href=\"https:\/\/beststringer.com\/da\/stringing-certificate\/\">Detaljer om certificering<\/a>\n\n\n\n<\/div>\n\n<\/section>\n","protected":false},"excerpt":{"rendered":"<p>BSW Certified Tennis Stringer-programmet underviser i grundl\u00e6ggende f\u00e6rdigheder inden for opstrengning af tennisketsjere. Denne certificering hj\u00e6lper opstrengere med at l\u00e6re, hvordan man betjener motionistspillere, som udg\u00f8r st\u00f8rstedelen af tennisverdenen. L\u00e6ringsm\u00e5l for Certified Tennis Stringer Krav til certificering som Certified Tennis Stringer (CTS) For at tage Certified Tennis Stringer-testen skal du opfylde f\u00f8lgende: Hvis du opfylder &#8230; <a title=\"Certificering som Certificeret Tennis Strenger (CTS)\" class=\"read-more\" href=\"https:\/\/beststringer.com\/da\/bsw-certified-tennis-stringer-cts-certification\/\" aria-label=\"Read more about Certificering som Certificeret Tennis Strenger (CTS)\">L\u00e6s Mere<\/a><\/p>\n","protected":false},"author":1,"featured_media":40590,"parent":0,"menu_order":0,"comment_status":"closed","ping_status":"closed","template":"","meta":{"footnotes":""},"class_list":{"0":"post-40588","1":"page","2":"type-page","3":"status-publish","4":"has-post-thumbnail","6":"infinite-scroll-item"},"_links":{"self":[{"href":"https:\/\/beststringer.com\/da\/wp-json\/wp\/v2\/pages\/40588","targetHints":{"allow":["GET"]}}],"collection":[{"href":"https:\/\/beststringer.com\/da\/wp-json\/wp\/v2\/pages"}],"about":[{"href":"https:\/\/beststringer.com\/da\/wp-json\/wp\/v2\/types\/page"}],"author":[{"embeddable":true,"href":"https:\/\/beststringer.com\/da\/wp-json\/wp\/v2\/users\/1"}],"replies":[{"embeddable":true,"href":"https:\/\/beststringer.com\/da\/wp-json\/wp\/v2\/comments?post=40588"}],"version-history":[{"count":0,"href":"https:\/\/beststringer.com\/da\/wp-json\/wp\/v2\/pages\/40588\/revisions"}],"wp:featuredmedia":[{"embeddable":true,"href":"https:\/\/beststringer.com\/da\/wp-json\/wp\/v2\/media\/40590"}],"wp:attachment":[{"href":"https:\/\/beststringer.com\/da\/wp-json\/wp\/v2\/media?parent=40588"}],"curies":[{"name":"wp","href":"https:\/\/api.w.org\/{rel}","templated":true}]}}