{"id":40430,"date":"2024-08-18T11:12:19","date_gmt":"2024-08-18T11:12:19","guid":{"rendered":"https:\/\/beststringer.com\/tennis-stringing-certificate\/"},"modified":"2025-09-25T05:34:54","modified_gmt":"2025-09-25T05:34:54","slug":"tennis-stringing-certificate","status":"publish","type":"page","link":"https:\/\/beststringer.com\/da\/tennis-stringing-certificate\/","title":{"rendered":"Tennis Strengecertifikat"},"content":{"rendered":"<div class=\"gb-container gb-container-f66bc834\">\n\n<div class=\"gb-container gb-container-3423e27e\">\n\n<div class=\"gb-container gb-container-4ea2fbf1\">\n\n\n\n<h2 class=\"gb-headline gb-headline-79589317 gb-headline-text\">Certificering i <mark style=\"background-color:rgba(0, 0, 0, 0)\" class=\"has-inline-color has-global-color-9-color\">opstrengning af tennisketsjere<\/mark><\/h2>\n\n\n\n\n<p class=\"gb-headline gb-headline-d07d49cf gb-headline-text\">Best Stringer Worldwide (BSW) tilbyder certifikater i opstrengning af tennisketsjere. Disse certifikater verificerer opstrengningsf\u00e6rdigheder. Vores program tester b\u00e5de grundl\u00e6ggende opstrengningsmetoder og avanceret arbejde med tennisketsjere.<\/p>\n\n\n\n\n<figure class=\"wp-block-image size-full is-resized\"><img loading=\"lazy\" decoding=\"async\" width=\"1024\" height=\"1024\" src=\"https:\/\/beststringer.com\/wp-content\/uploads\/2025\/05\/Tennis-Stringing-Certificate-Certification-BSW-Certified-Stringer.jpg\" alt=\"Certifikat i opstrengning af tennisketsjere (Certificering) BSW Internationalt certificeret opstrenger\" class=\"wp-image-18592\" style=\"width:538px\" srcset=\"https:\/\/beststringer.com\/wp-content\/uploads\/2025\/05\/Tennis-Stringing-Certificate-Certification-BSW-Certified-Stringer.jpg 1024w, https:\/\/beststringer.com\/wp-content\/uploads\/2025\/05\/Tennis-Stringing-Certificate-Certification-BSW-Certified-Stringer-300x300.jpg 300w, https:\/\/beststringer.com\/wp-content\/uploads\/2025\/05\/Tennis-Stringing-Certificate-Certification-BSW-Certified-Stringer-150x150.jpg 150w, https:\/\/beststringer.com\/wp-content\/uploads\/2025\/05\/Tennis-Stringing-Certificate-Certification-BSW-Certified-Stringer-768x768.jpg 768w\" sizes=\"auto, (max-width: 1024px) 100vw, 1024px\" \/><\/figure>\n\n<\/div>\n<\/div>\n\n<div class=\"gb-container gb-container-37db13f4\">\n\n<div class=\"gb-container gb-container-3021f73c\">\n\n\n\n<h3 class=\"gb-headline gb-headline-e5c79f72 gb-headline-text\">Niveauer for certificering i <mark style=\"background-color:rgba(0, 0, 0, 0)\" class=\"has-inline-color has-global-color-9-color\">opstrengning af tennisketsjere<\/mark><\/h3>\n\n\n\n\n<p class=\"gb-headline gb-headline-7d760a3f gb-headline-text\">BSW har forskellige certifikater inden for opstrengning af tennisketsjere:<\/p>\n\n\n\n\n<ol class=\"wp-block-list\">\n<li><a href=\"https:\/\/beststringer.com\/da\/bsw-certified-tennis-stringer-cts-certification\/\">BSW Certified Tennis Stringer (CTS)<\/a><\/li>\n\n\n\n\n<li><a href=\"https:\/\/beststringer.com\/da\/professional-tennis-stringer-pts-certification\/\">Professional Tennis Stringer (PTS)<\/a><\/li>\n\n\n\n\n<li><a href=\"https:\/\/beststringer.com\/da\/master-tennis-tour-stringer-mtts-certification\/\">Master Tennis Tour Stringer (MTTS)<\/a><\/li>\n\n\n\n\n<li>BSW Certified Tennis Tension Advisor (CTTA)<\/li>\n\n\n\n\n<li>BSW Certified Tennis String Advisor (CTSA)<\/li>\n<\/ol>\n\n<\/div>\n<\/div>\n\n<div class=\"gb-container gb-container-8072e76b\">\n\n<div class=\"gb-container gb-container-eabf3753\">\n\n\n\n<h3 class=\"gb-headline gb-headline-0ad93116 gb-headline-text\">Struktur for certificering i <mark style=\"background-color:rgba(0, 0, 0, 0)\" class=\"has-inline-color has-global-color-9-color\">opstrengning af tennisketsjere<\/mark><\/h3>\n\n\n\n\n<p class=\"gb-headline gb-headline-0e4cbc73 gb-headline-text\">Alle BSW-tests i opstrengning af tennisketsjere best\u00e5r af to hoveddele:<br><\/p>\n\n\n\n\n<p>1. <strong>Multiple choice og skriftlig test:<\/strong><br>&#8211; Hvordan man opstrenger tennisketsjere<br>&#8211; Viden om tennisketsjere og strenge<br>&#8211; Forst\u00e5else for tennisspilleres behov<br><br>2. <strong>Praktisk test:<\/strong><br>&#8211; Opstrengning af tennisketsjere<br>&#8211; Forskellige opstrengningsm\u00f8nstre<br>&#8211; Korrekt antal pund (lbs) for strengene<br>&#8211; H\u00e5ndtering og pleje af ketsjerrammen<\/p>\n\n<\/div>\n<\/div>\n\n<div class=\"gb-container gb-container-0bc9ddf8\">\n\n<div class=\"gb-container gb-container-4a1593e5\">\n\n\n\n<h3 class=\"gb-headline gb-headline-f300e849 gb-headline-text\"><mark style=\"background-color:rgba(0, 0, 0, 0)\" class=\"has-inline-color has-global-color-9-color\">N\u00f8gleelementer<\/mark> i tennis-certificering<\/h3>\n\n\n\n\n<p class=\"gb-headline gb-headline-1f171057 gb-headline-text\">&#8211; Forskellige metoder til opstrengning af tennisketsjere<br>&#8211; Arbejde med forskellige typer tennisketsjere<br>&#8211; Viden om tennisstrenge<br>&#8211; Forst\u00e5else for strengenes pund (lbs)<br>&#8211; Vejledning af tennisspillere i valg af de rette strenge<br>&#8211; Brug af opstrengningsv\u00e6rkt\u00f8jer<\/p>\n\n<\/div>\n<\/div>\n\n<div class=\"gb-container gb-container-bc7f3ef7\">\n\n<div class=\"gb-container gb-container-c402b7cb\">\n\n\n\n<h3 class=\"gb-headline gb-headline-9ac68257 gb-headline-text\">Certificerings-<mark style=\"background-color:rgba(0, 0, 0, 0)\" class=\"has-inline-color has-global-color-9-color\">processen<\/mark><\/h3>\n\n\n\n\n<p>1. <strong>Tilmeld dig<\/strong> den \u00f8nskede test<br>2. <strong>Vi vurderer<\/strong>, om du er klar til testen<br>3. <strong>Du gennemf\u00f8rer<\/strong> den skriftlige og praktiske test<br>4. <strong>Vi bed\u00f8mmer<\/strong> dine tests<br>5. <strong>Hvis du best\u00e5r<\/strong>, modtager du dit certifikat<\/p>\n\n\n\n\n<p>BSW \u00f8nsker at sikre v\u00e6rdien af vores certifikater. Vores gebyrer er fastsat for at d\u00e6kke omkostningerne ved en grundig test, der reelt afspejler opstrengningsf\u00e6rdigheder.<\/p>\n\n<\/div>\n<\/div>\n\n<div class=\"gb-container gb-container-48cde7af\">\n\n<div class=\"gb-container gb-container-90b016f1\">\n\n\n\n<h3 class=\"gb-headline gb-headline-56d4264c gb-headline-text\">Anvendelse af certifikat i <mark style=\"background-color:rgba(0, 0, 0, 0)\" class=\"has-inline-color has-global-color-9-color\">opstrengning af tennisketsjere<\/mark><\/h3>\n\n\n\n\n<p>Du kan anvende din viden fra disse certifikater mange steder: <br>&#8211; Opstrengning af ketsjere for dig selv eller din tennisgruppe<br>&#8211; Arbejde i tennisklubber eller tr\u00e6ningscentre<br>&#8211; I sportsbutikker eller tennisforretninger<br>&#8211; Ved professionelle tennisturneringer eller lokale arrangementer<\/p>\n\n\n\n\n<figure class=\"gb-block-image gb-block-image-495efa05\"><img loading=\"lazy\" decoding=\"async\" width=\"1070\" height=\"800\" class=\"gb-image gb-image-495efa05\" src=\"https:\/\/beststringer.com\/wp-content\/uploads\/2024\/10\/Tennis-Stringing-Certificate-Certification-BSW-Best-Stringer-Worldwide.png\" alt=\"Certifikat i opstrengning af tennisketsjere (Certificering) BSW opstrenger i verdensklasse\" title=\"Certifikat i opstrengning af tennisketsjere (Certificering) BSW opstrenger i verdensklasse\" srcset=\"https:\/\/beststringer.com\/wp-content\/uploads\/2024\/10\/Tennis-Stringing-Certificate-Certification-BSW-Best-Stringer-Worldwide.png 1070w, https:\/\/beststringer.com\/wp-content\/uploads\/2024\/10\/Tennis-Stringing-Certificate-Certification-BSW-Best-Stringer-Worldwide-300x224.png 300w, https:\/\/beststringer.com\/wp-content\/uploads\/2024\/10\/Tennis-Stringing-Certificate-Certification-BSW-Best-Stringer-Worldwide-1024x766.png 1024w, https:\/\/beststringer.com\/wp-content\/uploads\/2024\/10\/Tennis-Stringing-Certificate-Certification-BSW-Best-Stringer-Worldwide-768x574.png 768w\" sizes=\"auto, (max-width: 1070px) 100vw, 1070px\" \/><\/figure>\n\n<\/div>\n<\/div>\n\n<div class=\"gb-container gb-container-b96c1957\">\n\n<div class=\"gb-container gb-container-5667abb6\">\n\n\n\n<h3 class=\"gb-headline gb-headline-a125c315 gb-headline-text\">Fortsat <mark style=\"background-color:rgba(0, 0, 0, 0)\" class=\"has-inline-color has-global-color-9-color\">l\u00e6ring<\/mark> om opstrengning af tennisketsjere<\/h3>\n\n\n\n\n<p>BSW opfordrer certificerede opstrengere til at forts\u00e6tte deres l\u00e6ring ved at:<br>&#8211; Tage tests p\u00e5 h\u00f8jere niveauer inden for opstrengning af tennisketsjere<br>&#8211; Deltage i workshops om nye opstrengningsmetoder<br>&#8211; L\u00e6re om nye ketsjere og strenge<br>&#8211; Udveksle erfaringer med andre opstrengere i faglige grupper<\/p>\n\n\n\n\n<p>Ved at tilbyde disse certifikater i opstrengning af tennisketsjere \u00f8nsker BSW at sikre, at ketsjere bliver opstrenget korrekt. Dette hj\u00e6lper tennisspillere p\u00e5 alle niveauer med at f\u00e5 bedre ketsjere at spille med.<\/p>\n\n\n\n\n<p>Hvert certifikatniveau har sine egne regler og l\u00e6ringsm\u00e5l. For at f\u00e5 mere at vide om et specifikt certifikat i opstrengning af tennisketsjere, kan du klikke p\u00e5 navnet herunder.<\/p>\n\n<\/div>\n<\/div>\n<\/div>\n\n<section class=\"gb-container gb-container-f2eb6521\">\n\n<div class=\"gb-grid-wrapper gb-grid-wrapper-4b9b7e10\">\n\n<div class=\"gb-grid-column gb-grid-column-491939a3\"><div class=\"gb-container gb-container-491939a3\">\n\n\n\n<p class=\"gb-headline gb-headline-6035f175 gb-headline-text\"><strong>BSW<\/strong><\/p>\n\n\n<div class=\"gb-container gb-container-731ae20e\">\n\n<div class=\"gb-container gb-container-d96e7a76\"><\/div>\n\n<\/div>\n\n\n\n<h2 class=\"gb-headline gb-headline-2834ed4d gb-headline-text\">Certified Tennis Stringer (CTS)<\/h2>\n\n\n\n\n<p class=\"gb-headline gb-headline-23954af5 gb-headline-text\">Grundl\u00e6ggende f\u00e6rdigheder i opstrengning af tennisketsjere og teknikker til klarg\u00f8ring af ketsjere.<\/p>\n\n\n\n\n\n<a class=\"gb-button gb-button-78ef4961\" href=\"https:\/\/beststringer.com\/da\/bsw-certified-tennis-stringer-cts-certification\/\"><span class=\"gb-button-text\">L\u00e6s mere<\/span><span class=\"gb-icon\"><svg viewBox=\"0 0 512 512\" xmlns=\"http:\/\/www.w3.org\/2000\/svg\"><path d=\"M502.6 278.6c12.5-12.5 12.5-32.8 0-45.3l-128-128c-12.5-12.5-32.8-12.5-45.3 0s-12.5 32.8 0 45.3l73.4 73.4H32c-17.7 0-32 14.3-32 32s14.3 32 32 32h370.7l-73.4 73.4c-12.5 12.5-12.5 32.8 0 45.3s32.8 12.5 45.3 0l128-128z\"><\/path><\/svg><\/span><\/a>\n\n\n\n<\/div><\/div>\n\n<div class=\"gb-grid-column gb-grid-column-29bf4487\"><div class=\"gb-container gb-container-29bf4487\">\n\n\n\n<p class=\"gb-headline gb-headline-0a24fd0f gb-headline-text\"><strong>BSW<\/strong><\/p>\n\n\n<div class=\"gb-container gb-container-d0553944\">\n\n<div class=\"gb-container gb-container-09d00176\"><\/div>\n\n<\/div>\n\n\n\n<h2 class=\"gb-headline gb-headline-4addc0f7 gb-headline-text\">Professional Tennis Stringer (PTS)<\/h2>\n\n\n\n\n<p class=\"gb-headline gb-headline-1c19adbf gb-headline-text\">Avancerede opstrengningsmetoder til forskellige typer tennisketsjere.<\/p>\n\n\n\n\n\n<a class=\"gb-button gb-button-80adbc84\" href=\"https:\/\/beststringer.com\/da\/professional-tennis-stringer-pts-certification\/\"><span class=\"gb-button-text\">L\u00e6s mere<\/span><span class=\"gb-icon\"><svg viewBox=\"0 0 512 512\" xmlns=\"http:\/\/www.w3.org\/2000\/svg\"><path d=\"M502.6 278.6c12.5-12.5 12.5-32.8 0-45.3l-128-128c-12.5-12.5-32.8-12.5-45.3 0s-12.5 32.8 0 45.3l73.4 73.4H32c-17.7 0-32 14.3-32 32s14.3 32 32 32h370.7l-73.4 73.4c-12.5 12.5-12.5 32.8 0 45.3s32.8 12.5 45.3 0l128-128z\"><\/path><\/svg><\/span><\/a>\n\n\n\n<\/div><\/div>\n\n<div class=\"gb-grid-column gb-grid-column-38a22b00\"><div class=\"gb-container gb-container-38a22b00\">\n\n\n\n<p class=\"gb-headline gb-headline-6f3ccaa8 gb-headline-text\"><strong>BSW<\/strong><\/p>\n\n\n<div class=\"gb-container gb-container-cc33d305\">\n\n<div class=\"gb-container gb-container-c7d96b73\"><\/div>\n\n<\/div>\n\n\n\n<h2 class=\"gb-headline gb-headline-09f4131c gb-headline-text\">Master Tour Tennis Stringer (MTTS)<\/h2>\n\n\n\n\n<p class=\"gb-headline gb-headline-085d8440 gb-headline-text\">Opstrengning p\u00e5 ekspertniveau til professionelle turneringer og spillere.<\/p>\n\n\n\n\n\n<a class=\"gb-button gb-button-449fedff\" href=\"https:\/\/beststringer.com\/da\/master-tennis-tour-stringer-mtts-certification\/\"><span class=\"gb-button-text\">L\u00e6s mere<\/span><span class=\"gb-icon\"><svg viewBox=\"0 0 512 512\" xmlns=\"http:\/\/www.w3.org\/2000\/svg\"><path d=\"M502.6 278.6c12.5-12.5 12.5-32.8 0-45.3l-128-128c-12.5-12.5-32.8-12.5-45.3 0s-12.5 32.8 0 45.3l73.4 73.4H32c-17.7 0-32 14.3-32 32s14.3 32 32 32h370.7l-73.4 73.4c-12.5 12.5-12.5 32.8 0 45.3s32.8 12.5 45.3 0l128-128z\"><\/path><\/svg><\/span><\/a>\n\n\n\n<\/div><\/div>\n\n<div class=\"gb-grid-column gb-grid-column-09ceebfb\"><div class=\"gb-container gb-container-09ceebfb\">\n\n\n\n<p class=\"gb-headline gb-headline-1022f806 gb-headline-text\"><strong>BSW<\/strong><\/p>\n\n\n<div class=\"gb-container gb-container-15a0880c\">\n\n<div class=\"gb-container gb-container-5490e8ff\"><\/div>\n\n<\/div>\n\n\n\n<h2 class=\"gb-headline gb-headline-3e7d338d gb-headline-text\">Certified Tennis Tension Advisor (CTTA)<\/h2>\n\n\n\n\n<p class=\"gb-headline gb-headline-50701001 gb-headline-text\">Specialiseret viden om effekterne af strengenes pund (lbs) og anbefalinger.<\/p>\n\n\n\n\n\n<a class=\"gb-button gb-button-d196416b\" href=\"#\"><span class=\"gb-button-text\">L\u00e6s mere<\/span><span class=\"gb-icon\"><svg viewBox=\"0 0 512 512\" xmlns=\"http:\/\/www.w3.org\/2000\/svg\"><path d=\"M502.6 278.6c12.5-12.5 12.5-32.8 0-45.3l-128-128c-12.5-12.5-32.8-12.5-45.3 0s-12.5 32.8 0 45.3l73.4 73.4H32c-17.7 0-32 14.3-32 32s14.3 32 32 32h370.7l-73.4 73.4c-12.5 12.5-12.5 32.8 0 45.3s32.8 12.5 45.3 0l128-128z\"><\/path><\/svg><\/span><\/a>\n\n\n\n<\/div><\/div>\n\n<div class=\"gb-grid-column gb-grid-column-6d7e80ba\"><div class=\"gb-container gb-container-6d7e80ba\">\n\n\n\n<p class=\"gb-headline gb-headline-d2e3bb04 gb-headline-text\"><strong>BSW<\/strong><\/p>\n\n\n<div class=\"gb-container gb-container-ae4f62c8\">\n\n<div class=\"gb-container gb-container-4cbbfba4\"><\/div>\n\n<\/div>\n\n\n\n<h2 class=\"gb-headline gb-headline-c51243d4 gb-headline-text\">Certified Tennis String Advisor (CTSA)<\/h2>\n\n\n\n\n<p class=\"gb-headline gb-headline-7e4f5a8c gb-headline-text\">Dybdeg\u00e5ende forst\u00e5else af forskellige typer tennisstrenge og deres egenskaber.<\/p>\n\n\n\n\n\n<a class=\"gb-button gb-button-08a6b2e1\" href=\"#\"><span class=\"gb-button-text\">L\u00e6s mere<\/span><span class=\"gb-icon\"><svg viewBox=\"0 0 512 512\" xmlns=\"http:\/\/www.w3.org\/2000\/svg\"><path d=\"M502.6 278.6c12.5-12.5 12.5-32.8 0-45.3l-128-128c-12.5-12.5-32.8-12.5-45.3 0s-12.5 32.8 0 45.3l73.4 73.4H32c-17.7 0-32 14.3-32 32s14.3 32 32 32h370.7l-73.4 73.4c-12.5 12.5-12.5 32.8 0 45.3s32.8 12.5 45.3 0l128-128z\"><\/path><\/svg><\/span><\/a>\n\n\n\n<\/div><\/div>\n\n<div class=\"gb-grid-column gb-grid-column-f86684a3\"><div class=\"gb-container gb-container-f86684a3\">\n\n\n\n<p class=\"gb-headline gb-headline-c61dd94e gb-headline-text\"><strong>BSW<\/strong><\/p>\n\n\n<div class=\"gb-container gb-container-7aca502d\">\n\n<div class=\"gb-container gb-container-5ee444a6\"><\/div>\n\n<\/div>\n\n\n\n<h2 class=\"gb-headline gb-headline-faabea64 gb-headline-text\">Professional Tennis String &amp; Tension Advisor (PTSTA)<\/h2>\n\n\n\n\n<p class=\"gb-headline gb-headline-ac676b58 gb-headline-text\">Omfattende ekspertise i valg af strenge og optimering af antal pund (lbs).<\/p>\n\n\n\n\n\n<a class=\"gb-button gb-button-7a7f243a\" href=\"#\"><span class=\"gb-button-text\">L\u00e6s mere<\/span><span class=\"gb-icon\"><svg viewBox=\"0 0 512 512\" xmlns=\"http:\/\/www.w3.org\/2000\/svg\"><path d=\"M502.6 278.6c12.5-12.5 12.5-32.8 0-45.3l-128-128c-12.5-12.5-32.8-12.5-45.3 0s-12.5 32.8 0 45.3l73.4 73.4H32c-17.7 0-32 14.3-32 32s14.3 32 32 32h370.7l-73.4 73.4c-12.5 12.5-12.5 32.8 0 45.3s32.8 12.5 45.3 0l128-128z\"><\/path><\/svg><\/span><\/a>\n\n\n\n<\/div><\/div>\n\n<\/div>\n\n<\/section>\n\n<section class=\"gb-container gb-container-21e3c652\">\n\n<div class=\"gb-container gb-container-11344779\">\n\n\n\n<h3 class=\"gb-headline gb-headline-39f4cce2 gb-headline-text\">Forst\u00e5else for certificeringer i opstrengning af tennisketsjere<\/h3>\n\n\n\n\n<p class=\"gb-headline gb-headline-c6c5990e gb-headline-text\">Denne video udforsker Best Stringer Worldwide (BSW) certificeringsprogrammet for opstrengning af tennisketsjere \u2013 et uddannelsesinitiativ designet til at forbedre standarderne for opstrengning af ketsjere. Vi vil gennemg\u00e5 de seks certificeringsniveauer, som BSW tilbyder, fra Certified Tennis Stringer til Professional Tennis String &amp; Tension Advisor.<\/p>\n\n\n<div class=\"gb-container gb-container-ec1a2ce6\">\n\n<div class=\"gb-container gb-container-238a634b\"><\/div>\n\n<\/div>\n\n\n\n<div id=\"youtube-player\"><\/div>\n<script>\nvar videoLoaded = false;\n\n\nfunction loadYouTubeVideo() {\nif (videoLoaded) return;\nvideoLoaded = true;\nvar tag = document.createElement('script');\ntag.src = \"https:\/\/www.youtube.com\/iframe_api\";\nvar firstScriptTag = document.getElementsByTagName('script')[0];\nfirstScriptTag.parentNode.insertBefore(tag, firstScriptTag);\n}\n\nfunction onYouTubeIframeAPIReady() {\nnew YT.Player('youtube-player', {\nheight: '360',\nwidth: '640',\nvideoId: 'AtGBRRdPgDU', \/\/ Your video ID\nevents: {\n'onReady': onPlayerReady\n}\n});\n}\n\nfunction onPlayerReady(event) {\n\/\/ Video is ready to play\n}\n\n\/\/ Load the YouTube API script when the page is scrolled\nwindow.addEventListener('scroll', loadYouTubeVideo, { once: true });\n\n\/\/ Also load if the user hasn't scrolled after 3 seconds\nsetTimeout(loadYouTubeVideo, 3000);\n<\/script>\n\n\n\n<\/div>\n\n<\/section>\n","protected":false},"excerpt":{"rendered":"<p>Certificering i opstrengning af tennisketsjere Best Stringer Worldwide (BSW) tilbyder certifikater i opstrengning af tennisketsjere. Disse certifikater verificerer opstrengningsf\u00e6rdigheder. Vores program tester b\u00e5de grundl\u00e6ggende opstrengningsmetoder og avanceret arbejde med tennisketsjere. Niveauer for certificering i opstrengning af tennisketsjere BSW har forskellige certifikater inden for opstrengning af tennisketsjere: Struktur for certificering i opstrengning af tennisketsjere Alle BSW-tests &#8230; <a title=\"Tennis Strengecertifikat\" class=\"read-more\" href=\"https:\/\/beststringer.com\/da\/tennis-stringing-certificate\/\" aria-label=\"Read more about Tennis Strengecertifikat\">L\u00e6s Mere<\/a><\/p>\n","protected":false},"author":1,"featured_media":40432,"parent":0,"menu_order":0,"comment_status":"closed","ping_status":"closed","template":"","meta":{"footnotes":""},"class_list":{"0":"post-40430","1":"page","2":"type-page","3":"status-publish","4":"has-post-thumbnail","6":"infinite-scroll-item"},"_links":{"self":[{"href":"https:\/\/beststringer.com\/da\/wp-json\/wp\/v2\/pages\/40430","targetHints":{"allow":["GET"]}}],"collection":[{"href":"https:\/\/beststringer.com\/da\/wp-json\/wp\/v2\/pages"}],"about":[{"href":"https:\/\/beststringer.com\/da\/wp-json\/wp\/v2\/types\/page"}],"author":[{"embeddable":true,"href":"https:\/\/beststringer.com\/da\/wp-json\/wp\/v2\/users\/1"}],"replies":[{"embeddable":true,"href":"https:\/\/beststringer.com\/da\/wp-json\/wp\/v2\/comments?post=40430"}],"version-history":[{"count":0,"href":"https:\/\/beststringer.com\/da\/wp-json\/wp\/v2\/pages\/40430\/revisions"}],"wp:featuredmedia":[{"embeddable":true,"href":"https:\/\/beststringer.com\/da\/wp-json\/wp\/v2\/media\/40432"}],"wp:attachment":[{"href":"https:\/\/beststringer.com\/da\/wp-json\/wp\/v2\/media?parent=40430"}],"curies":[{"name":"wp","href":"https:\/\/api.w.org\/{rel}","templated":true}]}}