{"id":39598,"date":"2024-08-06T04:55:03","date_gmt":"2024-08-06T04:55:03","guid":{"rendered":"https:\/\/beststringer.com\/certified-badminton-stringer-cbs-certification\/"},"modified":"2025-09-25T05:39:44","modified_gmt":"2025-09-25T05:39:44","slug":"certified-badminton-stringer-cbs-certification","status":"publish","type":"page","link":"https:\/\/beststringer.com\/da\/certified-badminton-stringer-cbs-certification\/","title":{"rendered":"Certificering som Certificeret Badminton Strenger (CBS)"},"content":{"rendered":"<div class=\"gb-container gb-container-f66bc834\">\n\n<div class=\"gb-container gb-container-37db13f4\">\n\n<div class=\"gb-container gb-container-3021f73c\">\n\n<div id=\"ez-toc-container\" class=\"ez-toc-v2_0_82_2 ez-toc-wrap-left counter-hierarchy ez-toc-counter ez-toc-custom ez-toc-container-direction\">\n<div class=\"ez-toc-title-container\">\n<p class=\"ez-toc-title\" style=\"cursor:inherit\">Topics<\/p>\n<span class=\"ez-toc-title-toggle\"><a href=\"#\" class=\"ez-toc-pull-right ez-toc-btn ez-toc-btn-xs ez-toc-btn-default ez-toc-toggle\" aria-label=\"Toggle Table of Content\"><span class=\"ez-toc-js-icon-con\"><span class=\"\"><span class=\"eztoc-hide\" style=\"display:none;\">Toggle<\/span><span class=\"ez-toc-icon-toggle-span\"><svg style=\"fill: #ffffff;color:#ffffff\" xmlns=\"http:\/\/www.w3.org\/2000\/svg\" class=\"list-377408\" width=\"20px\" height=\"20px\" viewBox=\"0 0 24 24\" fill=\"none\"><path d=\"M6 6H4v2h2V6zm14 0H8v2h12V6zM4 11h2v2H4v-2zm16 0H8v2h12v-2zM4 16h2v2H4v-2zm16 0H8v2h12v-2z\" fill=\"currentColor\"><\/path><\/svg><svg style=\"fill: #ffffff;color:#ffffff\" class=\"arrow-unsorted-368013\" xmlns=\"http:\/\/www.w3.org\/2000\/svg\" width=\"10px\" height=\"10px\" viewBox=\"0 0 24 24\" version=\"1.2\" baseProfile=\"tiny\"><path d=\"M18.2 9.3l-6.2-6.3-6.2 6.3c-.2.2-.3.4-.3.7s.1.5.3.7c.2.2.4.3.7.3h11c.3 0 .5-.1.7-.3.2-.2.3-.5.3-.7s-.1-.5-.3-.7zM5.8 14.7l6.2 6.3 6.2-6.3c.2-.2.3-.5.3-.7s-.1-.5-.3-.7c-.2-.2-.4-.3-.7-.3h-11c-.3 0-.5.1-.7.3-.2.2-.3.5-.3.7s.1.5.3.7z\"\/><\/svg><\/span><\/span><\/span><\/a><\/span><\/div>\n<nav><ul class='ez-toc-list ez-toc-list-level-1 eztoc-toggle-hide-by-default' ><li class='ez-toc-page-1 ez-toc-heading-level-3'><a class=\"ez-toc-link ez-toc-heading-1\" href=\"https:\/\/beststringer.com\/da\/certified-badminton-stringer-cbs-certification\/#Internationalt_certificeret_opstrenger_i_badminton_Laeringsmaal\" >Internationalt certificeret opstrenger i badminton L\u00e6ringsm\u00e5l<\/a><\/li><li class='ez-toc-page-1 ez-toc-heading-level-3'><a class=\"ez-toc-link ez-toc-heading-2\" href=\"https:\/\/beststringer.com\/da\/certified-badminton-stringer-cbs-certification\/#Krav_til_certificering_som_Internationalt_certificeret_opstrenger_i_badminton_CBS\" >Krav til certificering som Internationalt certificeret opstrenger i badminton (CBS)<\/a><\/li><li class='ez-toc-page-1 ez-toc-heading-level-3'><a class=\"ez-toc-link ez-toc-heading-3\" href=\"https:\/\/beststringer.com\/da\/certified-badminton-stringer-cbs-certification\/#Teoretisk_skriftlig_eksamen\" >Teoretisk skriftlig eksamen<\/a><\/li><li class='ez-toc-page-1 ez-toc-heading-level-3'><a class=\"ez-toc-link ez-toc-heading-4\" href=\"https:\/\/beststringer.com\/da\/certified-badminton-stringer-cbs-certification\/#Praktisk_eksamen_i_opstrengning_CBS\" >Praktisk eksamen i opstrengning (CBS)<\/a><\/li><li class='ez-toc-page-1 ez-toc-heading-level-3'><a class=\"ez-toc-link ez-toc-heading-5\" href=\"https:\/\/beststringer.com\/da\/certified-badminton-stringer-cbs-certification\/#Certificeringsbedoemmer\" >Certificeringsbed\u00f8mmer<\/a><\/li><li class='ez-toc-page-1 ez-toc-heading-level-3'><a class=\"ez-toc-link ez-toc-heading-6\" href=\"https:\/\/beststringer.com\/da\/certified-badminton-stringer-cbs-certification\/#Certificeringsbevis\" >Certificeringsbevis<\/a><\/li><li class='ez-toc-page-1 ez-toc-heading-level-3'><a class=\"ez-toc-link ez-toc-heading-7\" href=\"https:\/\/beststringer.com\/da\/certified-badminton-stringer-cbs-certification\/#Eksempel_paa_certifikat_kun\" >Eksempel p\u00e5 certifikat kun<\/a><\/li><li class='ez-toc-page-1 ez-toc-heading-level-3'><a class=\"ez-toc-link ez-toc-heading-8\" href=\"https:\/\/beststringer.com\/da\/certified-badminton-stringer-cbs-certification\/#Certificeringsforloeb\" >Certificeringsforl\u00f8b<\/a><\/li><li class='ez-toc-page-1 ez-toc-heading-level-3'><a class=\"ez-toc-link ez-toc-heading-9\" href=\"https:\/\/beststringer.com\/da\/certified-badminton-stringer-cbs-certification\/#Internationalt_certificeret_opstrenger_i_badminton_CBS\" >Internationalt certificeret opstrenger i badminton (CBS)<\/a><\/li><li class='ez-toc-page-1 ez-toc-heading-level-3'><a class=\"ez-toc-link ez-toc-heading-10\" href=\"https:\/\/beststringer.com\/da\/certified-badminton-stringer-cbs-certification\/#BSW_Program_for_Internationalt_certificeret_opstrenger_i_badminton\" >BSW Program for Internationalt certificeret opstrenger i badminton<\/a><\/li><\/ul><\/nav><\/div>\n\n\n\n\n\n<p class=\"gb-headline gb-headline-7d760a3f gb-headline-text\">BSW&#8217;s program for Internationalt certificeret opstrenger i badminton underviser i grundl\u00e6ggende f\u00e6rdigheder inden for opstrengning af ketsjere. Denne certificering forbereder opstrengere til at betjene motionister, som udg\u00f8r 90 % af badmintonsamfundet.<\/p>\n\n<\/div>\n<\/div>\n\n<div class=\"gb-container gb-container-0787b207\">\n\n<div class=\"gb-container gb-container-eed18cdf\">\n\n\n\n<h3 class=\"gb-headline gb-headline-59f1817a gb-headline-text\"><span class=\"ez-toc-section\" id=\"Internationalt_certificeret_opstrenger_i_badminton_Laeringsmaal\"><\/span><strong>Internationalt certificeret opstrenger i badminton <mark style=\"background-color:rgba(0, 0, 0, 0)\" class=\"has-inline-color has-global-color-9-color\">L\u00e6ringsm\u00e5l<\/mark><\/strong><span class=\"ez-toc-section-end\"><\/span><\/h3>\n\n\n\n\n<ul class=\"wp-block-list\">\n<li>Forst\u00e5 den grundl\u00e6ggende struktur af en badmintonketsjer<\/li>\n\n\n\n\n<li>Mestre opstrengningsteknikker med 2-knude og 4-knude<\/li>\n\n\n\n\n<li>L\u00e6re at opretholde ensartede pund (lbs)<\/li>\n\n\n\n\n<li>Udvikle effektive kommunikationsevner med kunder<\/li>\n\n\n\n\n<li>Opn\u00e5 omfattende viden om opstrengning af ketsjere<\/li>\n\n\n\n\n<li>Tilegne sig en dybere forst\u00e5else end den, traditionelle badmintonbutikker tilbyder<\/li>\n\n\n\n\n<li>L\u00e6re professionelle opstrengningsteknikker og bedste praksis<\/li>\n\n\n\n\n<li>Udvikle f\u00e6rdigheder inden for opstrengning af ketsjere, der overg\u00e5r traditionelle metoder i kvalitet og pr\u00e6cision<\/li>\n\n\n\n\n<li>Kunne forklare generelle koncepter for opstrengning til motionister<\/li>\n\n\n\n\n<li>Anbefale passende badmintonstrenge og pund (lbs)<\/li>\n\n\n\n\n<li>Forbedre spilleres spil gennem velinformeret forberedelse af ketsjere<\/li>\n<\/ul>\n\n<\/div>\n<\/div>\n\n<div class=\"gb-container gb-container-227b6b28\">\n\n\n\n<h3 class=\"gb-headline gb-headline-e5c79f72 gb-headline-text\"><span class=\"ez-toc-section\" id=\"Krav_til_certificering_som_Internationalt_certificeret_opstrenger_i_badminton_CBS\"><\/span><mark style=\"background-color:rgba(0, 0, 0, 0)\" class=\"has-inline-color has-global-color-9-color\">Krav<\/mark> til certificering som Internationalt certificeret opstrenger i badminton (CBS)<span class=\"ez-toc-section-end\"><\/span><\/h3>\n\n\n\n\n<p>For at v\u00e6re berettiget til denne certificering skal opstrengere opfylde f\u00f8lgende krav:<\/p>\n\n\n\n\n<ul class=\"wp-block-list\">\n<li>Minimum 3 \u00e5rs erfaring med at spille badminton<\/li>\n\n\n\n\n<li>Skal have forst\u00e5else for korrekt grundl\u00e6ggende badmintonteknik<\/li>\n\n\n\n\n<li>Best\u00e5et BSW Certified String Advisor \u2013 Badminton (CSA-B)<\/li>\n\n\n\n\n<li>Minimum 5 \u00e5rs professionel erfaring med opstrengning af ketsjere for kunder<\/li>\n\n\n\n\n<li>Have en sk\u00e5nsom, standard digital opstrengningsmaskine med 6-punkts montering, klemme med magnetl\u00e5s og et generelt pr\u00e6cist og ensartet tr\u00e6khoved.<\/li>\n\n\n\n\n<li>Mindst 18 \u00e5r gammel<\/li>\n<\/ul>\n\n\n\n\n<p>Kun kandidater, der opfylder disse kriterier, vil f\u00e5 lov til at gennemg\u00e5 certificeringsprocessen for Internationalt certificeret opstrenger i badminton.<\/p>\n\n<\/div>\n\n<div class=\"gb-container gb-container-8072e76b\">\n\n<div class=\"gb-container gb-container-eabf3753\">\n\n\n\n<h3 class=\"gb-headline gb-headline-0ad93116 gb-headline-text\"><span class=\"ez-toc-section\" id=\"Teoretisk_skriftlig_eksamen\"><\/span><strong><mark style=\"background-color:rgba(0, 0, 0, 0)\" class=\"has-inline-color has-global-color-9-color\">Teoretisk skriftlig<\/mark> eksamen<\/strong><span class=\"ez-toc-section-end\"><\/span><\/h3>\n\n\n\n\n<p>Teoretisk viden udg\u00f8r <strong>50 % af certificeringen<\/strong>. Kandidaten skal:<\/p>\n\n\n\n\n<p>Skriftlig eksamen:<br>50 multiple-choice-sp\u00f8rgsm\u00e5l om grundl\u00e6ggende badmintonopstrengning.<br>Emnerne inkluderer:<\/p>\n\n\n\n\n<ul class=\"wp-block-list\">\n<li>Teknikker til opstrengning af ketsjere i badminton<\/li>\n\n\n\n\n<li>Grundl\u00e6ggende forst\u00e5else af pund (lbs)<\/li>\n\n\n\n\n<li>Typer og strukturer af ketsjerrammer<\/li>\n\n\n\n\n<li>Opstrengningsm\u00f8nstre<\/li>\n\n\n\n\n<li>Grebtyper og p\u00e5f\u00f8ring<\/li>\n\n\n\n\n<li>Strengtykkelse og -egenskaber<\/li>\n\n\n\n\n<li>Principper for opstrengere<\/li>\n\n\n\n\n<li>Strengtyper og deres virkning<\/li>\n\n\n\n\n<li>Effekten af pund (lbs) p\u00e5 spillet<\/li>\n\n\n\n\n<li>Ketsjerteknologi<\/li>\n<\/ul>\n\n\n\n\n<p>Kundeservice-simulering:<\/p>\n\n\n\n\n<ul class=\"wp-block-list\">\n<li>5-minutters interview, der demonstrerer kundeservicef\u00e6rdigheder<\/li>\n\n\n\n\n<li>Vurdering af evnen til at formidle koncepter for opstrengning til kunder<\/li>\n\n\n\n\n<li>Evaluering af tilgangen til kundehenvendelser og -bekymringer<\/li>\n<\/ul>\n\n\n\n\n<p>Kandidater skal gennemf\u00f8re b\u00e5de den skriftlige pr\u00f8ve og kundeservice-interviewet for at opfylde den teoretiske del af certificeringen.<\/p>\n\n<\/div>\n<\/div>\n\n<div class=\"gb-container gb-container-90ecf704\">\n\n<div class=\"gb-container gb-container-5939e332\">\n\n\n\n<h3 class=\"gb-headline gb-headline-fd44004c gb-headline-text\"><span class=\"ez-toc-section\" id=\"Praktisk_eksamen_i_opstrengning_CBS\"><\/span><strong><mark style=\"background-color:rgba(0, 0, 0, 0)\" class=\"has-inline-color has-global-color-9-color\">Praktisk<\/mark> eksamen i opstrengning (CBS) <\/strong><span class=\"ez-toc-section-end\"><\/span><\/h3>\n\n\n\n\n<p class=\"gb-headline gb-headline-053891c0 gb-headline-text\">Praktiske f\u00e6rdigheder i opstrengning udg\u00f8r <strong>50 % af denne certificering som Internationalt certificeret opstrenger i badminton<\/strong>. Kandidaten skal:<\/p>\n\n\n\n\n<p>Opstrenge fire standard badmintonketsjere (22 l\u00e6ngde, 22 tv\u00e6r):<\/p>\n\n\n\n\n<ul class=\"wp-block-list\">\n<li>To ketsjere med 2-knude-metoden<\/li>\n\n\n\n\n<li>To ketsjere med 4-knude-metoden<\/li>\n<\/ul>\n\n\n\n\n<p>For hver ketsjer:<\/p>\n\n\n\n\n<ul class=\"wp-block-list\">\n<li>Gennemf\u00f8re opstrengningen inden for 60 minutter<\/li>\n\n\n\n\n<li>Inspicere rammen og streng\u00f8jer\/grommets for skader<\/li>\n\n\n\n\n<li>Klippe og fjerne gamle strenge korrekt<\/li>\n\n\n\n\n<li>Montere ketsjeren korrekt<\/li>\n\n\n\n\n<li>F\u00f8re strengene forsigtigt gennem streng\u00f8jerne uden at for\u00e5rsage skade<\/li>\n\n\n\n\n<li>Binde korrekte, stramme knuder<\/li>\n\n\n\n\n<li>Sikre, at den sidste streng ikke er for l\u00f8s efter knudebinding<\/li>\n\n\n\n\n<li>Undg\u00e5 overlappede eller krydsede strenge<\/li>\n\n\n\n\n<li>Sikre, at l\u00e6ngde- og tv\u00e6rstrenge er lige og p\u00e6ne<\/li>\n<\/ul>\n\n\n\n\n<p>Sikre ensartede pund (lbs) p\u00e5 tv\u00e6rs af alle ketsjere:<\/p>\n\n\n\n\n<ul class=\"wp-block-list\">\n<li>Maksimalt 2 DT forskel ved test med en m\u00e5leenhed<\/li>\n\n\n\n\n<li>Alle ketsjere opstrenget med de samme pund (lbs)<\/li>\n<\/ul>\n\n\n\n\n<figure class=\"gb-block-image gb-block-image-9aefddeb\"><img loading=\"lazy\" decoding=\"async\" width=\"846\" height=\"622\" class=\"gb-image gb-image-9aefddeb\" src=\"https:\/\/beststringer.com\/wp-content\/uploads\/2024\/10\/Certified-Badminton-Stringer-CBS-Certification-Badminton-Stringing-Certification.png\" alt=\"Certificering som Internationalt certificeret opstrenger i badminton (CBS), certificering i opstrengning\" title=\"Certificering som Internationalt certificeret opstrenger i badminton (CBS), certificering i opstrengning\" srcset=\"https:\/\/beststringer.com\/wp-content\/uploads\/2024\/10\/Certified-Badminton-Stringer-CBS-Certification-Badminton-Stringing-Certification.png 846w, https:\/\/beststringer.com\/wp-content\/uploads\/2024\/10\/Certified-Badminton-Stringer-CBS-Certification-Badminton-Stringing-Certification-300x221.png 300w, https:\/\/beststringer.com\/wp-content\/uploads\/2024\/10\/Certified-Badminton-Stringer-CBS-Certification-Badminton-Stringing-Certification-768x565.png 768w\" sizes=\"auto, (max-width: 846px) 100vw, 846px\" \/><\/figure>\n\n<\/div>\n<\/div>\n\n<div class=\"gb-container gb-container-f0989cee\">\n\n<div class=\"gb-container gb-container-e0d32fa5\">\n\n\n\n<h3 class=\"gb-headline gb-headline-fb417e2a gb-headline-text\"><span class=\"ez-toc-section\" id=\"Certificeringsbedoemmer\"><\/span><strong>Certificerings<mark style=\"background-color:rgba(0, 0, 0, 0)\" class=\"has-inline-color has-global-color-9-color\">bed\u00f8mmer<\/mark><\/strong><span class=\"ez-toc-section-end\"><\/span><\/h3>\n\n\n\n\n<p>Certificeringsbed\u00f8mmeren vil evaluere disse f\u00e6rdigheder ud fra nedenst\u00e5ende for at sikre, at kandidaten opfylder de kr\u00e6vede standarder for certificeringen som Internationalt certificeret opstrenger i badminton (CBS).<\/p>\n\n\n\n\n<ul class=\"wp-block-list\">\n<li>Korrekt opstrengningsteknik for b\u00e5de 2-knude- og 4-knude-metoderne<\/li>\n\n\n\n\n<li>Ingen krydsede strenge i strengfladen<\/li>\n\n\n\n\n<li>Bevaret rammeform<\/li>\n\n\n\n\n<li>Ingen skader p\u00e5 strenge eller streng\u00f8jer\/grommets<\/li>\n\n\n\n\n<li>Lige, j\u00e6vnt sp\u00e6ndte strenge<\/li>\n\n\n\n\n<li>Ensartet stivhed i strengfladen p\u00e5 tv\u00e6rs af alle fire ketsjere<\/li>\n\n\n\n\n<li>Korrekt tidsstyring (60 minutter pr. ketsjer)<\/li>\n\n\n\n\n<li>Pr\u00e6cise svar p\u00e5 teoretiske sp\u00f8rgsm\u00e5l<\/li>\n\n\n\n\n<li>Passende tilgang til kundeservice<\/li>\n<\/ul>\n\n\n<div class=\"gb-container gb-container-79c3d10c\">\n\n<div class=\"gb-container gb-container-6cec1a21\">\n\n\n\n<h3 class=\"gb-headline gb-headline-31ecb21f gb-headline-text\"><span class=\"ez-toc-section\" id=\"Certificeringsbevis\"><\/span><strong>Certificerings<mark style=\"background-color:rgba(0, 0, 0, 0)\" class=\"has-inline-color has-global-color-9-color\">bevis<\/mark><\/strong><span class=\"ez-toc-section-end\"><\/span><\/h3>\n\n\n\n\n<p class=\"gb-headline gb-headline-dee6187b gb-headline-text\">Opstrengere, der med succes best\u00e5r begge dele af eksamenen, vil modtage et BSW-certifikat som <mark style=\"background-color:rgba(0, 0, 0, 0)\" class=\"has-inline-color has-accent-color\"><strong><a href=\"https:\/\/beststringer.com\/da\/certified-badminton-stringer-cbs-certification\/\">Internationalt certificeret opstrenger i badminton<\/a><\/strong><\/mark>. Dette officielle dokument, udstedt af Best Stringer Worldwide (BSW), anerkender opstrengerens demonstrerede f\u00e6rdigheder og viden. Det originale certifikat som Internationalt certificeret opstrenger i badminton vil blive sendt til succesfulde kandidater i ethvert land, hvilket validerer deres pr\u00e6station inden for opstrengning af badmintonketsjere.<\/p>\n\n\n\n\n<h3 class=\"gb-headline gb-headline-fff45e8d gb-headline-text\"><span class=\"ez-toc-section\" id=\"Eksempel_paa_certifikat_kun\"><\/span><strong>Eksempel p\u00e5 certifikat <mark style=\"background-color:rgba(0, 0, 0, 0)\" class=\"has-inline-color has-global-color-9-color\">kun<\/mark><\/strong><span class=\"ez-toc-section-end\"><\/span><\/h3>\n\n\n\n\n<p class=\"gb-headline gb-headline-bc007b36 gb-headline-text\">BSW anvender strenge sikkerhedsforanstaltninger for at verificere \u00e6gtheden af enhver certificeret opstrenger. Dette sikrer, at spillere trygt kan identificere og f\u00e5 adgang til de dygtigste og mest legitime opstrengere i deres land. Vores certificeringsproces opretholder de h\u00f8jeste standarder for fremragenhed inden for opstrengning af badmintonketsjere p\u00e5 verdensplan.<\/p>\n\n<\/div>\n<\/div>\n\n<div class=\"gb-container gb-container-4afbca5d\">\n\n<div class=\"gb-container gb-container-4ad5da32\">\n\n\n\n<figure class=\"gb-block-image gb-block-image-92769f8f\"><img loading=\"lazy\" decoding=\"async\" width=\"1414\" height=\"2000\" class=\"gb-image gb-image-92769f8f\" src=\"https:\/\/beststringer.com\/wp-content\/uploads\/2024\/09\/Certified-Badminton-Stringer-Certificate-by-Best-Stringer-Worldwide-Recognize.png\" alt=\"Certifikat for Internationalt certificeret opstrenger i badminton anerkendt af Best Stringer Worldwide\" title=\"Certifikat for Internationalt certificeret opstrenger i badminton anerkendt af Best Stringer Worldwide\" srcset=\"https:\/\/beststringer.com\/wp-content\/uploads\/2024\/09\/Certified-Badminton-Stringer-Certificate-by-Best-Stringer-Worldwide-Recognize.png 1414w, https:\/\/beststringer.com\/wp-content\/uploads\/2024\/09\/Certified-Badminton-Stringer-Certificate-by-Best-Stringer-Worldwide-Recognize-212x300.png 212w, https:\/\/beststringer.com\/wp-content\/uploads\/2024\/09\/Certified-Badminton-Stringer-Certificate-by-Best-Stringer-Worldwide-Recognize-724x1024.png 724w, https:\/\/beststringer.com\/wp-content\/uploads\/2024\/09\/Certified-Badminton-Stringer-Certificate-by-Best-Stringer-Worldwide-Recognize-768x1086.png 768w, https:\/\/beststringer.com\/wp-content\/uploads\/2024\/09\/Certified-Badminton-Stringer-Certificate-by-Best-Stringer-Worldwide-Recognize-1086x1536.png 1086w\" sizes=\"auto, (max-width: 1414px) 100vw, 1414px\" \/><\/figure>\n\n\n\n\n<p><em>Kun et eksempel p\u00e5 certifikat<\/em>, forskellige lande kan anmode om landespecifikke certifikater for certificerede opstrengere fra BSW.<\/p>\n\n<\/div>\n<\/div>\n<\/div>\n<\/div>\n\n<div class=\"gb-container gb-container-e795a955\">\n\n<div class=\"gb-container gb-container-d066f1b5\">\n\n\n\n<h3 class=\"gb-headline gb-headline-acc2e1f3 gb-headline-text\"><span class=\"ez-toc-section\" id=\"Certificeringsforloeb\"><\/span><strong>Certificerings<mark style=\"background-color:rgba(0, 0, 0, 0)\" class=\"has-inline-color has-global-color-9-color\">forl\u00f8b<\/mark><\/strong><span class=\"ez-toc-section-end\"><\/span><\/h3>\n\n\n\n\n<p class=\"gb-headline gb-headline-4bd3f787 gb-headline-text\">BSW&#8217;s certificeringsforl\u00f8b for badmintonopstrengere tilbyder en omfattende rejse for opstrengere mod at opn\u00e5 ekspertise. Startende med niveauet Internationalt certificeret opstrenger i badminton (CBS) kan opstrengere avancere gennem Professionel Badmintonopstrenger (PBS) for til sidst at opn\u00e5 status som Master Badminton Tour Stringer (MBTS). Dette forl\u00f8b inkluderer ogs\u00e5 specialiserede certificeringer inden for pund (lbs) og r\u00e5dgivning om strenge. Ved at gennemf\u00f8re hvert niveau demonstrerer opstrengere stigende ekspertise, med det ultimative m\u00e5l at blive anerkendt som en &#8220;Best Stringer Worldwide&#8221; \u2013 et tegn p\u00e5 sand mesterlighed inden for opstrengning i badmintonsamfundet.<\/p>\n\n<\/div>\n<\/div>\n\n<div class=\"gb-container gb-container-3f6cf47c\">\n\n<div class=\"gb-container gb-container-5ab047f1\">\n\n\n\n<figure class=\"gb-block-image gb-block-image-e9098f01\"><img loading=\"lazy\" decoding=\"async\" width=\"800\" height=\"482\" class=\"gb-image gb-image-e9098f01\" src=\"https:\/\/beststringer.com\/wp-content\/uploads\/2024\/08\/Certified-Badminton-Stringer-CBS-Certification-by-Best-Stringer-Worldwide-Badminton-Stringing-Certificate.jpg\" alt=\"Certificering som Internationalt certificeret opstrenger (CBS) fra Best Stringer Worldwide, certifikat for opstrengning\" title=\"Certificering som Internationalt certificeret opstrenger (CBS) fra Best Stringer Worldwide, certifikat for opstrengning\" srcset=\"https:\/\/beststringer.com\/wp-content\/uploads\/2024\/08\/Certified-Badminton-Stringer-CBS-Certification-by-Best-Stringer-Worldwide-Badminton-Stringing-Certificate.jpg 800w, https:\/\/beststringer.com\/wp-content\/uploads\/2024\/08\/Certified-Badminton-Stringer-CBS-Certification-by-Best-Stringer-Worldwide-Badminton-Stringing-Certificate-300x181.jpg 300w, https:\/\/beststringer.com\/wp-content\/uploads\/2024\/08\/Certified-Badminton-Stringer-CBS-Certification-by-Best-Stringer-Worldwide-Badminton-Stringing-Certificate-768x463.jpg 768w\" sizes=\"auto, (max-width: 800px) 100vw, 800px\" \/><\/figure>\n\n<\/div>\n<\/div>\n<\/div>\n\n<section class=\"gb-container gb-container-21e3c652\">\n\n<div class=\"gb-container gb-container-11344779\">\n\n\n\n<h3 class=\"gb-headline gb-headline-39f4cce2 gb-headline-text\"><span class=\"ez-toc-section\" id=\"Internationalt_certificeret_opstrenger_i_badminton_CBS\"><\/span>Internationalt certificeret opstrenger i badminton (CBS)<span class=\"ez-toc-section-end\"><\/span><\/h3>\n\n\n\n\n<p class=\"gb-headline gb-headline-c6c5990e gb-headline-text\">Opdag, hvad der kr\u00e6ves for at blive en Internationalt certificeret opstrenger i badminton (CBS) i denne omfattende guide. L\u00e6r om de f\u00e6rdigheder, den viden og den erfaring, der er n\u00f8dvendig for CBS-certificering, herunder at mestre opstrengningsteknikker med 2-knude og 4-knude, forst\u00e5else for pund (lbs) og udvikling af afg\u00f8rende kundeservicef\u00e6rdigheder.<\/p>\n\n\n<div class=\"gb-container gb-container-ec1a2ce6\">\n\n<div class=\"gb-container gb-container-238a634b\"><\/div>\n\n<\/div>\n\n\n\n<div id=\"youtube-player\"><\/div>\n<script>\nvar videoLoaded = false;\n\n\nfunction loadYouTubeVideo() {\nif (videoLoaded) return;\nvideoLoaded = true;\nvar tag = document.createElement('script');\ntag.src = \"https:\/\/www.youtube.com\/iframe_api\";\nvar firstScriptTag = document.getElementsByTagName('script')[0];\nfirstScriptTag.parentNode.insertBefore(tag, firstScriptTag);\n}\n\nfunction onYouTubeIframeAPIReady() {\nnew YT.Player('youtube-player', {\nheight: '360',\nwidth: '640',\nvideoId: 'bA-kSy0NDiQ', \/\/ Your video ID\nevents: {\n'onReady': onPlayerReady\n}\n});\n}\n\nfunction onPlayerReady(event) {\n\/\/ Video is ready to play\n}\n\n\/\/ Load the YouTube API script when the page is scrolled\nwindow.addEventListener('scroll', loadYouTubeVideo, { once: true });\n\n\/\/ Also load if the user hasn't scrolled after 3 seconds\nsetTimeout(loadYouTubeVideo, 3000);\n<\/script>\n\n\n\n<\/div>\n\n<\/section>\n\n<section class=\"gb-container gb-container-49b9586e\">\n\n<div class=\"gb-container gb-container-a2e9522c\"><\/div>\n\n<div class=\"gb-container gb-container-0e11192a\">\n\n\n\n<h3 class=\"gb-headline gb-headline-5cf408ee gb-headline-text\"><span class=\"ez-toc-section\" id=\"BSW_Program_for_Internationalt_certificeret_opstrenger_i_badminton\"><\/span>BSW Program for Internationalt certificeret opstrenger i badminton<span class=\"ez-toc-section-end\"><\/span><\/h3>\n\n\n<div class=\"gb-container gb-container-daaa2e63\">\n\n<div class=\"gb-container gb-container-bda621fe\"><\/div>\n\n<div class=\"gb-container gb-container-4b0ac72b\"><\/div>\n\n<\/div>\n\n\n\n<p class=\"gb-headline gb-headline-edf98545 gb-headline-text\">L\u00e6r professionelle f\u00e6rdigheder inden for opstrengning af badmintonketsjere. Denne certificering d\u00e6kker korrekte teknikker, ketsjerteknologi og vurdering af spillerbehov for b\u00e5de motionister og konkurrencespillere.<\/p>\n\n\n\n\n\n<a class=\"gb-button gb-button-a29641e0 gb-button-text\" href=\"#\">Detaljer om certificering<\/a>\n\n\n\n<\/div>\n\n<\/section>\n","protected":false},"excerpt":{"rendered":"<p>BSW&#8217;s program for Internationalt certificeret opstrenger i badminton underviser i grundl\u00e6ggende f\u00e6rdigheder inden for opstrengning af ketsjere. Denne certificering forbereder opstrengere til at betjene motionister, som udg\u00f8r 90 % af badmintonsamfundet. Internationalt certificeret opstrenger i badminton L\u00e6ringsm\u00e5l Krav til certificering som Internationalt certificeret opstrenger i badminton (CBS) For at v\u00e6re berettiget til denne certificering skal &#8230; <a title=\"Certificering som Certificeret Badminton Strenger (CBS)\" class=\"read-more\" href=\"https:\/\/beststringer.com\/da\/certified-badminton-stringer-cbs-certification\/\" aria-label=\"Read more about Certificering som Certificeret Badminton Strenger (CBS)\">L\u00e6s Mere<\/a><\/p>\n","protected":false},"author":1,"featured_media":39600,"parent":0,"menu_order":0,"comment_status":"closed","ping_status":"closed","template":"","meta":{"footnotes":""},"class_list":{"0":"post-39598","1":"page","2":"type-page","3":"status-publish","4":"has-post-thumbnail","6":"infinite-scroll-item"},"_links":{"self":[{"href":"https:\/\/beststringer.com\/da\/wp-json\/wp\/v2\/pages\/39598","targetHints":{"allow":["GET"]}}],"collection":[{"href":"https:\/\/beststringer.com\/da\/wp-json\/wp\/v2\/pages"}],"about":[{"href":"https:\/\/beststringer.com\/da\/wp-json\/wp\/v2\/types\/page"}],"author":[{"embeddable":true,"href":"https:\/\/beststringer.com\/da\/wp-json\/wp\/v2\/users\/1"}],"replies":[{"embeddable":true,"href":"https:\/\/beststringer.com\/da\/wp-json\/wp\/v2\/comments?post=39598"}],"version-history":[{"count":0,"href":"https:\/\/beststringer.com\/da\/wp-json\/wp\/v2\/pages\/39598\/revisions"}],"wp:featuredmedia":[{"embeddable":true,"href":"https:\/\/beststringer.com\/da\/wp-json\/wp\/v2\/media\/39600"}],"wp:attachment":[{"href":"https:\/\/beststringer.com\/da\/wp-json\/wp\/v2\/media?parent=39598"}],"curies":[{"name":"wp","href":"https:\/\/api.w.org\/{rel}","templated":true}]}}