{"id":39366,"date":"2024-08-05T14:09:16","date_gmt":"2024-08-05T14:09:16","guid":{"rendered":"https:\/\/beststringer.com\/stringing-certificate\/"},"modified":"2025-09-25T05:38:02","modified_gmt":"2025-09-25T05:38:02","slug":"stringing-certificate","status":"publish","type":"page","link":"https:\/\/beststringer.com\/da\/stringing-certificate\/","title":{"rendered":"BSW Ketsjerstrengningscertifikat &#8211; Eksamensproces og Niveauer"},"content":{"rendered":"<div class=\"gb-container gb-container-f66bc834\">\n\n<div class=\"gb-container gb-container-3423e27e\">\n\n<div class=\"gb-container gb-container-4ea2fbf1\">\n\n<div id=\"ez-toc-container\" class=\"ez-toc-v2_0_82_2 ez-toc-wrap-left counter-hierarchy ez-toc-counter ez-toc-custom ez-toc-container-direction\">\n<div class=\"ez-toc-title-container\">\n<p class=\"ez-toc-title\" style=\"cursor:inherit\">Topics<\/p>\n<span class=\"ez-toc-title-toggle\"><a href=\"#\" class=\"ez-toc-pull-right ez-toc-btn ez-toc-btn-xs ez-toc-btn-default ez-toc-toggle\" aria-label=\"Toggle Table of Content\"><span class=\"ez-toc-js-icon-con\"><span class=\"\"><span class=\"eztoc-hide\" style=\"display:none;\">Toggle<\/span><span class=\"ez-toc-icon-toggle-span\"><svg style=\"fill: #ffffff;color:#ffffff\" xmlns=\"http:\/\/www.w3.org\/2000\/svg\" class=\"list-377408\" width=\"20px\" height=\"20px\" viewBox=\"0 0 24 24\" fill=\"none\"><path d=\"M6 6H4v2h2V6zm14 0H8v2h12V6zM4 11h2v2H4v-2zm16 0H8v2h12v-2zM4 16h2v2H4v-2zm16 0H8v2h12v-2z\" fill=\"currentColor\"><\/path><\/svg><svg style=\"fill: #ffffff;color:#ffffff\" class=\"arrow-unsorted-368013\" xmlns=\"http:\/\/www.w3.org\/2000\/svg\" width=\"10px\" height=\"10px\" viewBox=\"0 0 24 24\" version=\"1.2\" baseProfile=\"tiny\"><path d=\"M18.2 9.3l-6.2-6.3-6.2 6.3c-.2.2-.3.4-.3.7s.1.5.3.7c.2.2.4.3.7.3h11c.3 0 .5-.1.7-.3.2-.2.3-.5.3-.7s-.1-.5-.3-.7zM5.8 14.7l6.2 6.3 6.2-6.3c.2-.2.3-.5.3-.7s-.1-.5-.3-.7c-.2-.2-.4-.3-.7-.3h-11c-.3 0-.5.1-.7.3-.2.2-.3.5-.3.7s.1.5.3.7z\"\/><\/svg><\/span><\/span><\/span><\/a><\/span><\/div>\n<nav><ul class='ez-toc-list ez-toc-list-level-1 eztoc-toggle-hide-by-default' ><li class='ez-toc-page-1 ez-toc-heading-level-2'><a class=\"ez-toc-link ez-toc-heading-1\" href=\"https:\/\/beststringer.com\/da\/stringing-certificate\/#Ketsjer_Opstrengningscertifikat\" >Ketsjer Opstrengningscertifikat<\/a><ul class='ez-toc-list-level-3' ><li class='ez-toc-heading-level-3'><a class=\"ez-toc-link ez-toc-heading-2\" href=\"https:\/\/beststringer.com\/da\/stringing-certificate\/#Certificeringsniveauer\" >Certificeringsniveauer<\/a><\/li><li class='ez-toc-page-1 ez-toc-heading-level-3'><a class=\"ez-toc-link ez-toc-heading-3\" href=\"https:\/\/beststringer.com\/da\/stringing-certificate\/#Eksamensstruktur\" >Eksamensstruktur<\/a><\/li><li class='ez-toc-page-1 ez-toc-heading-level-3'><a class=\"ez-toc-link ez-toc-heading-4\" href=\"https:\/\/beststringer.com\/da\/stringing-certificate\/#Mulighed_for_direkte_eksamen\" >Mulighed for direkte eksamen<\/a><\/li><li class='ez-toc-page-1 ez-toc-heading-level-3'><a class=\"ez-toc-link ez-toc-heading-5\" href=\"https:\/\/beststringer.com\/da\/stringing-certificate\/#Eksamensgebyrer\" >Eksamensgebyrer<\/a><\/li><li class='ez-toc-page-1 ez-toc-heading-level-3'><a class=\"ez-toc-link ez-toc-heading-6\" href=\"https:\/\/beststringer.com\/da\/stringing-certificate\/#Eksamensproces\" >Eksamensproces<\/a><\/li><li class='ez-toc-page-1 ez-toc-heading-level-3'><a class=\"ez-toc-link ez-toc-heading-7\" href=\"https:\/\/beststringer.com\/da\/stringing-certificate\/#Certificeringsspecialisering_og_anerkendelse\" >Certificeringsspecialisering og anerkendelse<\/a><\/li><li class='ez-toc-page-1 ez-toc-heading-level-3'><a class=\"ez-toc-link ez-toc-heading-8\" href=\"https:\/\/beststringer.com\/da\/stringing-certificate\/#Gennemsigtighed_og_integritet\" >Gennemsigtighed og integritet<\/a><\/li><li class='ez-toc-page-1 ez-toc-heading-level-3'><a class=\"ez-toc-link ez-toc-heading-9\" href=\"https:\/\/beststringer.com\/da\/stringing-certificate\/#BSW_certificeringseksamener_i_opstrengning\" >BSW certificeringseksamener i opstrengning<\/a><\/li><li class='ez-toc-page-1 ez-toc-heading-level-3'><a class=\"ez-toc-link ez-toc-heading-10\" href=\"https:\/\/beststringer.com\/da\/stringing-certificate\/#BSWs_certificeringsproces_i_opstrengning\" >BSW&#8217;s certificeringsproces i opstrengning<\/a><\/li><\/ul><\/li><\/ul><\/nav><\/div>\n\n\n\n\n\n<h2 class=\"gb-headline gb-headline-79589317 gb-headline-text\"><span class=\"ez-toc-section\" id=\"Ketsjer_Opstrengningscertifikat\"><\/span>Ketsjer <mark style=\"background-color:rgba(0, 0, 0, 0)\" class=\"has-inline-color has-global-color-9-color\">Opstrengningscertifikat<\/mark><span class=\"ez-toc-section-end\"><\/span><\/h2>\n\n\n\n\n<p class=\"gb-headline gb-headline-d07d49cf gb-headline-text\">Best Stringer Worldwide (BSW) tilbyder omfattende certificeringseksamener for professionelle inden for opstrengning af ketsjere. Vores eksamener d\u00e6kker tre store ketsjersportsgrene:<\/p>\n\n\n\n\n<ol class=\"wp-block-list\">\n<li><a href=\"https:\/\/beststringer.com\/da\/badminton-stringing-certificate\/\">Badminton<\/a><\/li>\n\n\n\n\n<li><a href=\"https:\/\/beststringer.com\/da\/tennis-stringing-certificate\/\">Tennis<\/a><\/li>\n\n\n\n\n<li>Squash<\/li>\n<\/ol>\n\n<\/div>\n<\/div>\n\n<div class=\"gb-container gb-container-37db13f4\">\n\n<div class=\"gb-container gb-container-3021f73c\">\n\n\n\n<h3 class=\"gb-headline gb-headline-e5c79f72 gb-headline-text\"><span class=\"ez-toc-section\" id=\"Certificeringsniveauer\"><\/span>Certificerings<mark style=\"background-color:rgba(0, 0, 0, 0)\" class=\"has-inline-color has-global-color-9-color\">niveauer<\/mark><span class=\"ez-toc-section-end\"><\/span><\/h3>\n\n\n\n\n<p class=\"gb-headline gb-headline-7d760a3f gb-headline-text\">BSW tilbyder en r\u00e6kke certificeringer for at im\u00f8dekomme forskellige specialiseringer inden for opstrengning af ketsjere:<\/p>\n\n\n\n\n<ol class=\"wp-block-list\">\n<li><a href=\"https:\/\/beststringer.com\/da\/certified-badminton-stringer-cbs-certification\/\">Certificeret Badminton Opstrenger (CBS)<\/a><\/li>\n\n\n\n\n<li><a href=\"https:\/\/beststringer.com\/da\/professional-badminton-stringer-pbs-certification\/\">Professionel Badminton Opstrenger (PBS)<\/a><\/li>\n\n\n\n\n<li><a href=\"https:\/\/beststringer.com\/da\/master-badminton-tour-stringer-mbts-certification\/\">Master Tour Badminton Opstrenger (MTBS)<\/a><\/li>\n\n\n\n\n<li><a href=\"https:\/\/beststringer.com\/da\/bsw-certified-tennis-stringer-cts-certification\/\">Certificeret Tennis Opstrenger (CTS)<\/a><\/li>\n\n\n\n\n<li><a href=\"https:\/\/beststringer.com\/da\/professional-tennis-stringer-pts-certification\/\">Professionel Tennis Opstrenger (PTS)<\/a><\/li>\n\n\n\n\n<li><a href=\"https:\/\/beststringer.com\/da\/master-tennis-tour-stringer-mtts-certification\/\">Master Tour Tennis Opstrenger (MTTS)<\/a><\/li>\n\n\n\n\n<li>Certificeret Squash Opstrenger (CSS)<\/li>\n\n\n\n\n<li>Professionel Squash Opstrenger (PSS)<\/li>\n\n\n\n\n<li>Master Squash Opstrenger (MSS)<\/li>\n\n\n\n\n<li>Certificeret Pund R\u00e5dgiver &#8211; Badminton (CTA-B)<\/li>\n\n\n\n\n<li>Certificeret Streng R\u00e5dgiver &#8211; Badminton (CSA-B)<\/li>\n\n\n\n\n<li>Professionel Badminton Streng &amp; Pund R\u00e5dgiver (PBSTA)<\/li>\n<\/ol>\n\n<\/div>\n<\/div>\n\n<div class=\"gb-container gb-container-8072e76b\">\n\n<div class=\"gb-container gb-container-eabf3753\">\n\n\n\n<h3 class=\"gb-headline gb-headline-0ad93116 gb-headline-text\"><span class=\"ez-toc-section\" id=\"Eksamensstruktur\"><\/span>Eksamens<mark style=\"background-color:rgba(0, 0, 0, 0)\" class=\"has-inline-color has-global-color-9-color\">struktur<\/mark><span class=\"ez-toc-section-end\"><\/span><\/h3>\n\n\n\n\n<p class=\"gb-headline gb-headline-0e4cbc73 gb-headline-text\">Hvert certificeringsniveau best\u00e5r af to dele:<br><br>1. <strong>Teoretisk eksamen<\/strong>: Tester viden om principper for opstrengning, ketsjerteknologi og sportsspecifikke krav.<br>2. <strong>Praktisk pr\u00f8ve<\/strong>: Evaluerer praktiske f\u00e6rdigheder, teknik og effektivitet inden for opstrengning af ketsjere.<br><br>Kandidater skal best\u00e5 begge dele for at opn\u00e5 certificering.<\/p>\n\n<\/div>\n<\/div>\n\n<div class=\"gb-container gb-container-0bc9ddf8\">\n\n<div class=\"gb-container gb-container-4a1593e5\">\n\n\n\n<h3 class=\"gb-headline gb-headline-f300e849 gb-headline-text\"><span class=\"ez-toc-section\" id=\"Mulighed_for_direkte_eksamen\"><\/span>Mulighed for <mark style=\"background-color:rgba(0, 0, 0, 0)\" class=\"has-inline-color has-global-color-9-color\">direkte eksamen<\/mark><span class=\"ez-toc-section-end\"><\/span><\/h3>\n\n\n\n\n<p class=\"gb-headline gb-headline-1f171057 gb-headline-text\">Erfarne opstrengere kan v\u00e6lge at g\u00e5 direkte til eksamen uden at deltage i BSW-kurser. Vi anbefaler dog at gennemg\u00e5 vores pensum for at sikre, at man er klar til den kr\u00e6vende testproces.<\/p>\n\n<\/div>\n<\/div>\n\n<div class=\"gb-container gb-container-bc7f3ef7\">\n\n<div class=\"gb-container gb-container-c402b7cb\">\n\n\n\n<h3 class=\"gb-headline gb-headline-9ac68257 gb-headline-text\"><span class=\"ez-toc-section\" id=\"Eksamensgebyrer\"><\/span>Eksamens<mark style=\"background-color:rgba(0, 0, 0, 0)\" class=\"has-inline-color has-global-color-9-color\">gebyrer<\/mark><span class=\"ez-toc-section-end\"><\/span><\/h3>\n\n\n\n\n<p><br>For at f\u00e5 pr\u00e6cise oplysninger om gebyrer:<\/p>\n\n\n\n\n<p>1. Bes\u00f8g BSW&#8217;s hjemmeside for dit land eller din region<br>2. Se under sektionen &#8216;Certificering&#8217; eller &#8216;Eksamensgebyrer&#8217;<br>3. Hvis oplysningerne ikke er tilg\u00e6ngelige online, kontakt din lokale BSW-repr\u00e6sentant<\/p>\n\n\n\n\n<p>BSW er forpligtet til at opretholde integriteten og v\u00e6rdien af vores certificeringer. Gebyrerne er fastsat for at sikre, at vi kan forts\u00e6tte med at levere h\u00f8jkvalitetsvurderinger, der pr\u00e6cist m\u00e5ler kompetencer inden for opstrengning.<\/p>\n\n<\/div>\n<\/div>\n\n<div class=\"gb-container gb-container-662e9de9\">\n\n<div class=\"gb-container gb-container-c6cfc8d8\">\n\n\n\n<h3 class=\"gb-headline gb-headline-6755f7b2 gb-headline-text\"><span class=\"ez-toc-section\" id=\"Eksamensproces\"><\/span>Eksamens<mark style=\"background-color:rgba(0, 0, 0, 0)\" class=\"has-inline-color has-global-color-9-color\">proces<\/mark><span class=\"ez-toc-section-end\"><\/span><\/h3>\n\n\n\n\n<p>1. <strong>Resultater &#8211;<\/strong> Modtag dine resultater og, hvis du best\u00e5r, dit BSW-certifikat.<br>2. <strong>Ans\u00f8gning &#8211;<\/strong> Indsend din ans\u00f8gning til det \u00f8nskede certificeringsniveau.<br>3. <strong>Egnethedsvurdering &#8211;<\/strong> BSW gennemg\u00e5r din erfaring og dine kvalifikationer.<br>4. <strong>Planl\u00e6gning &#8211;<\/strong> Efter godkendelse planl\u00e6gger vi dine teoretiske og praktiske eksamener.<br>5. <strong>Eksamen &#8211;<\/strong> Gennemf\u00f8r b\u00e5de den teoretiske og den praktiske del.<\/p>\n\n<\/div>\n<\/div>\n\n<div class=\"gb-container gb-container-b371e412\">\n\n<div class=\"gb-container gb-container-fce12110\">\n\n\n\n<h3 class=\"gb-headline gb-headline-31525bc7 gb-headline-text\"><span class=\"ez-toc-section\" id=\"Certificeringsspecialisering_og_anerkendelse\"><\/span>Certificerings<mark style=\"background-color:rgba(0, 0, 0, 0)\" class=\"has-inline-color has-global-color-9-color\">specialisering<\/mark> og <mark style=\"background-color:rgba(0, 0, 0, 0)\" class=\"has-inline-color has-global-color-9-color\">anerkendelse<\/mark><span class=\"ez-toc-section-end\"><\/span><\/h3>\n\n\n\n\n<p>BSW&#8217;s certificeringseksamener er designet til at vurdere ekspertise inden for specifikke ketsjersportsgrene. Efter vellykket gennemf\u00f8relse af certificeringsprocessen:<\/p>\n\n\n\n\n<p>1. <strong>Certifikater &#8211;<\/strong> Hvert BSW-certifikat vil tydeligt angive den eller de ketsjersportsgrene, som opstregeren har vist kompetence i.<br>2. <strong>Opstrenger-register &#8211;<\/strong> <br>BSW vedligeholder et omfattende online-register over internationalt certificerede opstrengere, som viser:<br>&#8211; Opstrengerens navn<br>&#8211; Opn\u00e5ede certificeringsniveauer<br>&#8211; Specifikke specialiseringer inden for ketsjersport<br>&#8211; Opstrengerens land, region, stat og kontaktoplysninger<br>&#8211; Opstrengerens omfattende opstrengningsprofil<br>&#8211; Certificeringsdato<\/p>\n\n<\/div>\n<\/div>\n\n<div class=\"gb-container gb-container-a407e389\">\n\n<div class=\"gb-container gb-container-9d376a97\">\n\n\n\n<h3 class=\"gb-headline gb-headline-cb18dbc0 gb-headline-text\"><span class=\"ez-toc-section\" id=\"Gennemsigtighed_og_integritet\"><\/span><mark style=\"background-color:rgba(0, 0, 0, 0)\" class=\"has-inline-color has-global-color-9-color\">Gennemsigtighed<\/mark> og <mark style=\"background-color:rgba(0, 0, 0, 0)\" class=\"has-inline-color has-global-color-9-color\">integritet<\/mark><span class=\"ez-toc-section-end\"><\/span><\/h3>\n\n\n\n\n<p>BSW er forpligtet til at opretholde de h\u00f8jeste standarder for gennemsigtighed og integritet i vores certificeringsproces. Vores eksamener bliver regelm\u00e6ssigt gennemg\u00e5et og opdateret for at afspejle aktuelle branchestandarder og teknologiske fremskridt inden for ketsjersport.<\/p>\n\n\n\n\n<p>For mere information eller for at ans\u00f8ge om en certificeringseksamen, bedes du kontakte <strong><a href=\"mailto:info@beststringer.com\">info@beststringer.com<\/a><\/strong><\/p>\n\n\n\n\n<p>Frem din karriere inden for opstrengning med en BSW-certificering \u2013 den globale standard for ekspertise inden for opstrengning af ketsjere.<\/p>\n\n<\/div>\n<\/div>\n<\/div>\n\n<section class=\"gb-container gb-container-21e3c652\">\n\n<div class=\"gb-container gb-container-11344779\">\n\n\n\n<h3 class=\"gb-headline gb-headline-39f4cce2 gb-headline-text\"><span class=\"ez-toc-section\" id=\"BSW_certificeringseksamener_i_opstrengning\"><\/span>BSW certificeringseksamener i opstrengning<span class=\"ez-toc-section-end\"><\/span><\/h3>\n\n\n\n\n<p class=\"gb-headline gb-headline-c6c5990e gb-headline-text\">Opdag en verden af professionel certificering i opstrengning af ketsjere med BSW. Denne video forklarer de forskellige certificeringsniveauer for badminton, tennis og squash, og hvad hver eksamen indeb\u00e6rer. L\u00e6r om de teoretiske og praktiske dele af eksamenerne, hvorfor certificering er vigtig, og hvordan den kan gavne b\u00e5de opstrengere og spillere.<\/p>\n\n\n<div class=\"gb-container gb-container-ec1a2ce6\">\n\n<div class=\"gb-container gb-container-238a634b\"><\/div>\n\n<\/div>\n\n\n\n<div id=\"youtube-player\"><\/div>\n<script>\nvar videoLoaded = false;\n\n\nfunction loadYouTubeVideo() {\nif (videoLoaded) return;\nvideoLoaded = true;\nvar tag = document.createElement('script');\ntag.src = \"https:\/\/www.youtube.com\/iframe_api\";\nvar firstScriptTag = document.getElementsByTagName('script')[0];\nfirstScriptTag.parentNode.insertBefore(tag, firstScriptTag);\n}\n\nfunction onYouTubeIframeAPIReady() {\nnew YT.Player('youtube-player', {\nheight: '360',\nwidth: '640',\nvideoId: 'xrWc7Y7Pz-0', \/\/ Your video ID\nevents: {\n'onReady': onPlayerReady\n}\n});\n}\n\nfunction onPlayerReady(event) {\n\/\/ Video is ready to play\n}\n\n\/\/ Load the YouTube API script when the page is scrolled\nwindow.addEventListener('scroll', loadYouTubeVideo, { once: true });\n\n\/\/ Also load if the user hasn't scrolled after 3 seconds\nsetTimeout(loadYouTubeVideo, 3000);\n<\/script>\n\n\n\n<\/div>\n\n<\/section>\n\n<section class=\"gb-container gb-container-49b9586e\">\n\n<div class=\"gb-container gb-container-a2e9522c\"><\/div>\n\n<div class=\"gb-container gb-container-0e11192a\">\n\n\n\n<h3 class=\"gb-headline gb-headline-5cf408ee gb-headline-text\"><span class=\"ez-toc-section\" id=\"BSWs_certificeringsproces_i_opstrengning\"><\/span>BSW&#8217;s certificeringsproces i opstrengning<span class=\"ez-toc-section-end\"><\/span><\/h3>\n\n\n<div class=\"gb-container gb-container-daaa2e63\">\n\n<div class=\"gb-container gb-container-bda621fe\"><\/div>\n\n<div class=\"gb-container gb-container-4b0ac72b\"><\/div>\n\n<\/div>\n\n\n\n<p class=\"gb-headline gb-headline-edf98545 gb-headline-text\">L\u00e6r om BSW&#8217;s omfattende eksamener i opstrengning for badminton, tennis og squash. Vores pr\u00f8ver evaluerer b\u00e5de teoretisk viden og praktiske f\u00e6rdigheder inden for opstrengning af ketsjere.<\/p>\n\n\n\n\n\n<a class=\"gb-button gb-button-a29641e0 gb-button-text\" href=\"https:\/\/beststringer.com\/da\/stringing-certificate\/\">Information om certificering<\/a>\n\n\n\n<\/div>\n\n<\/section>\n","protected":false},"excerpt":{"rendered":"<p>Ketsjer Opstrengningscertifikat Best Stringer Worldwide (BSW) tilbyder omfattende certificeringseksamener for professionelle inden for opstrengning af ketsjere. Vores eksamener d\u00e6kker tre store ketsjersportsgrene: Certificeringsniveauer BSW tilbyder en r\u00e6kke certificeringer for at im\u00f8dekomme forskellige specialiseringer inden for opstrengning af ketsjere: Eksamensstruktur Hvert certificeringsniveau best\u00e5r af to dele: 1. Teoretisk eksamen: Tester viden om principper for opstrengning, ketsjerteknologi &#8230; <a title=\"BSW Ketsjerstrengningscertifikat &#8211; Eksamensproces og Niveauer\" class=\"read-more\" href=\"https:\/\/beststringer.com\/da\/stringing-certificate\/\" aria-label=\"Read more about BSW Ketsjerstrengningscertifikat &#8211; Eksamensproces og Niveauer\">L\u00e6s Mere<\/a><\/p>\n","protected":false},"author":1,"featured_media":39367,"parent":0,"menu_order":0,"comment_status":"closed","ping_status":"closed","template":"","meta":{"footnotes":""},"class_list":{"0":"post-39366","1":"page","2":"type-page","3":"status-publish","4":"has-post-thumbnail","6":"infinite-scroll-item"},"_links":{"self":[{"href":"https:\/\/beststringer.com\/da\/wp-json\/wp\/v2\/pages\/39366","targetHints":{"allow":["GET"]}}],"collection":[{"href":"https:\/\/beststringer.com\/da\/wp-json\/wp\/v2\/pages"}],"about":[{"href":"https:\/\/beststringer.com\/da\/wp-json\/wp\/v2\/types\/page"}],"author":[{"embeddable":true,"href":"https:\/\/beststringer.com\/da\/wp-json\/wp\/v2\/users\/1"}],"replies":[{"embeddable":true,"href":"https:\/\/beststringer.com\/da\/wp-json\/wp\/v2\/comments?post=39366"}],"version-history":[{"count":0,"href":"https:\/\/beststringer.com\/da\/wp-json\/wp\/v2\/pages\/39366\/revisions"}],"wp:featuredmedia":[{"embeddable":true,"href":"https:\/\/beststringer.com\/da\/wp-json\/wp\/v2\/media\/39367"}],"wp:attachment":[{"href":"https:\/\/beststringer.com\/da\/wp-json\/wp\/v2\/media?parent=39366"}],"curies":[{"name":"wp","href":"https:\/\/api.w.org\/{rel}","templated":true}]}}