{"id":39219,"date":"2024-08-01T05:39:17","date_gmt":"2024-08-01T05:39:17","guid":{"rendered":"https:\/\/beststringer.com\/vision-mission-strategic-outcomes\/"},"modified":"2025-09-25T05:38:28","modified_gmt":"2025-09-25T05:38:28","slug":"vision-mission-strategic-outcomes","status":"publish","type":"page","link":"https:\/\/beststringer.com\/da\/vision-mission-strategic-outcomes\/","title":{"rendered":"BSW Vision &#038; Mission"},"content":{"rendered":"<section class=\"gb-container gb-container-21e3c652\">\n<div class=\"gb-container gb-container-11344779\">\n\n<h3 class=\"gb-headline gb-headline-39f4cce2 gb-headline-text\">Fremme af kvalitet og tillid inden for certificering af ketsjeropstrengning<\/h3>\n\n\n\n<p class=\"gb-headline gb-headline-c6c5990e gb-headline-text\">L\u00e6r om BSW&#8217;s vision som en betroet partner inden for kvalitetssikring og dens mission om at st\u00f8tte b\u00e5de branchen og spillerne gennem en solid certificering. Vi vil d\u00e6kke BSW&#8217;s strategiske m\u00e5l, forpligtelse til upartiskhed og non-profit-model.<\/p>\n\n\n<div class=\"gb-container gb-container-ec1a2ce6\">\n<div class=\"gb-container gb-container-238a634b\"><\/div>\n<\/div>\n\n\n<div id=\"youtube-player\"><\/div>\n<script>\n  var videoLoaded = false;\n\n  function loadYouTubeVideo() {\n    if (videoLoaded) return;\n    videoLoaded = true;\n    var tag = document.createElement('script');\n    tag.src = \"https:\/\/www.youtube.com\/iframe_api\";\n    var firstScriptTag = document.getElementsByTagName('script')[0];\n    firstScriptTag.parentNode.insertBefore(tag, firstScriptTag);\n  }\n\n  function onYouTubeIframeAPIReady() {\n    new YT.Player('youtube-player', {\n      height: '360',\n      width: '640',\n      videoId: 'oFo8iVctF90', \/\/ Your video ID\n      events: {\n        'onReady': onPlayerReady\n      }\n    });\n  }\n\n  function onPlayerReady(event) {\n    \/\/ Video is ready to play\n  }\n\n  \/\/ Load the YouTube API script when the page is scrolled\n  window.addEventListener('scroll', loadYouTubeVideo, { once: true });\n\n  \/\/ Also load if the user hasn't scrolled after 3 seconds\n  setTimeout(loadYouTubeVideo, 3000);\n<\/script>\n\n<\/div>\n<\/section>\n\n<div class=\"gb-container gb-container-f66bc834\">\n<div class=\"gb-container gb-container-3423e27e\">\n<div class=\"gb-container gb-container-4ea2fbf1\">\n\n<h2 class=\"gb-headline gb-headline-79589317 gb-headline-text\"><strong>Hvad er BSW&#8217;s <mark style=\"background-color:rgba(0, 0, 0, 0)\" class=\"has-inline-color has-global-color-9-color\">vision?<\/mark><\/strong><\/h2>\n\n\n\n<p class=\"gb-headline gb-headline-d07d49cf gb-headline-text\">Betroet partner for kvalitetssikring af opstrengning af badminton- og tennisketsjere<\/p>\n\n<\/div>\n<\/div>\n\n<div class=\"gb-container gb-container-37db13f4\">\n<div class=\"gb-container gb-container-3021f73c\">\n\n<h3 class=\"gb-headline gb-headline-e5c79f72 gb-headline-text\"><strong>Hvad er BSW&#8217;s <mark style=\"background-color:rgba(0, 0, 0, 0)\" class=\"has-inline-color has-global-color-9-color\">mission?<\/mark><\/strong><\/h3>\n\n\n\n<p class=\"gb-headline gb-headline-7d760a3f gb-headline-text\">At levere et solidt certificeringssystem, der underst\u00f8tter ketsjersportsbranchen og spillernes behov<\/p>\n\n<\/div>\n<\/div>\n\n<div class=\"gb-container gb-container-8072e76b\">\n<div class=\"gb-container gb-container-eabf3753\">\n\n<h3 class=\"gb-headline gb-headline-0ad93116 gb-headline-text\"><strong>Hvad er BSW&#8217;s <mark style=\"background-color:rgba(0, 0, 0, 0)\" class=\"has-inline-color has-global-color-9-color\">strategiske m\u00e5l?<\/mark><\/strong><\/h3>\n\n\n\n<p class=\"gb-headline gb-headline-0e4cbc73 gb-headline-text\">BSW vil levere et globalt anerkendt certificeringssystem og udvikle nye bed\u00f8mmelsesprogrammer for at im\u00f8dekomme b\u00e5de internationale og branchem\u00e6ssige behov. BSW vil str\u00e6be efter at forbedre kompetencerne hos opstrengere gennem kapacitetsopbygning og fremme anerkendelsen af og eftersp\u00f8rgslen efter BSW-certificerede ydelser. Ud over at etablere anerkendelsesordninger vil BSW proaktivt skabe relationer for at lette accepten af internationalt certificerede opstrengere p\u00e5 m\u00e5lrettede markeder.<\/p>\n\n<\/div>\n<\/div>\n\n<div class=\"gb-container gb-container-0bc9ddf8\">\n<div class=\"gb-container gb-container-4a1593e5\">\n\n<h3 class=\"gb-headline gb-headline-f300e849 gb-headline-text\"><strong>Hvordan sikrer BSW <mark style=\"background-color:rgba(0, 0, 0, 0)\" class=\"has-inline-color has-global-color-9-color\">upartiskhed?<\/mark><\/strong><\/h3>\n\n\n\n<p class=\"gb-headline gb-headline-1f171057 gb-headline-text\">BSW er forpligtet til at beskytte og sikre upartiskheden i sine certificeringsaktiviteter p\u00e5 b\u00e5de strategisk og operationelt niveau. BSW vil ikke tillade, at kommercielt, \u00f8konomisk eller andet pres kompromitterer upartiskheden. BSW sikrer, at dets udvalg arbejder med afbalancerede synspunkter og repr\u00e6sentation fra centrale interessenter og parter, herunder udstyrsproducenter, professionelle spillere, idr\u00e6tsforskere og dataanalytikere, uden at tillade, at nogen enkelt interesse dominerer eller favoriseres.<\/p>\n\n<\/div>\n<\/div>\n\n<div class=\"gb-container gb-container-bc7f3ef7\">\n<div class=\"gb-container gb-container-c402b7cb\">\n\n<h3 class=\"gb-headline gb-headline-9ac68257 gb-headline-text\"><strong>Hvordan er BSW <mark style=\"background-color:rgba(0, 0, 0, 0)\" class=\"has-inline-color has-global-color-9-color\">finansieret?<\/mark><\/strong><\/h3>\n\n\n\n<p class=\"gb-headline gb-headline-99f4af0d gb-headline-text\">BSW er en non-profit organisation. BSW&#8217;s prim\u00e6re indt\u00e6gtskilde er gebyrer fra certificeringsans\u00f8gere samt dets bed\u00f8mmelsesaktiviteter. Et eventuelt overskud geninvesteres i at forbedre vores certificeringsprocesser og fremme udviklingen inden for opstrengning af ketsjere. BSW er forpligtet til at opretholde \u00f8konomisk gennemsigtighed.<\/p>\n\n\n\n<figure class=\"gb-block-image gb-block-image-b00566f0\"><img loading=\"lazy\" decoding=\"async\" width=\"753\" height=\"621\" class=\"gb-image gb-image-b00566f0\" src=\"https:\/\/beststringer.com\/wp-content\/uploads\/2024\/10\/BSW-Certification-Process-Best-Stringer-Worldwide-Certification.png\" alt=\"BSW Certificeringsproces, Best Stringer Worldwide Certificering\" title=\"BSW Certificeringsproces, Best Stringer Worldwide Certificering\" srcset=\"https:\/\/beststringer.com\/wp-content\/uploads\/2024\/10\/BSW-Certification-Process-Best-Stringer-Worldwide-Certification.png 753w, https:\/\/beststringer.com\/wp-content\/uploads\/2024\/10\/BSW-Certification-Process-Best-Stringer-Worldwide-Certification-300x247.png 300w\" sizes=\"auto, (max-width: 753px) 100vw, 753px\" \/><\/figure>\n\n<\/div>\n<\/div>\n<\/div>\n\n<section class=\"gb-container gb-container-49b9586e\">\n<div class=\"gb-container gb-container-a2e9522c\"><\/div>\n\n<div class=\"gb-container gb-container-0e11192a\">\n\n<h3 class=\"gb-headline gb-headline-5cf408ee gb-headline-text\">Om Best Stringer Worldwide<\/h3>\n\n\n<div class=\"gb-container gb-container-daaa2e63\">\n<div class=\"gb-container gb-container-bda621fe\"><\/div>\n\n<div class=\"gb-container gb-container-4b0ac72b\"><\/div>\n<\/div>\n\n\n<p class=\"gb-headline gb-headline-edf98545 gb-headline-text\">Best Stringer Worldwide er det f\u00f8rende certificeringsorgan for opstrengning af badminton- og tennisketsjere. Vi opretholder integriteten og upartiskheden i bed\u00f8mmelsespraksisser for opstrengning. Vores mission er at levere et solidt certificeringssystem, der underst\u00f8tter ketsjersportsbranchen og spillernes behov.<\/p>\n\n\n\n<a class=\"gb-button gb-button-a29641e0 gb-button-text\" href=\"https:\/\/beststringer.com\/da\/bsw-history\/\">L\u00e6s Mere<\/a>\n\n<\/div>\n<\/section>","protected":false},"excerpt":{"rendered":"<p>Fremme af kvalitet og tillid inden for certificering af ketsjeropstrengning L\u00e6r om BSW&#8217;s vision som en betroet partner inden for kvalitetssikring og dens mission om at st\u00f8tte b\u00e5de branchen og spillerne gennem en solid certificering. Vi vil d\u00e6kke BSW&#8217;s strategiske m\u00e5l, forpligtelse til upartiskhed og non-profit-model. Hvad er BSW&#8217;s vision? Betroet partner for kvalitetssikring af &#8230; <a title=\"BSW Vision &#038; Mission\" class=\"read-more\" href=\"https:\/\/beststringer.com\/da\/vision-mission-strategic-outcomes\/\" aria-label=\"Read more about BSW Vision &#038; Mission\">L\u00e6s Mere<\/a><\/p>\n","protected":false},"author":1,"featured_media":39220,"parent":0,"menu_order":0,"comment_status":"closed","ping_status":"closed","template":"","meta":{"footnotes":""},"class_list":{"0":"post-39219","1":"page","2":"type-page","3":"status-publish","4":"has-post-thumbnail","6":"infinite-scroll-item"},"_links":{"self":[{"href":"https:\/\/beststringer.com\/da\/wp-json\/wp\/v2\/pages\/39219","targetHints":{"allow":["GET"]}}],"collection":[{"href":"https:\/\/beststringer.com\/da\/wp-json\/wp\/v2\/pages"}],"about":[{"href":"https:\/\/beststringer.com\/da\/wp-json\/wp\/v2\/types\/page"}],"author":[{"embeddable":true,"href":"https:\/\/beststringer.com\/da\/wp-json\/wp\/v2\/users\/1"}],"replies":[{"embeddable":true,"href":"https:\/\/beststringer.com\/da\/wp-json\/wp\/v2\/comments?post=39219"}],"version-history":[{"count":0,"href":"https:\/\/beststringer.com\/da\/wp-json\/wp\/v2\/pages\/39219\/revisions"}],"wp:featuredmedia":[{"embeddable":true,"href":"https:\/\/beststringer.com\/da\/wp-json\/wp\/v2\/media\/39220"}],"wp:attachment":[{"href":"https:\/\/beststringer.com\/da\/wp-json\/wp\/v2\/media?parent=39219"}],"curies":[{"name":"wp","href":"https:\/\/api.w.org\/{rel}","templated":true}]}}