{"id":39115,"date":"2024-08-01T03:06:52","date_gmt":"2024-08-01T03:06:52","guid":{"rendered":"https:\/\/beststringer.com\/our-role\/"},"modified":"2025-09-25T05:33:34","modified_gmt":"2025-09-25T05:33:34","slug":"our-role","status":"publish","type":"page","link":"https:\/\/beststringer.com\/da\/our-role\/","title":{"rendered":"Vores Rolle"},"content":{"rendered":"<section class=\"gb-container gb-container-25bc6b91\">\n<section class=\"gb-container gb-container-f914b566\">\n<div class=\"gb-container gb-container-d07e4266\">\n\n<figure class=\"gb-block-image gb-block-image-b3389bf5\"><img loading=\"lazy\" decoding=\"async\" width=\"538\" height=\"538\" class=\"gb-image gb-image-b3389bf5\" src=\"https:\/\/beststringer.com\/wp-content\/uploads\/2024\/08\/Certified-stringer-demonstrating-advanced-racquet-stringing-techniques-for-badminton-and-tennis.jpg\" alt=\"Internationalt certificeret opstrenger demonstrerer avancerede opstrengningsteknikker for badminton og tennis i {{CITY_LOCAL}}\" title=\"Avancerede teknikker for opstrengning af ketsjer i {{CITY_LOCAL}}\" srcset=\"https:\/\/beststringer.com\/wp-content\/uploads\/2024\/08\/Certified-stringer-demonstrating-advanced-racquet-stringing-techniques-for-badminton-and-tennis.jpg 538w, https:\/\/beststringer.com\/wp-content\/uploads\/2024\/08\/Certified-stringer-demonstrating-advanced-racquet-stringing-techniques-for-badminton-and-tennis-300x300.jpg 300w, https:\/\/beststringer.com\/wp-content\/uploads\/2024\/08\/Certified-stringer-demonstrating-advanced-racquet-stringing-techniques-for-badminton-and-tennis-150x150.jpg 150w\" sizes=\"auto, (max-width: 538px) 100vw, 538px\" \/><\/figure>\n\n<\/div>\n\n<div class=\"gb-container gb-container-1102ab7a\">\n\n<h2 class=\"gb-headline gb-headline-d879851e gb-headline-text\">Vores mission og forpligtelse til <mark style=\"background-color:rgba(0, 0, 0, 0)\" class=\"has-inline-color has-global-color-9-color\">ekspertise<\/mark><\/h2>\n\n\n\n<p>Best Stringer Worldwide (BSW) er det f\u00f8rende uddannelsesorgan for opstrengning af ketsjere inden for badminton og tennis. Best Stringer Worldwide er uafh\u00e6ngigt drevet og opretholder integriteten og upartiskheden i uddannelses- og certificeringspraksisser for opstrengning.<\/p>\n\n\n\n<p>Organisationen opbygger global tillid til certificerede opstrengeres f\u00e6rdigheder ved at styrke den tekniske infrastruktur for vurdering af opstrengning samt ved at etablere anerkendelsesaftaler med badminton- og tennisforbund verden over.<\/p>\n\n\n\n<p>Best Stringer Worldwide er repr\u00e6senteret af forskellige interessenter fra sportsindustrien, herunder udstyrsproducenter, professionelle spillere, akademiske institutioner, sportsforskere og dataanalytikere. Organisationen st\u00f8ttes af adskillige ekspertudvalg, som hver is\u00e6r f\u00f8rer tilsyn med specifikke omr\u00e5der inden for certificering af opstrengning, herunder tekniske f\u00e6rdigheder, anvendelse af sportsvidenskab og datadrevet pr\u00e6stationsanalyse.<\/p>\n\n<\/div>\n<\/section>\n<\/section>\n\n<section class=\"gb-container gb-container-f0ad9a48\">\n<div class=\"gb-container gb-container-0f286597\">\n\n<h2 class=\"gb-headline gb-headline-2c770bbc gb-headline-text\">Hvad laver <mark style=\"background-color:rgba(0, 0, 0, 0)\" class=\"has-inline-color has-global-color-9-color\">Best Stringer Worldwide<\/mark>?<\/h2>\n\n\n\n<p>Best Stringer Worldwide administrerer og fremmer uddannelses- og certificeringsprogrammer for opstrengning ved at udf\u00f8re f\u00f8lgende funktioner:<\/p>\n\n\n\n<p class=\"gb-headline gb-headline-6fb9b297\"><span class=\"gb-icon\"><svg aria-hidden=\"true\" role=\"img\" height=\"1em\" width=\"1em\" viewBox=\"0 0 512 512\" xmlns=\"http:\/\/www.w3.org\/2000\/svg\"><path fill=\"currentColor\" d=\"M256 8C119 8 8 119 8 256s111 248 248 248 248-111 248-248S393 8 256 8zm0 448c-110.5 0-200-89.5-200-200S145.5 56 256 56s200 89.5 200 200-89.5 200-200 200z\"><\/path><\/svg><\/span><span class=\"gb-headline-text\">Vurdering og certificering af kompetente badminton- og tennisopstrengere<\/span><\/p>\n\n\n\n<p class=\"gb-headline gb-headline-73b4cb0b\"><span class=\"gb-icon\"><svg aria-hidden=\"true\" role=\"img\" height=\"1em\" width=\"1em\" viewBox=\"0 0 512 512\" xmlns=\"http:\/\/www.w3.org\/2000\/svg\"><path fill=\"currentColor\" d=\"M256 8C119 8 8 119 8 256s111 248 248 248 248-111 248-248S393 8 256 8zm0 448c-110.5 0-200-89.5-200-200S145.5 56 256 56s200 89.5 200 200-89.5 200-200 200z\"><\/path><\/svg><\/span><span class=\"gb-headline-text\">Fremme partnerskaber med idr\u00e6tsforbund og ketsjersportsindustrien om uddannelsessp\u00f8rgsm\u00e5l inden for opstrengning<\/span><\/p>\n\n\n\n<p class=\"gb-headline gb-headline-b9176875\"><span class=\"gb-icon\"><svg aria-hidden=\"true\" role=\"img\" height=\"1em\" width=\"1em\" viewBox=\"0 0 512 512\" xmlns=\"http:\/\/www.w3.org\/2000\/svg\"><path fill=\"currentColor\" d=\"M256 8C119 8 8 119 8 256s111 248 248 248 248-111 248-248S393 8 256 8zm0 448c-110.5 0-200-89.5-200-200S145.5 56 256 56s200 89.5 200 200-89.5 200-200 200z\"><\/path><\/svg><\/span><span class=\"gb-headline-text\">Etablering og vedligeholdelse af et internationalt netv\u00e6rk for anerkendelse af certificerede opstrengeres f\u00e6rdigheder p\u00e5 tv\u00e6rs af landegr\u00e6nser<\/span><\/p>\n\n\n\n<p class=\"gb-headline gb-headline-58192992\"><span class=\"gb-icon\"><svg aria-hidden=\"true\" role=\"img\" height=\"1em\" width=\"1em\" viewBox=\"0 0 512 512\" xmlns=\"http:\/\/www.w3.org\/2000\/svg\"><path fill=\"currentColor\" d=\"M256 8C119 8 8 119 8 256s111 248 248 248 248-111 248-248S393 8 256 8zm0 448c-110.5 0-200-89.5-200-200S145.5 56 256 56s200 89.5 200 200-89.5 200-200 200z\"><\/path><\/svg><\/span><span class=\"gb-headline-text\">\u00d8ge bevidstheden og fremme brugen af certificerede opstrengningstjenester gennem ops\u00f8gende arbejde og regelm\u00e6ssig dialog med sportsorganisationer og industrien<\/span><\/p>\n\n<\/div>\n\n<div class=\"gb-container gb-container-63389023\">\n\n<figure class=\"gb-block-image gb-block-image-e6425b07\"><img loading=\"lazy\" decoding=\"async\" width=\"538\" height=\"538\" class=\"gb-image gb-image-e6425b07\" src=\"https:\/\/beststringer.com\/wp-content\/uploads\/2024\/08\/Best-Stringer-Worldwide-expert-committee-meeting-to-discuss-stringing-certification-standards.jpg\" alt=\"Best Stringer Worldwide ekspertudvalg diskuterer standarder for certificering af opstrengning\" title=\"Best Stringer Worldwide m\u00f8de om standarder for opstrengning\" srcset=\"https:\/\/beststringer.com\/wp-content\/uploads\/2024\/08\/Best-Stringer-Worldwide-expert-committee-meeting-to-discuss-stringing-certification-standards.jpg 538w, https:\/\/beststringer.com\/wp-content\/uploads\/2024\/08\/Best-Stringer-Worldwide-expert-committee-meeting-to-discuss-stringing-certification-standards-300x300.jpg 300w, https:\/\/beststringer.com\/wp-content\/uploads\/2024\/08\/Best-Stringer-Worldwide-expert-committee-meeting-to-discuss-stringing-certification-standards-150x150.jpg 150w\" sizes=\"auto, (max-width: 538px) 100vw, 538px\" \/><\/figure>\n\n<\/div>\n<\/section>\n\n<section class=\"gb-container gb-container-f7510210\">\n<div class=\"gb-container gb-container-dc2d5fd7\">\n\n<figure class=\"gb-block-image gb-block-image-a57ee528\"><img loading=\"lazy\" decoding=\"async\" width=\"538\" height=\"538\" class=\"gb-image gb-image-a57ee528\" src=\"https:\/\/beststringer.com\/wp-content\/uploads\/2024\/08\/Best-Stringer-Worldwide-representatives-collaborating-with-sports-scientists-and-data-analysts-to-improve-stringing-assessment-methods.jpg\" alt=\"Best Stringer Worldwide samarbejder med sportsforskere for at forbedre metoder til vurdering af opstrengning\" title=\"Samarbejde for at forbedre metoder til vurdering af opstrengning\" srcset=\"https:\/\/beststringer.com\/wp-content\/uploads\/2024\/08\/Best-Stringer-Worldwide-representatives-collaborating-with-sports-scientists-and-data-analysts-to-improve-stringing-assessment-methods.jpg 538w, https:\/\/beststringer.com\/wp-content\/uploads\/2024\/08\/Best-Stringer-Worldwide-representatives-collaborating-with-sports-scientists-and-data-analysts-to-improve-stringing-assessment-methods-300x300.jpg 300w, https:\/\/beststringer.com\/wp-content\/uploads\/2024\/08\/Best-Stringer-Worldwide-representatives-collaborating-with-sports-scientists-and-data-analysts-to-improve-stringing-assessment-methods-150x150.jpg 150w\" sizes=\"auto, (max-width: 538px) 100vw, 538px\" \/><\/figure>\n\n<\/div>\n\n<div class=\"gb-container gb-container-46f22206\">\n\n<h2 class=\"gb-headline gb-headline-9828ae87 gb-headline-text\">Fremme ekspertise inden for opstrengning til <mark style=\"background-color:rgba(0, 0, 0, 0)\" class=\"has-inline-color has-global-color-9-color\">moderne ketsjersport<\/mark><\/h2>\n\n\n\n<p>Som en ny generation af organisationer inden for uddannelse i opstrengning er Best Stringer Worldwides certificeringer designet til at im\u00f8dekomme de skiftende behov i moderne ketsjersport. Internationalt certificerede opstrengere anerkendes for deres ajourf\u00f8rte f\u00e6rdigheder og ekspertise i hele det globale ketsjersportsmilj\u00f8.<\/p>\n\n\n\n<p>Best Stringer Worldwide er forpligtet til kun at anerkende de mest kvalificerede og dedikerede opstrengere. Vores certificeringsliste omfatter kun dem, der har best\u00e5et vores gennemsigtige og omfattende eksamensproces, hvilket viser ikke kun teknisk dygtighed, men ogs\u00e5 st\u00e6rk karakter og en dyb forst\u00e5else for ketsjersport. Denne strenge standard sikrer, at vores certificerede opstrengere virkelig er de bedste inden for deres felt.<\/p>\n\n\n\n<p>Vores m\u00e5l er ikke profit, men at h\u00f8jne kvaliteten af opstrengningstjenester verden over til gavn for alle spillere og sporten selv.<\/p>\n\n<\/div>\n<\/section>\n\n\n<figure class=\"gb-block-image gb-block-image-976b7830\"><img loading=\"lazy\" decoding=\"async\" width=\"887\" height=\"443\" class=\"gb-image gb-image-976b7830\" src=\"https:\/\/beststringer.com\/wp-content\/uploads\/2024\/10\/Best-Stringer-Worldwide-Role-in-Racquet-Stringing.png\" alt=\"\" title=\"Best Stringer Worldwides rolle i opstrengning af ketsjere\" srcset=\"https:\/\/beststringer.com\/wp-content\/uploads\/2024\/10\/Best-Stringer-Worldwide-Role-in-Racquet-Stringing.png 887w, https:\/\/beststringer.com\/wp-content\/uploads\/2024\/10\/Best-Stringer-Worldwide-Role-in-Racquet-Stringing-300x150.png 300w, https:\/\/beststringer.com\/wp-content\/uploads\/2024\/10\/Best-Stringer-Worldwide-Role-in-Racquet-Stringing-768x384.png 768w\" sizes=\"auto, (max-width: 887px) 100vw, 887px\" \/><\/figure>\n\n\n<section class=\"gb-container gb-container-21e3c652\">\n<div class=\"gb-container gb-container-11344779\">\n\n<h3 class=\"gb-headline gb-headline-39f4cce2 gb-headline-text\">BSW&#8217;s rolle i opstrengning af ketsjere: Hvorfor det er vigtigt<\/h3>\n\n\n\n<p class=\"gb-headline gb-headline-c6c5990e gb-headline-text\">Har du nogensinde undret dig over, hvorfor din ketsjer ikke f\u00f8les helt rigtig? Det kan v\u00e6re opstrengningen. I denne video forklarer vi, hvordan BSW \u00e6ndrer spillet inden for opstrengning af ketsjere. Vi vil forklare, hvad BSW g\u00f8r, hvorfor korrekt opstrengning er afg\u00f8rende for dit spil, og hvordan det g\u00f8r en forskel for spillere verden over. Ingen smarte ord \u2013 kun rene fakta om, hvordan BSW arbejder for at forbedre din ketsjeroplevelse. Se med og l\u00e6r noget nyt om de strenge, du stoler p\u00e5, hver gang du spiller!<\/p>\n\n\n<div class=\"gb-container gb-container-ec1a2ce6\">\n<div class=\"gb-container gb-container-238a634b\"><\/div>\n<\/div>\n\n\n<div id=\"youtube-player\"><\/div>\n<script>\n  var videoLoaded = false;\n\n  function loadYouTubeVideo() {\n    if (videoLoaded) return;\n    videoLoaded = true;\n    var tag = document.createElement('script');\n    tag.src = \"https:\/\/www.youtube.com\/iframe_api\";\n    var firstScriptTag = document.getElementsByTagName('script')[0];\n    firstScriptTag.parentNode.insertBefore(tag, firstScriptTag);\n  }\n\n  function onYouTubeIframeAPIReady() {\n    new YT.Player('youtube-player', {\n      height: '360',\n      width: '640',\n      videoId: 'xG9u1-DWX7E', \/\/ Your video ID\n      events: {\n        'onReady': onPlayerReady\n      }\n    });\n  }\n\n  function onPlayerReady(event) {\n    \/\/ Video is ready to play\n  }\n\n  \/\/ Load the YouTube API script when the page is scrolled\n  window.addEventListener('scroll', loadYouTubeVideo, { once: true });\n\n  \/\/ Also load if the user hasn't scrolled after 3 seconds\n  setTimeout(loadYouTubeVideo, 3000);\n<\/script>\n\n<\/div>\n<\/section>","protected":false},"excerpt":{"rendered":"<p>Vores mission og forpligtelse til ekspertise Best Stringer Worldwide (BSW) er det f\u00f8rende uddannelsesorgan for opstrengning af ketsjere inden for badminton og tennis. Best Stringer Worldwide er uafh\u00e6ngigt drevet og opretholder integriteten og upartiskheden i uddannelses- og certificeringspraksisser for opstrengning. Organisationen opbygger global tillid til certificerede opstrengeres f\u00e6rdigheder ved at styrke den tekniske infrastruktur for &#8230; <a title=\"Vores Rolle\" class=\"read-more\" href=\"https:\/\/beststringer.com\/da\/our-role\/\" aria-label=\"Read more about Vores Rolle\">L\u00e6s Mere<\/a><\/p>\n","protected":false},"author":1,"featured_media":39117,"parent":0,"menu_order":0,"comment_status":"closed","ping_status":"closed","template":"","meta":{"footnotes":""},"class_list":{"0":"post-39115","1":"page","2":"type-page","3":"status-publish","4":"has-post-thumbnail","6":"infinite-scroll-item"},"_links":{"self":[{"href":"https:\/\/beststringer.com\/da\/wp-json\/wp\/v2\/pages\/39115","targetHints":{"allow":["GET"]}}],"collection":[{"href":"https:\/\/beststringer.com\/da\/wp-json\/wp\/v2\/pages"}],"about":[{"href":"https:\/\/beststringer.com\/da\/wp-json\/wp\/v2\/types\/page"}],"author":[{"embeddable":true,"href":"https:\/\/beststringer.com\/da\/wp-json\/wp\/v2\/users\/1"}],"replies":[{"embeddable":true,"href":"https:\/\/beststringer.com\/da\/wp-json\/wp\/v2\/comments?post=39115"}],"version-history":[{"count":0,"href":"https:\/\/beststringer.com\/da\/wp-json\/wp\/v2\/pages\/39115\/revisions"}],"wp:featuredmedia":[{"embeddable":true,"href":"https:\/\/beststringer.com\/da\/wp-json\/wp\/v2\/media\/39117"}],"wp:attachment":[{"href":"https:\/\/beststringer.com\/da\/wp-json\/wp\/v2\/media?parent=39115"}],"curies":[{"name":"wp","href":"https:\/\/api.w.org\/{rel}","templated":true}]}}