{"id":38853,"date":"2024-08-05T02:34:36","date_gmt":"2024-08-05T02:34:36","guid":{"rendered":"https:\/\/beststringer.com\/join-us-volunteer-with-bsw\/"},"modified":"2025-09-25T05:41:26","modified_gmt":"2025-09-25T05:41:26","slug":"join-us-volunteer-with-bsw","status":"publish","type":"page","link":"https:\/\/beststringer.com\/da\/join-us-volunteer-with-bsw\/","title":{"rendered":"Frivillig som BSW Certificerings Tester"},"content":{"rendered":"<div class=\"gb-container gb-container-f66bc834\">\n\n<div class=\"gb-container gb-container-3423e27e\">\n\n<div class=\"gb-container gb-container-4ea2fbf1\">\n\n<div id=\"ez-toc-container\" class=\"ez-toc-v2_0_82_2 ez-toc-wrap-left counter-hierarchy ez-toc-counter ez-toc-custom ez-toc-container-direction\">\n<div class=\"ez-toc-title-container\">\n<p class=\"ez-toc-title\" style=\"cursor:inherit\">Topics<\/p>\n<span class=\"ez-toc-title-toggle\"><a href=\"#\" class=\"ez-toc-pull-right ez-toc-btn ez-toc-btn-xs ez-toc-btn-default ez-toc-toggle\" aria-label=\"Toggle Table of Content\"><span class=\"ez-toc-js-icon-con\"><span class=\"\"><span class=\"eztoc-hide\" style=\"display:none;\">Toggle<\/span><span class=\"ez-toc-icon-toggle-span\"><svg style=\"fill: #ffffff;color:#ffffff\" xmlns=\"http:\/\/www.w3.org\/2000\/svg\" class=\"list-377408\" width=\"20px\" height=\"20px\" viewBox=\"0 0 24 24\" fill=\"none\"><path d=\"M6 6H4v2h2V6zm14 0H8v2h12V6zM4 11h2v2H4v-2zm16 0H8v2h12v-2zM4 16h2v2H4v-2zm16 0H8v2h12v-2z\" fill=\"currentColor\"><\/path><\/svg><svg style=\"fill: #ffffff;color:#ffffff\" class=\"arrow-unsorted-368013\" xmlns=\"http:\/\/www.w3.org\/2000\/svg\" width=\"10px\" height=\"10px\" viewBox=\"0 0 24 24\" version=\"1.2\" baseProfile=\"tiny\"><path d=\"M18.2 9.3l-6.2-6.3-6.2 6.3c-.2.2-.3.4-.3.7s.1.5.3.7c.2.2.4.3.7.3h11c.3 0 .5-.1.7-.3.2-.2.3-.5.3-.7s-.1-.5-.3-.7zM5.8 14.7l6.2 6.3 6.2-6.3c.2-.2.3-.5.3-.7s-.1-.5-.3-.7c-.2-.2-.4-.3-.7-.3h-11c-.3 0-.5.1-.7.3-.2.2-.3.5-.3.7s.1.5.3.7z\"\/><\/svg><\/span><\/span><\/span><\/a><\/span><\/div>\n<nav><ul class='ez-toc-list ez-toc-list-level-1 eztoc-toggle-hide-by-default' ><li class='ez-toc-page-1 ez-toc-heading-level-2'><a class=\"ez-toc-link ez-toc-heading-1\" href=\"https:\/\/beststringer.com\/da\/join-us-volunteer-with-bsw\/#Bliv_frivillig_som_Certificeringstester\" >Bliv frivillig som Certificeringstester<\/a><ul class='ez-toc-list-level-3' ><li class='ez-toc-heading-level-3'><a class=\"ez-toc-link ez-toc-heading-2\" href=\"https:\/\/beststringer.com\/da\/join-us-volunteer-with-bsw\/#Bliv_frivillig_som_Ledende_tester\" >Bliv frivillig som Ledende tester<\/a><\/li><li class='ez-toc-page-1 ez-toc-heading-level-3'><a class=\"ez-toc-link ez-toc-heading-3\" href=\"https:\/\/beststringer.com\/da\/join-us-volunteer-with-bsw\/#Bliv_frivillig_som_Teknisk_tester\" >Bliv frivillig som Teknisk tester<\/a><\/li><li class='ez-toc-page-1 ez-toc-heading-level-3'><a class=\"ez-toc-link ez-toc-heading-4\" href=\"https:\/\/beststringer.com\/da\/join-us-volunteer-with-bsw\/#Bliv_frivillig_som_Lokalitetsbesoegende\" >Bliv frivillig som Lokalitetsbes\u00f8gende<\/a><\/li><li class='ez-toc-page-1 ez-toc-heading-level-3'><a class=\"ez-toc-link ez-toc-heading-5\" href=\"https:\/\/beststringer.com\/da\/join-us-volunteer-with-bsw\/#Kontakt_os_for_at_blive_frivillig_Opstrengningstester\" >Kontakt os for at blive frivillig Opstrengningstester<\/a><\/li><li class='ez-toc-page-1 ez-toc-heading-level-3'><a class=\"ez-toc-link ez-toc-heading-6\" href=\"https:\/\/beststringer.com\/da\/join-us-volunteer-with-bsw\/#Forbedr_dine_opstrengningsfaerdigheder_Frivilligmuligheder_hos_BSW\" >Forbedr dine opstrengningsf\u00e6rdigheder: Frivilligmuligheder hos BSW<\/a><\/li><li class='ez-toc-page-1 ez-toc-heading-level-3'><a class=\"ez-toc-link ez-toc-heading-7\" href=\"https:\/\/beststringer.com\/da\/join-us-volunteer-with-bsw\/#BSW_Opstrengningsnetvaerk\" >BSW Opstrengningsnetv\u00e6rk<\/a><\/li><\/ul><\/li><\/ul><\/nav><\/div>\n\n\n\n\n\n<h2 class=\"gb-headline gb-headline-79589317 gb-headline-text\"><span class=\"ez-toc-section\" id=\"Bliv_frivillig_som_Certificeringstester\"><\/span>Bliv frivillig som <mark style=\"background-color:rgba(0, 0, 0, 0)\" class=\"has-inline-color has-global-color-9-color\">Certificeringstester<\/mark><span class=\"ez-toc-section-end\"><\/span><\/h2>\n\n\n\n\n<p class=\"gb-headline gb-headline-d07d49cf gb-headline-text\">Certificeringstestere spiller en vigtig rolle i BSW&#8217;s certificeringsproces og i forbedringen af standarder for opstrengning. Vi s\u00f8ger erfarne opstrengere, der \u00f8nsker at bidrage med deres tid, viden og f\u00e6rdigheder som certificeringstestere. Som tester vil du arbejde sammen med professionelle opstrengere og observere forskellige opstrengningsmetoder. Du kan ogs\u00e5 deltage i vores testerm\u00f8der, hvor opstrengere deler deres erfaringer.<\/p>\n\n<\/div>\n<\/div>\n\n<div class=\"gb-container gb-container-37db13f4\">\n\n<div class=\"gb-container gb-container-3021f73c\">\n\n\n\n<h3 class=\"gb-headline gb-headline-e5c79f72 gb-headline-text\"><span class=\"ez-toc-section\" id=\"Bliv_frivillig_som_Ledende_tester\"><\/span>Bliv frivillig som <mark style=\"background-color:rgba(0, 0, 0, 0)\" class=\"has-inline-color has-global-color-9-color\">Ledende tester<\/mark><span class=\"ez-toc-section-end\"><\/span><\/h3>\n\n\n\n\n<p class=\"gb-headline gb-headline-7d760a3f gb-headline-text\">Ledende testere vejleder testteams i at vurdere opstrengningsf\u00e6rdigheder. De vurderer, hvor godt opstrengere f\u00f8lger BSW&#8217;s standarder for badminton, tennis og squash. Vi byder personer velkommen med omfattende erfaring med opstrengning af ketsjere og en st\u00e6rk forst\u00e5else for opstrengningsteknikker og ketsjerteknologi.<\/p>\n\n<\/div>\n<\/div>\n\n<div class=\"gb-container gb-container-8072e76b\">\n\n<div class=\"gb-container gb-container-eabf3753\">\n\n\n\n<h3 class=\"gb-headline gb-headline-0ad93116 gb-headline-text\"><span class=\"ez-toc-section\" id=\"Bliv_frivillig_som_Teknisk_tester\"><\/span>Bliv frivillig som <mark style=\"background-color:rgba(0, 0, 0, 0)\" class=\"has-inline-color has-global-color-9-color\">Teknisk tester<\/mark><span class=\"ez-toc-section-end\"><\/span><\/h3>\n\n\n\n\n<p class=\"gb-headline gb-headline-0e4cbc73 gb-headline-text\">Tekniske testere fokuserer p\u00e5 at vurdere specifikke opstrengningsf\u00e6rdigheder og -viden. Vi byder erfarne opstrengere velkommen, der har ekspertise inden for omr\u00e5der som m\u00e5ling af pund (lbs), strengenes egenskaber eller tilpasning af ketsjere.<\/p>\n\n<\/div>\n<\/div>\n\n<div class=\"gb-container gb-container-0bc9ddf8\">\n\n<div class=\"gb-container gb-container-4a1593e5\">\n\n\n\n<h3 class=\"gb-headline gb-headline-f300e849 gb-headline-text\"><span class=\"ez-toc-section\" id=\"Bliv_frivillig_som_Lokalitetsbesoegende\"><\/span>Bliv frivillig som <mark style=\"background-color:rgba(0, 0, 0, 0)\" class=\"has-inline-color has-global-color-9-color\">Lokalitetsbes\u00f8gende<\/mark><span class=\"ez-toc-section-end\"><\/span><\/h3>\n\n\n\n\n<p class=\"gb-headline gb-headline-1f171057 gb-headline-text\">Lokalitetsbes\u00f8gende hj\u00e6lper med at vurdere arbejdsmilj\u00f8et og kundeservicen hos Internationalt certificerede opstrengere. Denne rolle indeb\u00e6rer at bes\u00f8ge opstrengningssteder og observere, hvordan Internationalt certificerede opstrengere interagerer med kunder og vedligeholder deres arbejdsomr\u00e5de.<\/p>\n\n<\/div>\n<\/div>\n\n<div class=\"gb-container gb-container-bc7f3ef7\">\n\n<div class=\"gb-container gb-container-c402b7cb\">\n\n\n\n<h3 class=\"gb-headline gb-headline-9ac68257 gb-headline-text\"><span class=\"ez-toc-section\" id=\"Kontakt_os_for_at_blive_frivillig_Opstrengningstester\"><\/span>Kontakt os for at blive frivillig <mark style=\"background-color:rgba(0, 0, 0, 0)\" class=\"has-inline-color has-global-color-9-color\">Opstrengningstester<\/mark><span class=\"ez-toc-section-end\"><\/span><\/h3>\n\n\n\n\n<p class=\"gb-headline gb-headline-99f4af0d gb-headline-text\">Hvis du har erfaring med opstrengning af ketsjer og \u00f8nsker at hj\u00e6lpe med at forbedre uddannelsen inden for opstrengning, bedes du kontakte <a href=\"mailto:tester@beststringer.com\"><strong>tester@beststringer.com<\/strong><\/a>. Angiv venligst dit land og detaljer om din baggrund inden for opstrengning.<br><br><\/p>\n\n\n\n\n<figure class=\"gb-block-image gb-block-image-7bd1746b\"><img loading=\"lazy\" decoding=\"async\" width=\"1043\" height=\"371\" class=\"gb-image gb-image-7bd1746b\" src=\"https:\/\/beststringer.com\/wp-content\/uploads\/2024\/10\/Join-us-Volunteer-with-BSW-Badminton-Stringing-Certification.png\" alt=\"Bliv frivillig hos BSW Badminton Opstrengningscertificering i {{COUNTRY_LOCAL}}\" title=\"Bliv frivillig hos BSW Badminton Opstrengningscertificering i {{COUNTRY_LOCAL}}\" srcset=\"https:\/\/beststringer.com\/wp-content\/uploads\/2024\/10\/Join-us-Volunteer-with-BSW-Badminton-Stringing-Certification.png 1043w, https:\/\/beststringer.com\/wp-content\/uploads\/2024\/10\/Join-us-Volunteer-with-BSW-Badminton-Stringing-Certification-300x107.png 300w, https:\/\/beststringer.com\/wp-content\/uploads\/2024\/10\/Join-us-Volunteer-with-BSW-Badminton-Stringing-Certification-1024x364.png 1024w, https:\/\/beststringer.com\/wp-content\/uploads\/2024\/10\/Join-us-Volunteer-with-BSW-Badminton-Stringing-Certification-768x273.png 768w\" sizes=\"auto, (max-width: 1043px) 100vw, 1043px\" \/><\/figure>\n\n<\/div>\n<\/div>\n<\/div>\n\n<section class=\"gb-container gb-container-21e3c652\">\n\n<div class=\"gb-container gb-container-11344779\">\n\n\n\n<h3 class=\"gb-headline gb-headline-39f4cce2 gb-headline-text\"><span class=\"ez-toc-section\" id=\"Forbedr_dine_opstrengningsfaerdigheder_Frivilligmuligheder_hos_BSW\"><\/span>Forbedr dine opstrengningsf\u00e6rdigheder: Frivilligmuligheder hos BSW<span class=\"ez-toc-section-end\"><\/span><\/h3>\n\n\n\n\n<p class=\"gb-headline gb-headline-c6c5990e gb-headline-text\">Er du nysgerrig efter at fremme standarderne for opstrengning af ketsjere? Denne video udforsker frivilligroller hos Best Stringer Worldwide (BSW). L\u00e6r, hvordan du kan blive Certificeringstester, Ledende tester, Teknisk tester eller Lokalitetsbes\u00f8gende. Vi forklarer, hvad hver rolle indeb\u00e6rer, hvem der er kvalificeret, og hvordan disse stillinger bidrager til at forbedre kvaliteten af opstrengning inden for tennis, badminton og squash.<\/p>\n\n\n<div class=\"gb-container gb-container-ec1a2ce6\">\n\n<div class=\"gb-container gb-container-238a634b\"><\/div>\n\n<\/div>\n\n\n\n<div id=\"youtube-player\"><\/div>\n<script>\nvar videoLoaded = false;\n\n\nfunction loadYouTubeVideo() {\nif (videoLoaded) return;\nvideoLoaded = true;\nvar tag = document.createElement('script');\ntag.src = \"https:\/\/www.youtube.com\/iframe_api\";\nvar firstScriptTag = document.getElementsByTagName('script')[0];\nfirstScriptTag.parentNode.insertBefore(tag, firstScriptTag);\n}\n\nfunction onYouTubeIframeAPIReady() {\nnew YT.Player('youtube-player', {\nheight: '360',\nwidth: '640',\nvideoId: 'mnLp79WF_Qk', \/\/ Your video ID\nevents: {\n'onReady': onPlayerReady\n}\n});\n}\n\nfunction onPlayerReady(event) {\n\/\/ Video is ready to play\n}\n\n\/\/ Load the YouTube API script when the page is scrolled\nwindow.addEventListener('scroll', loadYouTubeVideo, { once: true });\n\n\/\/ Also load if the user hasn't scrolled after 3 seconds\nsetTimeout(loadYouTubeVideo, 3000);\n<\/script>\n\n\n\n<\/div>\n\n<\/section>\n\n<section class=\"gb-container gb-container-49b9586e\">\n\n<div class=\"gb-container gb-container-a2e9522c\"><\/div>\n\n<div class=\"gb-container gb-container-0e11192a\">\n\n\n\n<h3 class=\"gb-headline gb-headline-5cf408ee gb-headline-text\"><span class=\"ez-toc-section\" id=\"BSW_Opstrengningsnetvaerk\"><\/span>BSW Opstrengningsnetv\u00e6rk<span class=\"ez-toc-section-end\"><\/span><\/h3>\n\n\n<div class=\"gb-container gb-container-daaa2e63\">\n\n<div class=\"gb-container gb-container-bda621fe\"><\/div>\n\n<div class=\"gb-container gb-container-4b0ac72b\"><\/div>\n\n<\/div>\n\n\n\n<p class=\"gb-headline gb-headline-edf98545 gb-headline-text\">Best Stringer Worldwide tilbyder en platform for opstrengere, hvor de kan l\u00e6re og forbedre deres f\u00e6rdigheder. Vores netv\u00e6rk inkluderer:<\/p>\n\n\n\n\n<p class=\"gb-headline gb-headline-aa123983\"><span class=\"gb-icon\"><svg aria-hidden=\"true\" role=\"img\" height=\"1em\" width=\"1em\" viewBox=\"0 0 512 512\" xmlns=\"http:\/\/www.w3.org\/2000\/svg\"><path fill=\"currentColor\" d=\"M504 256c0 136.967-111.033 248-248 248S8 392.967 8 256 119.033 8 256 8s248 111.033 248 248zM227.314 387.314l184-184c6.248-6.248 6.248-16.379 0-22.627l-22.627-22.627c-6.248-6.249-16.379-6.249-22.628 0L216 308.118l-70.059-70.059c-6.248-6.248-16.379-6.248-22.628 0l-22.627 22.627c-6.248 6.248-6.248 16.379 0 22.627l104 104c6.249 6.249 16.379 6.249 22.628.001z\"><\/path><\/svg><\/span><span class=\"gb-headline-text\">Uddannelsesmaterialer om opstrengning<\/span><\/p>\n\n\n\n\n<p class=\"gb-headline gb-headline-22e91ee1\"><span class=\"gb-icon\"><svg aria-hidden=\"true\" role=\"img\" height=\"1em\" width=\"1em\" viewBox=\"0 0 512 512\" xmlns=\"http:\/\/www.w3.org\/2000\/svg\"><path fill=\"currentColor\" d=\"M504 256c0 136.967-111.033 248-248 248S8 392.967 8 256 119.033 8 256 8s248 111.033 248 248zM227.314 387.314l184-184c6.248-6.248 6.248-16.379 0-22.627l-22.627-22.627c-6.248-6.249-16.379-6.249-22.628 0L216 308.118l-70.059-70.059c-6.248-6.248-16.379-6.248-22.628 0l-22.627 22.627c-6.248 6.248-6.248 16.379 0 22.627l104 104c6.249 6.249 16.379 6.249 22.628.001z\"><\/path><\/svg><\/span><span class=\"gb-headline-text\">Regelm\u00e6ssige sessioner til opdatering af f\u00e6rdigheder<\/span><\/p>\n\n\n\n\n<p class=\"gb-headline gb-headline-f4b88c87\"><span class=\"gb-icon\"><svg aria-hidden=\"true\" role=\"img\" height=\"1em\" width=\"1em\" viewBox=\"0 0 512 512\" xmlns=\"http:\/\/www.w3.org\/2000\/svg\"><path fill=\"currentColor\" d=\"M504 256c0 136.967-111.033 248-248 248S8 392.967 8 256 119.033 8 256 8s248 111.033 248 248zM227.314 387.314l184-184c6.248-6.248 6.248-16.379 0-22.627l-22.627-22.627c-6.248-6.249-16.379-6.249-22.628 0L216 308.118l-70.059-70.059c-6.248-6.248-16.379-6.248-22.628 0l-22.627 22.627c-6.248 6.248-6.248 16.379 0 22.627l104 104c6.249 6.249 16.379 6.249 22.628.001z\"><\/path><\/svg><\/span><span class=\"gb-headline-text\">Diskussionsfora til deling af viden om opstrengning<\/span><\/p>\n\n\n\n\n<p class=\"gb-headline gb-headline-cd74c374 gb-headline-text\">Internationalt certificerede opstrengere kan interagere med spillere, der har brug for opstrengning af ketsjer. Dette hj\u00e6lper b\u00e5de opstrengere og spillere med bedre at forst\u00e5 behovene for klarg\u00f8ring af ketsjere.<\/p>\n\n\n\n\n\n<a class=\"gb-button gb-button-a29641e0 gb-button-text\" href=\"https:\/\/beststringer.com\/da\/contact\/\">Mere information<\/a>\n\n\n\n<\/div>\n\n<\/section>\n","protected":false},"excerpt":{"rendered":"<p>Bliv frivillig som Certificeringstester Certificeringstestere spiller en vigtig rolle i BSW&#8217;s certificeringsproces og i forbedringen af standarder for opstrengning. Vi s\u00f8ger erfarne opstrengere, der \u00f8nsker at bidrage med deres tid, viden og f\u00e6rdigheder som certificeringstestere. Som tester vil du arbejde sammen med professionelle opstrengere og observere forskellige opstrengningsmetoder. Du kan ogs\u00e5 deltage i vores testerm\u00f8der, &#8230; <a title=\"Frivillig som BSW Certificerings Tester\" class=\"read-more\" href=\"https:\/\/beststringer.com\/da\/join-us-volunteer-with-bsw\/\" aria-label=\"Read more about Frivillig som BSW Certificerings Tester\">L\u00e6s Mere<\/a><\/p>\n","protected":false},"author":1,"featured_media":38855,"parent":0,"menu_order":0,"comment_status":"closed","ping_status":"closed","template":"","meta":{"footnotes":""},"class_list":{"0":"post-38853","1":"page","2":"type-page","3":"status-publish","4":"has-post-thumbnail","6":"infinite-scroll-item"},"_links":{"self":[{"href":"https:\/\/beststringer.com\/da\/wp-json\/wp\/v2\/pages\/38853","targetHints":{"allow":["GET"]}}],"collection":[{"href":"https:\/\/beststringer.com\/da\/wp-json\/wp\/v2\/pages"}],"about":[{"href":"https:\/\/beststringer.com\/da\/wp-json\/wp\/v2\/types\/page"}],"author":[{"embeddable":true,"href":"https:\/\/beststringer.com\/da\/wp-json\/wp\/v2\/users\/1"}],"replies":[{"embeddable":true,"href":"https:\/\/beststringer.com\/da\/wp-json\/wp\/v2\/comments?post=38853"}],"version-history":[{"count":0,"href":"https:\/\/beststringer.com\/da\/wp-json\/wp\/v2\/pages\/38853\/revisions"}],"wp:featuredmedia":[{"embeddable":true,"href":"https:\/\/beststringer.com\/da\/wp-json\/wp\/v2\/media\/38855"}],"wp:attachment":[{"href":"https:\/\/beststringer.com\/da\/wp-json\/wp\/v2\/media?parent=38853"}],"curies":[{"name":"wp","href":"https:\/\/api.w.org\/{rel}","templated":true}]}}