{"id":38755,"date":"2024-08-05T01:47:32","date_gmt":"2024-08-05T01:47:32","guid":{"rendered":"https:\/\/beststringer.com\/benefits-bsw-certification\/"},"modified":"2025-09-25T05:35:46","modified_gmt":"2025-09-25T05:35:46","slug":"benefits-bsw-certification","status":"publish","type":"page","link":"https:\/\/beststringer.com\/da\/benefits-bsw-certification\/","title":{"rendered":"Fordele ved BSW Stringer Certificering for Ketsjerstrengning"},"content":{"rendered":"<div class=\"gb-container gb-container-f66bc834\">\n\n<div class=\"gb-container gb-container-37db13f4\">\n\n<div class=\"gb-container gb-container-3021f73c\">\n\n<div id=\"ez-toc-container\" class=\"ez-toc-v2_0_82_2 ez-toc-wrap-left counter-hierarchy ez-toc-counter ez-toc-custom ez-toc-container-direction\">\n<div class=\"ez-toc-title-container\">\n<p class=\"ez-toc-title\" style=\"cursor:inherit\">Topics<\/p>\n<span class=\"ez-toc-title-toggle\"><a href=\"#\" class=\"ez-toc-pull-right ez-toc-btn ez-toc-btn-xs ez-toc-btn-default ez-toc-toggle\" aria-label=\"Toggle Table of Content\"><span class=\"ez-toc-js-icon-con\"><span class=\"\"><span class=\"eztoc-hide\" style=\"display:none;\">Toggle<\/span><span class=\"ez-toc-icon-toggle-span\"><svg style=\"fill: #ffffff;color:#ffffff\" xmlns=\"http:\/\/www.w3.org\/2000\/svg\" class=\"list-377408\" width=\"20px\" height=\"20px\" viewBox=\"0 0 24 24\" fill=\"none\"><path d=\"M6 6H4v2h2V6zm14 0H8v2h12V6zM4 11h2v2H4v-2zm16 0H8v2h12v-2zM4 16h2v2H4v-2zm16 0H8v2h12v-2z\" fill=\"currentColor\"><\/path><\/svg><svg style=\"fill: #ffffff;color:#ffffff\" class=\"arrow-unsorted-368013\" xmlns=\"http:\/\/www.w3.org\/2000\/svg\" width=\"10px\" height=\"10px\" viewBox=\"0 0 24 24\" version=\"1.2\" baseProfile=\"tiny\"><path d=\"M18.2 9.3l-6.2-6.3-6.2 6.3c-.2.2-.3.4-.3.7s.1.5.3.7c.2.2.4.3.7.3h11c.3 0 .5-.1.7-.3.2-.2.3-.5.3-.7s-.1-.5-.3-.7zM5.8 14.7l6.2 6.3 6.2-6.3c.2-.2.3-.5.3-.7s-.1-.5-.3-.7c-.2-.2-.4-.3-.7-.3h-11c-.3 0-.5.1-.7.3-.2.2-.3.5-.3.7s.1.5.3.7z\"\/><\/svg><\/span><\/span><\/span><\/a><\/span><\/div>\n<nav><ul class='ez-toc-list ez-toc-list-level-1 eztoc-toggle-hide-by-default' ><li class='ez-toc-page-1 ez-toc-heading-level-3'><a class=\"ez-toc-link ez-toc-heading-1\" href=\"https:\/\/beststringer.com\/da\/benefits-bsw-certification\/#For_opstrengere\" >For opstrengere<\/a><\/li><li class='ez-toc-page-1 ez-toc-heading-level-3'><a class=\"ez-toc-link ez-toc-heading-2\" href=\"https:\/\/beststringer.com\/da\/benefits-bsw-certification\/#Kvalitetssikring\" >Kvalitetssikring<\/a><\/li><li class='ez-toc-page-1 ez-toc-heading-level-3'><a class=\"ez-toc-link ez-toc-heading-3\" href=\"https:\/\/beststringer.com\/da\/benefits-bsw-certification\/#Potentielle_omkostningsbesparelser\" >Potentielle omkostningsbesparelser<\/a><\/li><li class='ez-toc-page-1 ez-toc-heading-level-3'><a class=\"ez-toc-link ez-toc-heading-4\" href=\"https:\/\/beststringer.com\/da\/benefits-bsw-certification\/#International_anerkendelse\" >International anerkendelse<\/a><\/li><li class='ez-toc-page-1 ez-toc-heading-level-3'><a class=\"ez-toc-link ez-toc-heading-5\" href=\"https:\/\/beststringer.com\/da\/benefits-bsw-certification\/#For_spillere_og_sportsorganisationer\" >For spillere og sportsorganisationer<\/a><\/li><li class='ez-toc-page-1 ez-toc-heading-level-3'><a class=\"ez-toc-link ez-toc-heading-6\" href=\"https:\/\/beststringer.com\/da\/benefits-bsw-certification\/#For_ketsjersportsbranchen\" >For ketsjersportsbranchen<\/a><\/li><li class='ez-toc-page-1 ez-toc-heading-level-3'><a class=\"ez-toc-link ez-toc-heading-7\" href=\"https:\/\/beststringer.com\/da\/benefits-bsw-certification\/#Fleksibilitet\" >Fleksibilitet<\/a><\/li><li class='ez-toc-page-1 ez-toc-heading-level-3'><a class=\"ez-toc-link ez-toc-heading-8\" href=\"https:\/\/beststringer.com\/da\/benefits-bsw-certification\/#Fordele_ved_BSW_Opstrenger-certificering\" >Fordele ved BSW Opstrenger-certificering<\/a><\/li><li class='ez-toc-page-1 ez-toc-heading-level-3'><a class=\"ez-toc-link ez-toc-heading-9\" href=\"https:\/\/beststringer.com\/da\/benefits-bsw-certification\/#BSW_Opstrengnings-certificering\" >BSW Opstrengnings-certificering<\/a><\/li><\/ul><\/nav><\/div>\n\n\n\n\n\n<h3 class=\"gb-headline gb-headline-e5c79f72 gb-headline-text\"><span class=\"ez-toc-section\" id=\"For_opstrengere\"><\/span><strong>For <mark style=\"background-color:rgba(0, 0, 0, 0)\" class=\"has-inline-color has-global-color-9-color\">opstrengere<\/mark><\/strong><span class=\"ez-toc-section-end\"><\/span><\/h3>\n\n\n\n\n<p class=\"gb-headline gb-headline-7d760a3f gb-headline-text\">BSW-certificering bekr\u00e6fter kvaliteten af din service inden for opstrengning af ketsjere. Dette hj\u00e6lper med at opbygge tillid hos spillere og demonstrerer dine f\u00e6rdigheder for potentielle kunder.<\/p>\n\n<\/div>\n<\/div>\n\n<div class=\"gb-container gb-container-8072e76b\">\n\n<div class=\"gb-container gb-container-eabf3753\">\n\n\n\n<h3 class=\"gb-headline gb-headline-0ad93116 gb-headline-text\"><span class=\"ez-toc-section\" id=\"Kvalitetssikring\"><\/span><strong>Kvalitets<mark style=\"background-color:rgba(0, 0, 0, 0)\" class=\"has-inline-color has-global-color-9-color\">sikring<\/mark><\/strong><span class=\"ez-toc-section-end\"><\/span><\/h3>\n\n\n\n\n<p class=\"gb-headline gb-headline-0e4cbc73 gb-headline-text\">Spillere ved, hvad de kan forvente, n\u00e5r de v\u00e6lger en BSW-certificeret opstrenger. Internationalt certificerede opstrengere har best\u00e5et tests baseret p\u00e5 internationale standarder. Dette hj\u00e6lper med at sikre, at spillere f\u00e5r en god service, der opfylder deres behov.<\/p>\n\n<\/div>\n<\/div>\n\n<div class=\"gb-container gb-container-90ecf704\">\n\n<div class=\"gb-container gb-container-5939e332\">\n\n\n\n<h3 class=\"gb-headline gb-headline-fd44004c gb-headline-text\"><span class=\"ez-toc-section\" id=\"Potentielle_omkostningsbesparelser\"><\/span><strong>Potentielle omkostnings<mark style=\"background-color:rgba(0, 0, 0, 0)\" class=\"has-inline-color has-global-color-9-color\">besparelser<\/mark><\/strong><span class=\"ez-toc-section-end\"><\/span><\/h3>\n\n\n\n\n<p class=\"gb-headline gb-headline-053891c0 gb-headline-text\">Certificering kan hj\u00e6lpe med at reducere:<br>1. Gentagne opstrengninger p\u00e5 grund af forkert teknik<br>2. Utilfredse spillere<br>3. Skade p\u00e5 dit omd\u00f8mme<\/p>\n\n<\/div>\n<\/div>\n\n<div class=\"gb-container gb-container-8a50ef37\">\n\n<div class=\"gb-container gb-container-5c1bafc8\">\n\n\n\n<h3 class=\"gb-headline gb-headline-1f4c776e gb-headline-text\"><span class=\"ez-toc-section\" id=\"International_anerkendelse\"><\/span><strong>International <mark style=\"background-color:rgba(0, 0, 0, 0)\" class=\"has-inline-color has-global-color-9-color\">anerkendelse<\/mark><\/strong><span class=\"ez-toc-section-end\"><\/span><\/h3>\n\n\n\n\n<p class=\"gb-headline gb-headline-242fa714 gb-headline-text\">BSW samarbejder med forskellige sportsorganisationer. Dette betyder, at BSW-certificerede opstrengere kan blive anerkendt i flere lande. At v\u00e6re BSW-certificeret kan f\u00f8re til flere jobmuligheder rundt om i verden.<\/p>\n\n<\/div>\n<\/div>\n\n<div class=\"gb-container gb-container-0787b207\">\n\n<div class=\"gb-container gb-container-eed18cdf\">\n\n\n\n<h3 class=\"gb-headline gb-headline-59f1817a gb-headline-text\"><span class=\"ez-toc-section\" id=\"For_spillere_og_sportsorganisationer\"><\/span><strong>For <mark style=\"background-color:rgba(0, 0, 0, 0)\" class=\"has-inline-color has-global-color-9-color\">spillere<\/mark> og sports<mark style=\"background-color:rgba(0, 0, 0, 0)\" class=\"has-inline-color has-global-color-9-color\">organisationer<\/mark><\/strong><span class=\"ez-toc-section-end\"><\/span><\/h3>\n\n\n\n\n<p class=\"gb-headline gb-headline-cfca2887 gb-headline-text\"><strong>\u00d8get tillid:<\/strong><br>BSW-certificering viser en opstrengers f\u00e6rdigheder. Dette hj\u00e6lper spillere med at have tillid til opstrengningsservicen, hvilket er vigtigt for, hvor godt deres ketsjer pr\u00e6sterer. Det viser ogs\u00e5 en forpligtelse til god vedligeholdelse af udstyr og spillertilfredshed.<\/p>\n\n<\/div>\n<\/div>\n\n<div class=\"gb-container gb-container-5cce018f\">\n\n<div class=\"gb-container gb-container-71c468d8\">\n\n\n\n<h3 class=\"gb-headline gb-headline-322e667e gb-headline-text\"><span class=\"ez-toc-section\" id=\"For_ketsjersportsbranchen\"><\/span><strong>For <mark style=\"background-color:rgba(0, 0, 0, 0)\" class=\"has-inline-color has-global-color-9-color\">ketsjersports<\/mark>branchen<\/strong><span class=\"ez-toc-section-end\"><\/span><\/h3>\n\n\n\n\n<p class=\"gb-headline gb-headline-547ac4a2 gb-headline-text\">BSW-certificering hj\u00e6lper med at forbedre service inden for opstrengning af ketsjere generelt. Certificeringsprocessen viser opstrengere, hvor de kan forbedre sig, og hj\u00e6lper dem med at l\u00e6re mere. Den fremmer ogs\u00e5 fair konkurrence og bidrager til at g\u00f8re opstrengningstjenester bedre p\u00e5 tv\u00e6rs af branchen.<\/p>\n\n<\/div>\n<\/div>\n\n<div class=\"gb-container gb-container-79c3d10c\">\n\n<div class=\"gb-container gb-container-6cec1a21\">\n\n\n\n<h3 class=\"gb-headline gb-headline-31ecb21f gb-headline-text\"><span class=\"ez-toc-section\" id=\"Fleksibilitet\"><\/span><strong>Fleksibilitet<\/strong><span class=\"ez-toc-section-end\"><\/span><\/h3>\n\n\n\n\n<p class=\"gb-headline gb-headline-dee6187b gb-headline-text\">Spillere og organisationer kan beslutte, hvad de har brug for, og stole p\u00e5, at BSW-certificerede opstrengere leverer en god service.<br><br><\/p>\n\n\n\n\n<figure class=\"gb-block-image gb-block-image-ed37640b\"><img loading=\"lazy\" decoding=\"async\" width=\"1043\" height=\"721\" class=\"gb-image gb-image-ed37640b\" src=\"https:\/\/beststringer.com\/wp-content\/uploads\/2024\/10\/Benefits-of-BSW-Certification-Stringer-Racquet-Stringing-Certification.png\" alt=\"Fordele ved BSW-certificering for ketsjeropstrengning i {{COUNTRY_LOCAL}}\" title=\"Fordele ved BSW Opstrenger-certificering i {{CITY_LOCAL}}\" srcset=\"https:\/\/beststringer.com\/wp-content\/uploads\/2024\/10\/Benefits-of-BSW-Certification-Stringer-Racquet-Stringing-Certification.png 1043w, https:\/\/beststringer.com\/wp-content\/uploads\/2024\/10\/Benefits-of-BSW-Certification-Stringer-Racquet-Stringing-Certification-300x207.png 300w, https:\/\/beststringer.com\/wp-content\/uploads\/2024\/10\/Benefits-of-BSW-Certification-Stringer-Racquet-Stringing-Certification-1024x708.png 1024w, https:\/\/beststringer.com\/wp-content\/uploads\/2024\/10\/Benefits-of-BSW-Certification-Stringer-Racquet-Stringing-Certification-768x531.png 768w\" sizes=\"auto, (max-width: 1043px) 100vw, 1043px\" \/><\/figure>\n\n<\/div>\n<\/div>\n<\/div>\n\n<section class=\"gb-container gb-container-21e3c652\">\n\n<div class=\"gb-container gb-container-11344779\">\n\n\n\n<h3 class=\"gb-headline gb-headline-39f4cce2 gb-headline-text\"><span class=\"ez-toc-section\" id=\"Fordele_ved_BSW_Opstrenger-certificering\"><\/span>Fordele ved BSW Opstrenger-certificering<span class=\"ez-toc-section-end\"><\/span><\/h3>\n\n\n\n\n<p class=\"gb-headline gb-headline-c6c5990e gb-headline-text\">Denne video beskriver fordelene ved BSW Opstrenger-certificering for ketsjersport. L\u00e6r, hvordan certificering hj\u00e6lper opstrengere med at forbedre deres f\u00e6rdigheder og opbygge tillid hos spillere. Vi forklarer, hvordan internationalt certificerede opstrengere demonstrerer tekniske evner, viden om ketsjerteknologi og forst\u00e5else for spillerens behov. Videoen d\u00e6kker ogs\u00e5, hvordan certificering fremmer professionelle standarder og l\u00f8bende l\u00e6ring i branchen.<\/p>\n\n\n<div class=\"gb-container gb-container-ec1a2ce6\">\n\n<div class=\"gb-container gb-container-238a634b\"><\/div>\n\n<\/div>\n\n\n\n<div id=\"youtube-player\"><\/div>\n<script>\nvar videoLoaded = false;\n\n\nfunction loadYouTubeVideo() {\nif (videoLoaded) return;\nvideoLoaded = true;\nvar tag = document.createElement('script');\ntag.src = \"https:\/\/www.youtube.com\/iframe_api\";\nvar firstScriptTag = document.getElementsByTagName('script')[0];\nfirstScriptTag.parentNode.insertBefore(tag, firstScriptTag);\n}\n\nfunction onYouTubeIframeAPIReady() {\nnew YT.Player('youtube-player', {\nheight: '360',\nwidth: '640',\nvideoId: 'PVFRpb_r9lA', \/\/ Your video ID\nevents: {\n'onReady': onPlayerReady\n}\n});\n}\n\nfunction onPlayerReady(event) {\n\/\/ Video is ready to play\n}\n\n\/\/ Load the YouTube API script when the page is scrolled\nwindow.addEventListener('scroll', loadYouTubeVideo, { once: true });\n\n\/\/ Also load if the user hasn't scrolled after 3 seconds\nsetTimeout(loadYouTubeVideo, 3000);\n<\/script>\n\n\n\n<\/div>\n\n<\/section>\n\n<section class=\"gb-container gb-container-49b9586e\">\n\n<div class=\"gb-container gb-container-a2e9522c\"><\/div>\n\n<div class=\"gb-container gb-container-0e11192a\">\n\n\n\n<h3 class=\"gb-headline gb-headline-5cf408ee gb-headline-text\"><span class=\"ez-toc-section\" id=\"BSW_Opstrengnings-certificering\"><\/span>BSW Opstrengnings-certificering<span class=\"ez-toc-section-end\"><\/span><\/h3>\n\n\n<div class=\"gb-container gb-container-daaa2e63\">\n\n<div class=\"gb-container gb-container-bda621fe\"><\/div>\n\n<div class=\"gb-container gb-container-4b0ac72b\"><\/div>\n\n<\/div>\n\n\n\n<p class=\"gb-headline gb-headline-edf98545 gb-headline-text\">L\u00e6r professionelle f\u00e6rdigheder inden for opstrengning af ketsjere til badminton, tennis og squash. BSW-certificering d\u00e6kker korrekte teknikker, ketsjerteknologi og vurdering af spillerens behov.<\/p>\n\n\n\n\n\n<a class=\"gb-button gb-button-a29641e0 gb-button-text\" href=\"https:\/\/beststringer.com\/da\/stringing-certificate\/\">Detaljer om certificering<\/a>\n\n\n\n<\/div>\n\n<\/section><\/body><\/html>\n","protected":false},"excerpt":{"rendered":"<p>For opstrengere BSW-certificering bekr\u00e6fter kvaliteten af din service inden for opstrengning af ketsjere. Dette hj\u00e6lper med at opbygge tillid hos spillere og demonstrerer dine f\u00e6rdigheder for potentielle kunder. Kvalitetssikring Spillere ved, hvad de kan forvente, n\u00e5r de v\u00e6lger en BSW-certificeret opstrenger. Internationalt certificerede opstrengere har best\u00e5et tests baseret p\u00e5 internationale standarder. Dette hj\u00e6lper med at &#8230; <a title=\"Fordele ved BSW Stringer Certificering for Ketsjerstrengning\" class=\"read-more\" href=\"https:\/\/beststringer.com\/da\/benefits-bsw-certification\/\" aria-label=\"Read more about Fordele ved BSW Stringer Certificering for Ketsjerstrengning\">L\u00e6s Mere<\/a><\/p>\n","protected":false},"author":1,"featured_media":38756,"parent":0,"menu_order":0,"comment_status":"closed","ping_status":"closed","template":"","meta":{"footnotes":""},"class_list":{"0":"post-38755","1":"page","2":"type-page","3":"status-publish","4":"has-post-thumbnail","6":"infinite-scroll-item"},"_links":{"self":[{"href":"https:\/\/beststringer.com\/da\/wp-json\/wp\/v2\/pages\/38755","targetHints":{"allow":["GET"]}}],"collection":[{"href":"https:\/\/beststringer.com\/da\/wp-json\/wp\/v2\/pages"}],"about":[{"href":"https:\/\/beststringer.com\/da\/wp-json\/wp\/v2\/types\/page"}],"author":[{"embeddable":true,"href":"https:\/\/beststringer.com\/da\/wp-json\/wp\/v2\/users\/1"}],"replies":[{"embeddable":true,"href":"https:\/\/beststringer.com\/da\/wp-json\/wp\/v2\/comments?post=38755"}],"version-history":[{"count":0,"href":"https:\/\/beststringer.com\/da\/wp-json\/wp\/v2\/pages\/38755\/revisions"}],"wp:featuredmedia":[{"embeddable":true,"href":"https:\/\/beststringer.com\/da\/wp-json\/wp\/v2\/media\/38756"}],"wp:attachment":[{"href":"https:\/\/beststringer.com\/da\/wp-json\/wp\/v2\/media?parent=38755"}],"curies":[{"name":"wp","href":"https:\/\/api.w.org\/{rel}","templated":true}]}}