{"id":38656,"date":"2024-08-03T15:01:38","date_gmt":"2024-08-03T15:01:38","guid":{"rendered":"https:\/\/beststringer.com\/about-bsw-certification\/"},"modified":"2025-09-25T05:38:16","modified_gmt":"2025-09-25T05:38:16","slug":"about-bsw-certification","status":"publish","type":"page","link":"https:\/\/beststringer.com\/da\/about-bsw-certification\/","title":{"rendered":"BSW Certificering &#8211; Fremragende Strenger inden for Ketsjerstrengning"},"content":{"rendered":"<div class=\"gb-container gb-container-f66bc834\">\n\n<div class=\"gb-container gb-container-37db13f4\">\n\n<div class=\"gb-container gb-container-3021f73c\">\n\n<div id=\"ez-toc-container\" class=\"ez-toc-v2_0_82_2 ez-toc-wrap-left counter-hierarchy ez-toc-counter ez-toc-custom ez-toc-container-direction\">\n<div class=\"ez-toc-title-container\">\n<p class=\"ez-toc-title\" style=\"cursor:inherit\">Topics<\/p>\n<span class=\"ez-toc-title-toggle\"><a href=\"#\" class=\"ez-toc-pull-right ez-toc-btn ez-toc-btn-xs ez-toc-btn-default ez-toc-toggle\" aria-label=\"Toggle Table of Content\"><span class=\"ez-toc-js-icon-con\"><span class=\"\"><span class=\"eztoc-hide\" style=\"display:none;\">Toggle<\/span><span class=\"ez-toc-icon-toggle-span\"><svg style=\"fill: #ffffff;color:#ffffff\" xmlns=\"http:\/\/www.w3.org\/2000\/svg\" class=\"list-377408\" width=\"20px\" height=\"20px\" viewBox=\"0 0 24 24\" fill=\"none\"><path d=\"M6 6H4v2h2V6zm14 0H8v2h12V6zM4 11h2v2H4v-2zm16 0H8v2h12v-2zM4 16h2v2H4v-2zm16 0H8v2h12v-2z\" fill=\"currentColor\"><\/path><\/svg><svg style=\"fill: #ffffff;color:#ffffff\" class=\"arrow-unsorted-368013\" xmlns=\"http:\/\/www.w3.org\/2000\/svg\" width=\"10px\" height=\"10px\" viewBox=\"0 0 24 24\" version=\"1.2\" baseProfile=\"tiny\"><path d=\"M18.2 9.3l-6.2-6.3-6.2 6.3c-.2.2-.3.4-.3.7s.1.5.3.7c.2.2.4.3.7.3h11c.3 0 .5-.1.7-.3.2-.2.3-.5.3-.7s-.1-.5-.3-.7zM5.8 14.7l6.2 6.3 6.2-6.3c.2-.2.3-.5.3-.7s-.1-.5-.3-.7c-.2-.2-.4-.3-.7-.3h-11c-.3 0-.5.1-.7.3-.2.2-.3.5-.3.7s.1.5.3.7z\"\/><\/svg><\/span><\/span><\/span><\/a><\/span><\/div>\n<nav><ul class='ez-toc-list ez-toc-list-level-1 eztoc-toggle-hide-by-default' ><li class='ez-toc-page-1 ez-toc-heading-level-3'><a class=\"ez-toc-link ez-toc-heading-1\" href=\"https:\/\/beststringer.com\/da\/about-bsw-certification\/#Hvad_er_BSW_Opstrenger_Certificering\" >Hvad er BSW Opstrenger Certificering?<\/a><\/li><li class='ez-toc-page-1 ez-toc-heading-level-3'><a class=\"ez-toc-link ez-toc-heading-2\" href=\"https:\/\/beststringer.com\/da\/about-bsw-certification\/#Hvilke_tekniske_faerdigheder_daekker_BSW-certificeringen\" >Hvilke tekniske f\u00e6rdigheder d\u00e6kker BSW-certificeringen?<\/a><\/li><li class='ez-toc-page-1 ez-toc-heading-level-3'><a class=\"ez-toc-link ez-toc-heading-3\" href=\"https:\/\/beststringer.com\/da\/about-bsw-certification\/#Inkluderer_BSW-certificeringen_viden_om_ketsjerteknologi\" >Inkluderer BSW-certificeringen viden om ketsjerteknologi?<\/a><\/li><li class='ez-toc-page-1 ez-toc-heading-level-3'><a class=\"ez-toc-link ez-toc-heading-4\" href=\"https:\/\/beststringer.com\/da\/about-bsw-certification\/#Hvordan_imoedekommer_BSW-certificeringen_spilleres_behov\" >Hvordan im\u00f8dekommer BSW-certificeringen spilleres behov?<\/a><\/li><li class='ez-toc-page-1 ez-toc-heading-level-3'><a class=\"ez-toc-link ez-toc-heading-5\" href=\"https:\/\/beststringer.com\/da\/about-bsw-certification\/#Daekker_BSW-certificeringen_forretningspraksis\" >D\u00e6kker BSW-certificeringen forretningspraksis?<\/a><\/li><li class='ez-toc-page-1 ez-toc-heading-level-3'><a class=\"ez-toc-link ez-toc-heading-6\" href=\"https:\/\/beststringer.com\/da\/about-bsw-certification\/#Er_loebende_laering_en_del_af_BSW-certificeringen\" >Er l\u00f8bende l\u00e6ring en del af BSW-certificeringen?<\/a><\/li><li class='ez-toc-page-1 ez-toc-heading-level-3'><a class=\"ez-toc-link ez-toc-heading-7\" href=\"https:\/\/beststringer.com\/da\/about-bsw-certification\/#Forstaa_BSW_Opstrenger_Certificering\" >Forst\u00e5 BSW Opstrenger Certificering<\/a><\/li><li class='ez-toc-page-1 ez-toc-heading-level-3'><a class=\"ez-toc-link ez-toc-heading-8\" href=\"https:\/\/beststringer.com\/da\/about-bsw-certification\/#BSW_Certificeringsproces\" >BSW Certificeringsproces<\/a><\/li><\/ul><\/nav><\/div>\n\n\n\n\n\n<h3 class=\"gb-headline gb-headline-e5c79f72 gb-headline-text\"><span class=\"ez-toc-section\" id=\"Hvad_er_BSW_Opstrenger_Certificering\"><\/span><strong>Hvad er BSW <mark style=\"background-color:rgba(0, 0, 0, 0)\" class=\"has-inline-color has-global-color-9-color\">Opstrenger Certificering?<\/mark><\/strong><span class=\"ez-toc-section-end\"><\/span><\/h3>\n\n\n\n\n<p class=\"gb-headline gb-headline-7d760a3f gb-headline-text\">BSW-certificering styrker trov\u00e6rdigheden af opstrengningstjenester til badminton, tennis og squash ved at give en p\u00e5lidelig, uafh\u00e6ngig garanti for, at disse tjenester udf\u00f8res professionelt og opfylder globalt anerkendte standarder. Internationalt certificerede opstrengere bliver m\u00e5lt op imod omfattende industristandarder udviklet af BSW. Dette sikrer kompetencen, upartiskheden og ydeevnen af deres opstrengningstjenester p\u00e5 tv\u00e6rs af disse ketsjersportsgrene.<\/p>\n\n<\/div>\n<\/div>\n\n<div class=\"gb-container gb-container-8072e76b\">\n\n<div class=\"gb-container gb-container-eabf3753\">\n\n\n\n<h3 class=\"gb-headline gb-headline-0ad93116 gb-headline-text\"><span class=\"ez-toc-section\" id=\"Hvilke_tekniske_faerdigheder_daekker_BSW-certificeringen\"><\/span><strong>Hvilke <mark style=\"background-color:rgba(0, 0, 0, 0)\" class=\"has-inline-color has-global-color-9-color\">tekniske f\u00e6rdigheder<\/mark> d\u00e6kker BSW-certificeringen?<\/strong><span class=\"ez-toc-section-end\"><\/span><\/h3>\n\n\n\n\n<p class=\"gb-headline gb-headline-0e4cbc73 gb-headline-text\">BSW-certificeringen d\u00e6kker tekniske f\u00e6rdigheder inden for opstrengning af ketsjer til badminton, tennis og squash.<\/p>\n\n<\/div>\n<\/div>\n\n<div class=\"gb-container gb-container-90ecf704\">\n\n<div class=\"gb-container gb-container-5939e332\">\n\n\n\n<h3 class=\"gb-headline gb-headline-fd44004c gb-headline-text\"><span class=\"ez-toc-section\" id=\"Inkluderer_BSW-certificeringen_viden_om_ketsjerteknologi\"><\/span><strong>Inkluderer BSW-certificeringen viden om <mark style=\"background-color:rgba(0, 0, 0, 0)\" class=\"has-inline-color has-global-color-9-color\">ketsjerteknologi?<\/mark><\/strong><span class=\"ez-toc-section-end\"><\/span><\/h3>\n\n\n\n\n<p class=\"gb-headline gb-headline-053891c0 gb-headline-text\">Ja, BSW-certificeringen inkluderer viden om ketsjerteknologi specifikt for badminton, tennis og squash.<\/p>\n\n<\/div>\n<\/div>\n\n<div class=\"gb-container gb-container-dcf6e123\">\n\n<div class=\"gb-container gb-container-0a32c8df\">\n\n\n\n<h3 class=\"gb-headline gb-headline-3402a474 gb-headline-text\"><span class=\"ez-toc-section\" id=\"Hvordan_imoedekommer_BSW-certificeringen_spilleres_behov\"><\/span><strong>Hvordan im\u00f8dekommer BSW-certificeringen <mark style=\"background-color:rgba(0, 0, 0, 0)\" class=\"has-inline-color has-global-color-9-color\">spilleres behov?<\/mark><\/strong><span class=\"ez-toc-section-end\"><\/span><\/h3>\n\n\n\n\n<p class=\"gb-headline gb-headline-b2d473bc gb-headline-text\">BSW-certificeringen sikrer en forst\u00e5else for spilleres behov p\u00e5 tv\u00e6rs af forskellige ketsjersportsgrene.<\/p>\n\n<\/div>\n<\/div>\n\n<div class=\"gb-container gb-container-8ac5ebbf\">\n\n<div class=\"gb-container gb-container-5f1551dd\">\n\n\n\n<h3 class=\"gb-headline gb-headline-2062a1ca gb-headline-text\"><span class=\"ez-toc-section\" id=\"Daekker_BSW-certificeringen_forretningspraksis\"><\/span><strong>D\u00e6kker BSW-certificeringen <mark style=\"background-color:rgba(0, 0, 0, 0)\" class=\"has-inline-color has-global-color-9-color\">forretningspraksis?<\/mark><\/strong><span class=\"ez-toc-section-end\"><\/span><\/h3>\n\n\n\n\n<p class=\"gb-headline gb-headline-0020ca67 gb-headline-text\">Ja, BSW-certificeringen inkluderer etisk forretningspraksis som en del af programmet.<\/p>\n\n<\/div>\n<\/div>\n\n<div class=\"gb-container gb-container-f2403813\">\n\n<div class=\"gb-container gb-container-7d2783cc\">\n\n\n\n<h3 class=\"gb-headline gb-headline-999574a7 gb-headline-text\"><span class=\"ez-toc-section\" id=\"Er_loebende_laering_en_del_af_BSW-certificeringen\"><\/span><strong>Er <mark style=\"background-color:rgba(0, 0, 0, 0)\" class=\"has-inline-color has-global-color-9-color\">l\u00f8bende l\u00e6ring<\/mark> en del af BSW-certificeringen?<\/strong><span class=\"ez-toc-section-end\"><\/span><\/h3>\n\n\n\n\n<p class=\"gb-headline gb-headline-505dd667 gb-headline-text\">Absolut. BSW-certificeringen l\u00e6gger v\u00e6gt p\u00e5 l\u00f8bende faglig udvikling for internationalt certificerede opstrengere.<\/p>\n\n<\/div>\n<\/div>\n\n\n\n<figure class=\"gb-block-image gb-block-image-7091db9d\"><img loading=\"lazy\" decoding=\"async\" width=\"898\" height=\"536\" class=\"gb-image gb-image-7091db9d\" src=\"https:\/\/beststringer.com\/wp-content\/uploads\/2024\/10\/BSW-Certification-Stringer-Racquet-Stringing.png\" alt=\"BSW Certificering for opstrengere og opstrengning af ketsjer i {{COUNTRY_LOCAL}}\" title=\"BSW Certificering - Professionel opstrengning af ketsjer i {{COUNTRY_LOCAL}}\" srcset=\"https:\/\/beststringer.com\/wp-content\/uploads\/2024\/10\/BSW-Certification-Stringer-Racquet-Stringing.png 898w, https:\/\/beststringer.com\/wp-content\/uploads\/2024\/10\/BSW-Certification-Stringer-Racquet-Stringing-300x179.png 300w, https:\/\/beststringer.com\/wp-content\/uploads\/2024\/10\/BSW-Certification-Stringer-Racquet-Stringing-768x458.png 768w\" sizes=\"auto, (max-width: 898px) 100vw, 898px\" \/><\/figure>\n\n<\/div>\n\n<section class=\"gb-container gb-container-21e3c652\">\n\n<div class=\"gb-container gb-container-11344779\">\n\n\n\n<h3 class=\"gb-headline gb-headline-39f4cce2 gb-headline-text\"><span class=\"ez-toc-section\" id=\"Forstaa_BSW_Opstrenger_Certificering\"><\/span>Forst\u00e5 BSW Opstrenger Certificering<span class=\"ez-toc-section-end\"><\/span><\/h3>\n\n\n\n\n<p class=\"gb-headline gb-headline-c6c5990e gb-headline-text\">Denne video forklarer BSW Opstrenger Certificering for badminton, tennis og squash. L\u00e6r, hvilke f\u00e6rdigheder internationalt certificerede opstrengere skal demonstrere, herunder tekniske f\u00e6rdigheder inden for opstrengning, viden om ketsjerteknologi og forst\u00e5else for spilleres behov.<\/p>\n\n\n<div class=\"gb-container gb-container-ec1a2ce6\">\n\n<div class=\"gb-container gb-container-238a634b\"><\/div>\n\n<\/div>\n\n\n\n<div id=\"youtube-player\"><\/div>\n<script>\nvar videoLoaded = false;\n\n\nfunction loadYouTubeVideo() {\nif (videoLoaded) return;\nvideoLoaded = true;\nvar tag = document.createElement('script');\ntag.src = \"https:\/\/www.youtube.com\/iframe_api\";\nvar firstScriptTag = document.getElementsByTagName('script')[0];\nfirstScriptTag.parentNode.insertBefore(tag, firstScriptTag);\n}\n\nfunction onYouTubeIframeAPIReady() {\nnew YT.Player('youtube-player', {\nheight: '360',\nwidth: '640',\nvideoId: '4CKR-Ghjfes', \/\/ Your video ID\nevents: {\n'onReady': onPlayerReady\n}\n});\n}\n\nfunction onPlayerReady(event) {\n\/\/ Video is ready to play\n}\n\n\/\/ Load the YouTube API script when the page is scrolled\nwindow.addEventListener('scroll', loadYouTubeVideo, { once: true });\n\n\/\/ Also load if the user hasn't scrolled after 3 seconds\nsetTimeout(loadYouTubeVideo, 3000);\n<\/script>\n\n\n\n<\/div>\n\n<\/section>\n\n<section class=\"gb-container gb-container-49b9586e\">\n\n<div class=\"gb-container gb-container-a2e9522c\"><\/div>\n\n<div class=\"gb-container gb-container-0e11192a\">\n\n\n\n<h3 class=\"gb-headline gb-headline-5cf408ee gb-headline-text\"><span class=\"ez-toc-section\" id=\"BSW_Certificeringsproces\"><\/span>BSW Certificeringsproces<span class=\"ez-toc-section-end\"><\/span><\/h3>\n\n\n<div class=\"gb-container gb-container-daaa2e63\">\n\n<div class=\"gb-container gb-container-bda621fe\"><\/div>\n\n<div class=\"gb-container gb-container-4b0ac72b\"><\/div>\n\n<\/div>\n\n\n\n<p class=\"gb-headline gb-headline-edf98545 gb-headline-text\">Gennem streng bed\u00f8mmelse og regelm\u00e6ssig recertificering sikrer BSW, at internationalt certificerede opstrengere opretholder de h\u00f8jeste standarder i branchen, til gavn for b\u00e5de spillere og ketsjersportsmilj\u00f8et som helhed.<\/p>\n\n\n\n\n\n<a class=\"gb-button gb-button-a29641e0 gb-button-text\" href=\"https:\/\/beststringer.com\/da\/stringing-certificate\/\">L\u00c6S MERE<\/a>\n\n\n\n<\/div>\n\n<\/section>\n","protected":false},"excerpt":{"rendered":"<p>Hvad er BSW Opstrenger Certificering? BSW-certificering styrker trov\u00e6rdigheden af opstrengningstjenester til badminton, tennis og squash ved at give en p\u00e5lidelig, uafh\u00e6ngig garanti for, at disse tjenester udf\u00f8res professionelt og opfylder globalt anerkendte standarder. Internationalt certificerede opstrengere bliver m\u00e5lt op imod omfattende industristandarder udviklet af BSW. Dette sikrer kompetencen, upartiskheden og ydeevnen af deres opstrengningstjenester p\u00e5 &#8230; <a title=\"BSW Certificering &#8211; Fremragende Strenger inden for Ketsjerstrengning\" class=\"read-more\" href=\"https:\/\/beststringer.com\/da\/about-bsw-certification\/\" aria-label=\"Read more about BSW Certificering &#8211; Fremragende Strenger inden for Ketsjerstrengning\">L\u00e6s Mere<\/a><\/p>\n","protected":false},"author":1,"featured_media":0,"parent":0,"menu_order":0,"comment_status":"closed","ping_status":"closed","template":"","meta":{"footnotes":""},"class_list":{"0":"post-38656","1":"page","2":"type-page","3":"status-publish","5":"infinite-scroll-item"},"_links":{"self":[{"href":"https:\/\/beststringer.com\/da\/wp-json\/wp\/v2\/pages\/38656","targetHints":{"allow":["GET"]}}],"collection":[{"href":"https:\/\/beststringer.com\/da\/wp-json\/wp\/v2\/pages"}],"about":[{"href":"https:\/\/beststringer.com\/da\/wp-json\/wp\/v2\/types\/page"}],"author":[{"embeddable":true,"href":"https:\/\/beststringer.com\/da\/wp-json\/wp\/v2\/users\/1"}],"replies":[{"embeddable":true,"href":"https:\/\/beststringer.com\/da\/wp-json\/wp\/v2\/comments?post=38656"}],"version-history":[{"count":0,"href":"https:\/\/beststringer.com\/da\/wp-json\/wp\/v2\/pages\/38656\/revisions"}],"wp:attachment":[{"href":"https:\/\/beststringer.com\/da\/wp-json\/wp\/v2\/media?parent=38656"}],"curies":[{"name":"wp","href":"https:\/\/api.w.org\/{rel}","templated":true}]}}