{"id":38557,"date":"2024-08-01T13:14:36","date_gmt":"2024-08-01T13:14:36","guid":{"rendered":"https:\/\/beststringer.com\/certification-integrity\/"},"modified":"2025-09-25T05:39:16","modified_gmt":"2025-09-25T05:39:16","slug":"certification-integrity","status":"publish","type":"page","link":"https:\/\/beststringer.com\/da\/certification-integrity\/","title":{"rendered":"BSW Certificering &#8211; Sikrer Kvalitets Ketsjerstrengningstjenester"},"content":{"rendered":"<div class=\"gb-container gb-container-f66bc834\">\n\n<div class=\"gb-container gb-container-3423e27e\">\n\n<div class=\"gb-container gb-container-4ea2fbf1\">\n\n<div id=\"ez-toc-container\" class=\"ez-toc-v2_0_82_2 ez-toc-wrap-left counter-hierarchy ez-toc-counter ez-toc-custom ez-toc-container-direction\">\n<div class=\"ez-toc-title-container\">\n<p class=\"ez-toc-title\" style=\"cursor:inherit\">Topics<\/p>\n<span class=\"ez-toc-title-toggle\"><a href=\"#\" class=\"ez-toc-pull-right ez-toc-btn ez-toc-btn-xs ez-toc-btn-default ez-toc-toggle\" aria-label=\"Toggle Table of Content\"><span class=\"ez-toc-js-icon-con\"><span class=\"\"><span class=\"eztoc-hide\" style=\"display:none;\">Toggle<\/span><span class=\"ez-toc-icon-toggle-span\"><svg style=\"fill: #ffffff;color:#ffffff\" xmlns=\"http:\/\/www.w3.org\/2000\/svg\" class=\"list-377408\" width=\"20px\" height=\"20px\" viewBox=\"0 0 24 24\" fill=\"none\"><path d=\"M6 6H4v2h2V6zm14 0H8v2h12V6zM4 11h2v2H4v-2zm16 0H8v2h12v-2zM4 16h2v2H4v-2zm16 0H8v2h12v-2z\" fill=\"currentColor\"><\/path><\/svg><svg style=\"fill: #ffffff;color:#ffffff\" class=\"arrow-unsorted-368013\" xmlns=\"http:\/\/www.w3.org\/2000\/svg\" width=\"10px\" height=\"10px\" viewBox=\"0 0 24 24\" version=\"1.2\" baseProfile=\"tiny\"><path d=\"M18.2 9.3l-6.2-6.3-6.2 6.3c-.2.2-.3.4-.3.7s.1.5.3.7c.2.2.4.3.7.3h11c.3 0 .5-.1.7-.3.2-.2.3-.5.3-.7s-.1-.5-.3-.7zM5.8 14.7l6.2 6.3 6.2-6.3c.2-.2.3-.5.3-.7s-.1-.5-.3-.7c-.2-.2-.4-.3-.7-.3h-11c-.3 0-.5.1-.7.3-.2.2-.3.5-.3.7s.1.5.3.7z\"\/><\/svg><\/span><\/span><\/span><\/a><\/span><\/div>\n<nav><ul class='ez-toc-list ez-toc-list-level-1 eztoc-toggle-hide-by-default' ><li class='ez-toc-page-1 ez-toc-heading-level-2'><a class=\"ez-toc-link ez-toc-heading-1\" href=\"https:\/\/beststringer.com\/da\/certification-integrity\/#Beskyttelse_af_spillere_og_opretholdelse_af_fremragende_opstrengere\" >Beskyttelse af spillere og opretholdelse af fremragende opstrengere<\/a><ul class='ez-toc-list-level-3' ><li class='ez-toc-heading-level-3'><a class=\"ez-toc-link ez-toc-heading-2\" href=\"https:\/\/beststringer.com\/da\/certification-integrity\/#1_Kontinuerlig_forbedring_og_gencertificering\" >1. Kontinuerlig forbedring og gencertificering<\/a><\/li><li class='ez-toc-page-1 ez-toc-heading-level-3'><a class=\"ez-toc-link ez-toc-heading-3\" href=\"https:\/\/beststringer.com\/da\/certification-integrity\/#2_Foranstaltninger_til_beskyttelse_af_spillere\" >2. Foranstaltninger til beskyttelse af spillere<\/a><\/li><li class='ez-toc-page-1 ez-toc-heading-level-3'><a class=\"ez-toc-link ez-toc-heading-4\" href=\"https:\/\/beststringer.com\/da\/certification-integrity\/#21_Indberetning_af_misligholdelse\" >2.1 Indberetning af misligholdelse<\/a><\/li><li class='ez-toc-page-1 ez-toc-heading-level-3'><a class=\"ez-toc-link ez-toc-heading-5\" href=\"https:\/\/beststringer.com\/da\/certification-integrity\/#22_Undersoegelsesproces\" >2.2 Unders\u00f8gelsesproces<\/a><\/li><li class='ez-toc-page-1 ez-toc-heading-level-3'><a class=\"ez-toc-link ez-toc-heading-6\" href=\"https:\/\/beststringer.com\/da\/certification-integrity\/#23_Disciplinaere_foranstaltninger\" >2.3 Disciplin\u00e6re foranstaltninger<\/a><\/li><li class='ez-toc-page-1 ez-toc-heading-level-3'><a class=\"ez-toc-link ez-toc-heading-7\" href=\"https:\/\/beststringer.com\/da\/certification-integrity\/#3_Forpligtelse_til_ekspertise\" >3. Forpligtelse til ekspertise<\/a><\/li><li class='ez-toc-page-1 ez-toc-heading-level-3'><a class=\"ez-toc-link ez-toc-heading-8\" href=\"https:\/\/beststringer.com\/da\/certification-integrity\/#BSW_Certificeringsintegritet\" >BSW Certificeringsintegritet<\/a><\/li><li class='ez-toc-page-1 ez-toc-heading-level-3'><a class=\"ez-toc-link ez-toc-heading-9\" href=\"https:\/\/beststringer.com\/da\/certification-integrity\/#Bliv_en_del_af_BSW-faellesskabet\" >Bliv en del af BSW-f\u00e6llesskabet<\/a><\/li><\/ul><\/li><\/ul><\/nav><\/div>\n\n\n\n\n\n<h2 class=\"gb-headline gb-headline-79589317 gb-headline-text\"><span class=\"ez-toc-section\" id=\"Beskyttelse_af_spillere_og_opretholdelse_af_fremragende_opstrengere\"><\/span>Beskyttelse af spillere og opretholdelse af <mark style=\"background-color:rgba(0, 0, 0, 0)\" class=\"has-inline-color has-global-color-9-color\">fremragende opstrengere<\/mark><span class=\"ez-toc-section-end\"><\/span><\/h2>\n\n\n\n\n<p class=\"gb-headline gb-headline-d07d49cf gb-headline-text\">BSW sikrer opstrengning af ketsjer i h\u00f8j kvalitet gennem strenge certificeringsstandarder og en striks adf\u00e6rdskodeks. Vi beskytter spillernes interesser og opretholder fremragende opstrengere gennem regelm\u00e6ssig gencertificering, et fortroligt rapporteringssystem og grundige unders\u00f8gelser af eventuelle indberettede problemer.<\/p>\n\n<\/div>\n<\/div>\n\n<div class=\"gb-container gb-container-37db13f4\">\n\n<div class=\"gb-container gb-container-3021f73c\">\n\n\n\n<h3 class=\"gb-headline gb-headline-e5c79f72 gb-headline-text\"><span class=\"ez-toc-section\" id=\"1_Kontinuerlig_forbedring_og_gencertificering\"><\/span>1. <strong>Kontinuerlig forbedring og <mark style=\"background-color:rgba(0, 0, 0, 0)\" class=\"has-inline-color has-global-color-9-color\">gencertificering<\/mark><\/strong><span class=\"ez-toc-section-end\"><\/span><\/h3>\n\n\n\n\n<p class=\"gb-headline gb-headline-7d760a3f gb-headline-text\">Hos Best Stringer Worldwide (BSW) er vi forpligtet til at opretholde de h\u00f8jeste standarder inden for opstrengning af ketsjer. For at sikre, at vores internationalt certificerede opstrengere forbliver p\u00e5 forkant med udviklingen i branchen: <\/p>\n\n\n\n\n<p>Alle BSW-certificerede opstrengere skal gennemg\u00e5 gencertificering en gang om \u00e5ret. Gencertificeringen omfatter vurderinger af:<br><strong>1.1<\/strong> De nyeste teknologier inden for ketsjersport<br><strong>1.2<\/strong> Avancerede teknikker til opstrengning af ketsjer<br><strong>1.3<\/strong> Kundeservicef\u00e6rdigheder<br><strong>1.4<\/strong> Etisk forretningspraksis<br>Manglende gennemf\u00f8relse af gencertificering vil medf\u00f8re suspendering af BSW-certificeringsstatus.<\/p>\n\n<\/div>\n<\/div>\n\n<div class=\"gb-container gb-container-8072e76b\">\n\n<div class=\"gb-container gb-container-eabf3753\">\n\n\n\n<h3 class=\"gb-headline gb-headline-0ad93116 gb-headline-text\"><span class=\"ez-toc-section\" id=\"2_Foranstaltninger_til_beskyttelse_af_spillere\"><\/span><strong>2. Foranstaltninger til <mark style=\"background-color:rgba(0, 0, 0, 0)\" class=\"has-inline-color has-global-color-9-color\">beskyttelse af spillere<\/mark><\/strong><span class=\"ez-toc-section-end\"><\/span><\/h3>\n\n\n\n\n<p class=\"gb-headline gb-headline-0e4cbc73 gb-headline-text\">BSW tager integriteten af vores certificering alvorligt. Vi har etableret strenge protokoller for at beskytte spillere, der bruger BSW-certificerede opstrengere:<\/p>\n\n<\/div>\n<\/div>\n\n<div class=\"gb-container gb-container-90ecf704\">\n\n<div class=\"gb-container gb-container-5939e332\">\n\n\n\n<h3 class=\"gb-headline gb-headline-fd44004c gb-headline-text\"><span class=\"ez-toc-section\" id=\"21_Indberetning_af_misligholdelse\"><\/span><strong>2.1 Indberetning af <mark style=\"background-color:rgba(0, 0, 0, 0)\" class=\"has-inline-color has-global-color-9-color\">misligholdelse<\/mark><\/strong><span class=\"ez-toc-section-end\"><\/span><\/h3>\n\n\n\n\n<p class=\"gb-headline gb-headline-053891c0 gb-headline-text\">Bes\u00f8gende p\u00e5 stedet hj\u00e6lper med at vurdere arbejdsmilj\u00f8et og kundeservicen hos certificerede opstrengere. Denne rolle indeb\u00e6rer at bes\u00f8ge opstrengningssteder og observere, hvordan certificerede opstrengere interagerer med kunder og vedligeholder deres arbejdsomr\u00e5de.<\/p>\n\n\n\n\n<p>Spillere, der oplever problemer med BSW-certificerede opstrengere, kan indsende en fortrolig klage via vores sikre onlineportal. Problemer, der kan indberettes, omfatter:<\/p>\n\n\n<div class=\"gb-container gb-container-86f37ad3\">\n\n\n\n<p>1. D\u00e5rlig kundeservice eller uprofessionel adf\u00e6rd<br>2. Utilfredsstillende kvalitet af opstrengning af ketsjer<br>3. U\u00e6rlig praksis (f.eks. vildledende oplysninger om strenge, falske oplysninger)<br>4. Brug af forbudte teknikker (f.eks. forv\u00e6vning, ikke at t\u00f8mme rammen)<\/p>\n\n<\/div>\n<\/div>\n<\/div>\n\n<div class=\"gb-container gb-container-bc7f3ef7\">\n\n<div class=\"gb-container gb-container-c402b7cb\">\n\n\n\n<h3 class=\"gb-headline gb-headline-9ac68257 gb-headline-text\"><span class=\"ez-toc-section\" id=\"22_Undersoegelsesproces\"><\/span><strong>2.2 <mark style=\"background-color:rgba(0, 0, 0, 0)\" class=\"has-inline-color has-global-color-9-color\">Unders\u00f8gelsesproces<\/mark><\/strong><span class=\"ez-toc-section-end\"><\/span><\/h3>\n\n\n\n\n<p class=\"gb-headline gb-headline-99f4af0d gb-headline-text\">Efter modtagelse af en klage:<br>1. Der vil blive udarbejdet en unders\u00f8gelsesrapport.<br>2. BSW vil indlede en fortrolig unders\u00f8gelse.<br>3. Vores team vil foretage en uanmeldt revision af opstrengen eller faciliteten.<br>4. Der vil blive udf\u00f8rt en grundig gennemgang af opstrengerens praksis.<\/p>\n\n<\/div>\n<\/div>\n\n<div class=\"gb-container gb-container-0bc9ddf8\">\n\n<div class=\"gb-container gb-container-4a1593e5\">\n\n\n\n<h3 class=\"gb-headline gb-headline-f300e849 gb-headline-text\"><span class=\"ez-toc-section\" id=\"23_Disciplinaere_foranstaltninger\"><\/span><strong>2.3 <mark style=\"background-color:rgba(0, 0, 0, 0)\" class=\"has-inline-color has-global-color-9-color\">Disciplin\u00e6re<\/mark> foranstaltninger<\/strong><span class=\"ez-toc-section-end\"><\/span><\/h3>\n\n\n<div class=\"gb-container gb-container-1e94798b\">\n\n\n\n<p>Hvis overtr\u00e6delser bekr\u00e6ftes, kan BSW tr\u00e6ffe f\u00f8lgende foranstaltninger:<br>1. Permanent tilbagekalde certificering<br>2. Udsted en advarsel<br>3. Kr\u00e6ve yderligere uddannelse<br>4. Midlertidigt suspendere certificering<br>5. Permanent tilbagekalde certificering<br>Alle disciplin\u00e6re foranstaltninger vil blive registreret i BSW&#8217;s offentlige database.<\/p>\n\n<\/div>\n<\/div>\n<\/div>\n\n<div class=\"gb-container gb-container-8ae3b9c0\">\n\n<div class=\"gb-container gb-container-0033085e\">\n\n\n\n<h3 class=\"gb-headline gb-headline-89f46c83 gb-headline-text\"><span class=\"ez-toc-section\" id=\"3_Forpligtelse_til_ekspertise\"><\/span><strong>3. Forpligtelse til <mark style=\"background-color:rgba(0, 0, 0, 0)\" class=\"has-inline-color has-global-color-9-color\">ekspertise<\/mark><\/strong><span class=\"ez-toc-section-end\"><\/span><\/h3>\n\n\n\n\n<p>BSW&#8217;s strenge standarder og beskyttelsesforanstaltninger sikrer, at spillere kan have tillid til kvaliteten og integriteten hos vores <strong>internationalt certificerede opstrengere<\/strong>. Vi er dedikerede til at opretholde det h\u00f8jeste niveau af professionalisme og ekspertise inden for branchen for opstrengning af ketsjer.<\/p>\n\n\n\n\n<p>For eventuelle foresp\u00f8rgsler eller for at indberette et problem, bedes du kontakte vores integritetsafdeling p\u00e5 <strong><a href=\"mailto:issue.beststringer@gmail.com\">issue.beststringer@gmail.com<\/a><\/strong><\/p>\n\n\n\n\n<figure class=\"gb-block-image gb-block-image-a652a1eb\"><img loading=\"lazy\" decoding=\"async\" width=\"727\" height=\"489\" class=\"gb-image gb-image-a652a1eb\" src=\"https:\/\/beststringer.com\/wp-content\/uploads\/2024\/10\/Certification-Integrity-Best-Stringer-Worldwide.png\" alt=\"Certificeringsintegritet Best Stringer Worldwide i {{COUNTRY_LOCAL}}\" title=\"Certificeringsintegritet for opstrengere i {{CITY_LOCAL}}\" srcset=\"https:\/\/beststringer.com\/wp-content\/uploads\/2024\/10\/Certification-Integrity-Best-Stringer-Worldwide.png 727w, https:\/\/beststringer.com\/wp-content\/uploads\/2024\/10\/Certification-Integrity-Best-Stringer-Worldwide-300x202.png 300w\" sizes=\"auto, (max-width: 727px) 100vw, 727px\" \/><\/figure>\n\n<\/div>\n<\/div>\n<\/div>\n\n<section class=\"gb-container gb-container-21e3c652\">\n\n<div class=\"gb-container gb-container-11344779\">\n\n\n\n<h3 class=\"gb-headline gb-headline-39f4cce2 gb-headline-text\"><span class=\"ez-toc-section\" id=\"BSW_Certificeringsintegritet\"><\/span>BSW Certificeringsintegritet<span class=\"ez-toc-section-end\"><\/span><\/h3>\n\n\n\n\n<p class=\"gb-headline gb-headline-c6c5990e gb-headline-text\">Tr\u00e6t af at l\u00e6se? Vi har l\u00f8sningen! Lyt til vores podcast for en sp\u00e6ndende gennemgang af BSW&#8217;s engagement i certificeringsintegritet. P\u00e5 blot f\u00e5 minutter vil du f\u00e5 en klar forst\u00e5else af, hvordan vi opretholder ekspertise inden for opstrengning af ketsjer og beskytter spillernes interesser.<\/p>\n\n\n<div class=\"gb-container gb-container-ec1a2ce6\">\n\n<div class=\"gb-container gb-container-238a634b\"><\/div>\n\n<\/div>\n\n\n\n<div id=\"youtube-player\"><\/div>\n<script>\nvar videoLoaded = false;\n\n\nfunction loadYouTubeVideo() {\nif (videoLoaded) return;\nvideoLoaded = true;\nvar tag = document.createElement('script');\ntag.src = \"https:\/\/www.youtube.com\/iframe_api\";\nvar firstScriptTag = document.getElementsByTagName('script')[0];\nfirstScriptTag.parentNode.insertBefore(tag, firstScriptTag);\n}\n\nfunction onYouTubeIframeAPIReady() {\nnew YT.Player('youtube-player', {\nheight: '360',\nwidth: '640',\nvideoId: 'u1pRyD3oepw', \/\/ Your video ID\nevents: {\n'onReady': onPlayerReady\n}\n});\n}\n\nfunction onPlayerReady(event) {\n\/\/ Video is ready to play\n}\n\n\/\/ Load the YouTube API script when the page is scrolled\nwindow.addEventListener('scroll', loadYouTubeVideo, { once: true });\n\n\/\/ Also load if the user hasn't scrolled after 3 seconds\nsetTimeout(loadYouTubeVideo, 3000);\n<\/script>\n\n\n\n<\/div>\n\n<\/section>\n\n<section class=\"gb-container gb-container-49b9586e\">\n\n<div class=\"gb-container gb-container-a2e9522c\"><\/div>\n\n<div class=\"gb-container gb-container-0e11192a\">\n\n\n\n<h3 class=\"gb-headline gb-headline-5cf408ee gb-headline-text\"><span class=\"ez-toc-section\" id=\"Bliv_en_del_af_BSW-faellesskabet\"><\/span>Bliv en del af BSW-f\u00e6llesskabet<span class=\"ez-toc-section-end\"><\/span><\/h3>\n\n\n<div class=\"gb-container gb-container-daaa2e63\">\n\n<div class=\"gb-container gb-container-bda621fe\"><\/div>\n\n<div class=\"gb-container gb-container-4b0ac72b\"><\/div>\n\n<\/div>\n\n\n\n<p class=\"gb-headline gb-headline-edf98545 gb-headline-text\">Best Stringer Worldwide inviterer opstrengere og spillere til at blive en del af vores voksende globale netv\u00e6rk. Vi tilbyder omfattende ressourcer, kontinuerlige l\u00e6ringsmuligheder og en platform for vidensudveksling. Vores f\u00e6llesskab forbinder internationalt certificerede opstrengere med spillere, der s\u00f8ger kvalitetsservice, og fremmer dermed tillid og ekspertise inden for ketsjersport verden over.<\/p>\n\n\n\n\n\n<a class=\"gb-button gb-button-a29641e0 gb-button-text\" href=\"https:\/\/beststringer.com\/collaborations-and-recognitions\/\">L\u00e6s mere<\/a>\n\n\n\n<\/div>\n\n<\/section>\n","protected":false},"excerpt":{"rendered":"<p>Beskyttelse af spillere og opretholdelse af fremragende opstrengere BSW sikrer opstrengning af ketsjer i h\u00f8j kvalitet gennem strenge certificeringsstandarder og en striks adf\u00e6rdskodeks. Vi beskytter spillernes interesser og opretholder fremragende opstrengere gennem regelm\u00e6ssig gencertificering, et fortroligt rapporteringssystem og grundige unders\u00f8gelser af eventuelle indberettede problemer. 1. Kontinuerlig forbedring og gencertificering Hos Best Stringer Worldwide (BSW) er &#8230; <a title=\"BSW Certificering &#8211; Sikrer Kvalitets Ketsjerstrengningstjenester\" class=\"read-more\" href=\"https:\/\/beststringer.com\/da\/certification-integrity\/\" aria-label=\"Read more about BSW Certificering &#8211; Sikrer Kvalitets Ketsjerstrengningstjenester\">L\u00e6s Mere<\/a><\/p>\n","protected":false},"author":1,"featured_media":38558,"parent":0,"menu_order":0,"comment_status":"closed","ping_status":"closed","template":"","meta":{"footnotes":""},"class_list":{"0":"post-38557","1":"page","2":"type-page","3":"status-publish","4":"has-post-thumbnail","6":"infinite-scroll-item"},"_links":{"self":[{"href":"https:\/\/beststringer.com\/da\/wp-json\/wp\/v2\/pages\/38557","targetHints":{"allow":["GET"]}}],"collection":[{"href":"https:\/\/beststringer.com\/da\/wp-json\/wp\/v2\/pages"}],"about":[{"href":"https:\/\/beststringer.com\/da\/wp-json\/wp\/v2\/types\/page"}],"author":[{"embeddable":true,"href":"https:\/\/beststringer.com\/da\/wp-json\/wp\/v2\/users\/1"}],"replies":[{"embeddable":true,"href":"https:\/\/beststringer.com\/da\/wp-json\/wp\/v2\/comments?post=38557"}],"version-history":[{"count":0,"href":"https:\/\/beststringer.com\/da\/wp-json\/wp\/v2\/pages\/38557\/revisions"}],"wp:featuredmedia":[{"embeddable":true,"href":"https:\/\/beststringer.com\/da\/wp-json\/wp\/v2\/media\/38558"}],"wp:attachment":[{"href":"https:\/\/beststringer.com\/da\/wp-json\/wp\/v2\/media?parent=38557"}],"curies":[{"name":"wp","href":"https:\/\/api.w.org\/{rel}","templated":true}]}}