{"id":38378,"date":"2024-08-05T04:02:40","date_gmt":"2024-08-05T04:02:40","guid":{"rendered":"https:\/\/beststringer.com\/bsw-certified-stringer\/"},"modified":"2025-09-25T05:35:11","modified_gmt":"2025-09-25T05:35:11","slug":"bsw-certified-stringer","status":"publish","type":"page","link":"https:\/\/beststringer.com\/da\/bsw-certified-stringer\/","title":{"rendered":"Hvad er en BSW Professionel Strenger?"},"content":{"rendered":"<div class=\"gb-container gb-container-f66bc834\">\n\n<div class=\"gb-container gb-container-3423e27e\">\n\n<div class=\"gb-container gb-container-4ea2fbf1\">\n\n<div id=\"ez-toc-container\" class=\"ez-toc-v2_0_82_2 ez-toc-wrap-left counter-hierarchy ez-toc-counter ez-toc-custom ez-toc-container-direction\">\n<div class=\"ez-toc-title-container\">\n<p class=\"ez-toc-title\" style=\"cursor:inherit\">Topics<\/p>\n<span class=\"ez-toc-title-toggle\"><a href=\"#\" class=\"ez-toc-pull-right ez-toc-btn ez-toc-btn-xs ez-toc-btn-default ez-toc-toggle\" aria-label=\"Toggle Table of Content\"><span class=\"ez-toc-js-icon-con\"><span class=\"\"><span class=\"eztoc-hide\" style=\"display:none;\">Toggle<\/span><span class=\"ez-toc-icon-toggle-span\"><svg style=\"fill: #ffffff;color:#ffffff\" xmlns=\"http:\/\/www.w3.org\/2000\/svg\" class=\"list-377408\" width=\"20px\" height=\"20px\" viewBox=\"0 0 24 24\" fill=\"none\"><path d=\"M6 6H4v2h2V6zm14 0H8v2h12V6zM4 11h2v2H4v-2zm16 0H8v2h12v-2zM4 16h2v2H4v-2zm16 0H8v2h12v-2z\" fill=\"currentColor\"><\/path><\/svg><svg style=\"fill: #ffffff;color:#ffffff\" class=\"arrow-unsorted-368013\" xmlns=\"http:\/\/www.w3.org\/2000\/svg\" width=\"10px\" height=\"10px\" viewBox=\"0 0 24 24\" version=\"1.2\" baseProfile=\"tiny\"><path d=\"M18.2 9.3l-6.2-6.3-6.2 6.3c-.2.2-.3.4-.3.7s.1.5.3.7c.2.2.4.3.7.3h11c.3 0 .5-.1.7-.3.2-.2.3-.5.3-.7s-.1-.5-.3-.7zM5.8 14.7l6.2 6.3 6.2-6.3c.2-.2.3-.5.3-.7s-.1-.5-.3-.7c-.2-.2-.4-.3-.7-.3h-11c-.3 0-.5.1-.7.3-.2.2-.3.5-.3.7s.1.5.3.7z\"\/><\/svg><\/span><\/span><\/span><\/a><\/span><\/div>\n<nav><ul class='ez-toc-list ez-toc-list-level-1 eztoc-toggle-hide-by-default' ><li class='ez-toc-page-1 ez-toc-heading-level-2'><a class=\"ez-toc-link ez-toc-heading-1\" href=\"https:\/\/beststringer.com\/da\/bsw-certified-stringer\/#Hvad_er_en_BSW_Internationalt_certificeret_opstrenger\" >Hvad er en BSW Internationalt certificeret opstrenger?<\/a><ul class='ez-toc-list-level-3' ><li class='ez-toc-heading-level-3'><a class=\"ez-toc-link ez-toc-heading-2\" href=\"https:\/\/beststringer.com\/da\/bsw-certified-stringer\/#Noegleaspekter_for_BSW_Internationalt_certificerede_opstrengere\" >N\u00f8gleaspekter for BSW Internationalt certificerede opstrengere<\/a><\/li><li class='ez-toc-page-1 ez-toc-heading-level-3'><a class=\"ez-toc-link ez-toc-heading-3\" href=\"https:\/\/beststringer.com\/da\/bsw-certified-stringer\/#2_Ekspertise_i_ketsjerteknologi\" >2. Ekspertise i ketsjerteknologi<\/a><\/li><li class='ez-toc-page-1 ez-toc-heading-level-3'><a class=\"ez-toc-link ez-toc-heading-4\" href=\"https:\/\/beststringer.com\/da\/bsw-certified-stringer\/#3_Vurdering_af_spillerens_behov\" >3. Vurdering af spillerens behov:<\/a><\/li><li class='ez-toc-page-1 ez-toc-heading-level-3'><a class=\"ez-toc-link ez-toc-heading-5\" href=\"https:\/\/beststringer.com\/da\/bsw-certified-stringer\/#4_Etisk_praksis\" >4. Etisk praksis<\/a><\/li><li class='ez-toc-page-1 ez-toc-heading-level-3'><a class=\"ez-toc-link ez-toc-heading-6\" href=\"https:\/\/beststringer.com\/da\/bsw-certified-stringer\/#5_Kontinuerlig_laering\" >5. Kontinuerlig l\u00e6ring<\/a><\/li><li class='ez-toc-page-1 ez-toc-heading-level-3'><a class=\"ez-toc-link ez-toc-heading-7\" href=\"https:\/\/beststringer.com\/da\/bsw-certified-stringer\/#Hvad_er_en_BSW_Internationalt_certificeret_opstrenger-2\" >Hvad er en BSW Internationalt certificeret opstrenger?<\/a><\/li><li class='ez-toc-page-1 ez-toc-heading-level-3'><a class=\"ez-toc-link ez-toc-heading-8\" href=\"https:\/\/beststringer.com\/da\/bsw-certified-stringer\/#Bliv_en_BSW_Internationalt_certificeret_opstrenger\" >Bliv en BSW Internationalt certificeret opstrenger<\/a><\/li><\/ul><\/li><\/ul><\/nav><\/div>\n\n\n\n\n\n<h2 class=\"gb-headline gb-headline-79589317 gb-headline-text\"><span class=\"ez-toc-section\" id=\"Hvad_er_en_BSW_Internationalt_certificeret_opstrenger\"><\/span>Hvad er en BSW <mark style=\"background-color:rgba(0, 0, 0, 0)\" class=\"has-inline-color has-global-color-9-color\">Internationalt certificeret opstrenger<\/mark>?<span class=\"ez-toc-section-end\"><\/span><\/h2>\n\n\n\n\n<p class=\"gb-headline gb-headline-d07d49cf gb-headline-text\">En BSW Internationalt certificeret opstrenger er en professionel, der med succes har gennemf\u00f8rt Best Stringer Worldwide (BSW) certificeringsprogrammet. Denne certificering bekr\u00e6fter, at opstrengen har opfyldt internationalt anerkendte standarder inden for opstrengning af ketsjere til badminton, tennis og squash.<br><br>BSW-certificering \u00f8ger trov\u00e6rdigheden af opstrengningsservices ved at give en uafh\u00e6ngig bekr\u00e6ftelse p\u00e5, at disse services udf\u00f8res professionelt og lever op til globale standarder. Certificerede opstrengere evalueres ud fra omfattende kriterier udviklet af BSW, hvilket sikrer deres kompetence, upartiskhed og ydeevne.<\/p>\n\n\n\n\n<figure class=\"wp-block-image size-full is-resized\"><img loading=\"lazy\" decoding=\"async\" width=\"1024\" height=\"1024\" src=\"https:\/\/beststringer.com\/wp-content\/uploads\/2025\/05\/What-is-a-BSW-Certified-Stringer.jpg\" alt=\"Hvad er en BSW Internationalt certificeret opstrenger i {{COUNTRY_LOCAL}}\" class=\"wp-image-18726\" style=\"width:538px\" srcset=\"https:\/\/beststringer.com\/wp-content\/uploads\/2025\/05\/What-is-a-BSW-Certified-Stringer.jpg 1024w, https:\/\/beststringer.com\/wp-content\/uploads\/2025\/05\/What-is-a-BSW-Certified-Stringer-300x300.jpg 300w, https:\/\/beststringer.com\/wp-content\/uploads\/2025\/05\/What-is-a-BSW-Certified-Stringer-150x150.jpg 150w, https:\/\/beststringer.com\/wp-content\/uploads\/2025\/05\/What-is-a-BSW-Certified-Stringer-768x768.jpg 768w\" sizes=\"auto, (max-width: 1024px) 100vw, 1024px\" \/><\/figure>\n\n<\/div>\n<\/div>\n\n<div class=\"gb-container gb-container-37db13f4\">\n\n<div class=\"gb-container gb-container-3021f73c\">\n\n\n\n<h3 class=\"gb-headline gb-headline-e5c79f72 gb-headline-text\"><span class=\"ez-toc-section\" id=\"Noegleaspekter_for_BSW_Internationalt_certificerede_opstrengere\"><\/span><mark style=\"background-color:rgba(0, 0, 0, 0)\" class=\"has-inline-color has-global-color-9-color\">N\u00f8gleaspekter<\/mark> for BSW Internationalt certificerede opstrengere<span class=\"ez-toc-section-end\"><\/span><\/h3>\n\n\n\n\n<p class=\"gb-headline gb-headline-7d760a3f gb-headline-text\"><strong>1. Teknisk f\u00e6rdighed:<\/strong> <br><strong>1.1<\/strong> Mestring af opstrengningsteknikker til badminton-, tennis- og squashketsjere<br><strong>1.2<\/strong> Forst\u00e5else for forskellige strengetyper og deres egenskaber<br><strong>1.3<\/strong> Kendskab til passende indstillinger for pund (lbs) til forskellige spillestile<\/p>\n\n<\/div>\n<\/div>\n\n<div class=\"gb-container gb-container-8072e76b\">\n\n<div class=\"gb-container gb-container-eabf3753\">\n\n\n\n<h3 class=\"gb-headline gb-headline-0ad93116 gb-headline-text\"><span class=\"ez-toc-section\" id=\"2_Ekspertise_i_ketsjerteknologi\"><\/span><strong>2. <mark style=\"background-color:rgba(0, 0, 0, 0)\" class=\"has-inline-color has-global-color-9-color\">Ekspertise i ketsjerteknologi<\/mark><\/strong><span class=\"ez-toc-section-end\"><\/span><\/h3>\n\n\n\n\n<p class=\"gb-headline gb-headline-0e4cbc73 gb-headline-text\"><strong>2.1<\/strong> Kendskab til forskellige ketsjerdesigns og materialer<br><strong>2.2<\/strong> Forst\u00e5else for, hvordan ketsjerens egenskaber p\u00e5virker opstrengning af ketsjer<\/p>\n\n<\/div>\n<\/div>\n\n<div class=\"gb-container gb-container-90ecf704\">\n\n<div class=\"gb-container gb-container-5939e332\">\n\n\n\n<h3 class=\"gb-headline gb-headline-fd44004c gb-headline-text\"><span class=\"ez-toc-section\" id=\"3_Vurdering_af_spillerens_behov\"><\/span><strong>3. <mark style=\"background-color:rgba(0, 0, 0, 0)\" class=\"has-inline-color has-global-color-9-color\">Vurdering af spillerens behov<\/mark>:<\/strong><span class=\"ez-toc-section-end\"><\/span><\/h3>\n\n\n\n\n<p class=\"gb-headline gb-headline-053891c0 gb-headline-text\"><strong>3.1<\/strong> Evne til at vurdere spillerens krav baseret p\u00e5 f\u00e6rdighedsniveau og spillestil<br><strong>3.2<\/strong> F\u00e6rdighed i at anbefale passende strenge- og pund-kombinationer<\/p>\n\n<\/div>\n<\/div>\n\n<div class=\"gb-container gb-container-bc7f3ef7\">\n\n<div class=\"gb-container gb-container-c402b7cb\">\n\n\n\n<h3 class=\"gb-headline gb-headline-9ac68257 gb-headline-text\"><span class=\"ez-toc-section\" id=\"4_Etisk_praksis\"><\/span><strong>4. <mark style=\"background-color:rgba(0, 0, 0, 0)\" class=\"has-inline-color has-global-color-9-color\">Etisk<\/mark> praksis<\/strong><span class=\"ez-toc-section-end\"><\/span><\/h3>\n\n\n\n\n<p class=\"gb-headline gb-headline-99f4af0d gb-headline-text\"><strong>4.1<\/strong> Forpligtelse til \u00e6rlig og gennemsigtig service<br><strong>4.2<\/strong> Overholdelse af BSW&#8217;s adf\u00e6rdskodeks<\/p>\n\n<\/div>\n<\/div>\n\n<div class=\"gb-container gb-container-0bc9ddf8\">\n\n<div class=\"gb-container gb-container-4a1593e5\">\n\n\n\n<h3 class=\"gb-headline gb-headline-f300e849 gb-headline-text\"><span class=\"ez-toc-section\" id=\"5_Kontinuerlig_laering\"><\/span><strong>5. <mark style=\"background-color:rgba(0, 0, 0, 0)\" class=\"has-inline-color has-global-color-9-color\">Kontinuerlig<\/mark> l\u00e6ring<\/strong><span class=\"ez-toc-section-end\"><\/span><\/h3>\n\n\n<div class=\"gb-container gb-container-1e94798b\">\n\n\n\n<p><strong>5.1<\/strong> Regelm\u00e6ssige opdateringer om nye teknologier og teknikker inden for opstrengning af ketsjer<br><strong>5.2<\/strong> L\u00f8bende uddannelse om udviklingen inden for ketsjersport<\/p>\n\n<\/div>\n<\/div>\n<\/div>\n\n<div class=\"gb-container gb-container-8ae3b9c0\">\n\n<div class=\"gb-container gb-container-0033085e\">\n\n\n\n<p>BSW Internationalt certificerede opstrengere gennemg\u00e5r periodisk reevaluering for at opretholde deres certificering, hvilket sikrer, at de holder sig ajour med udviklingen inden for standarder og teknologier for opstrengning af ketsjer.<\/p>\n\n\n\n\n<p>Ved at v\u00e6lge en BSW Internationalt certificeret opstrenger kan spillere v\u00e6re sikre p\u00e5, at de modtager opstrengningsservice fra en professionel, der har demonstreret et h\u00f8jt niveau af f\u00e6rdigheder og viden inden for klarg\u00f8ring af ketsjere.<br><\/p>\n\n\n\n\n<figure class=\"gb-block-image gb-block-image-41284c03\"><img loading=\"lazy\" decoding=\"async\" width=\"804\" height=\"698\" class=\"gb-image gb-image-41284c03\" src=\"https:\/\/beststringer.com\/wp-content\/uploads\/2025\/05\/What-is-a-BSW-Certified-Stringer-Best-Stringer-Worldwide-Stringer-Certification.png\" alt=\"Hvad er en BSW Internationalt certificeret opstrenger Best Stringer Worldwide opstrenger certificering\" title=\"Hvad er en BSW Internationalt certificeret opstrenger Best Stringer Worldwide opstrenger certificering\" srcset=\"https:\/\/beststringer.com\/wp-content\/uploads\/2025\/05\/What-is-a-BSW-Certified-Stringer-Best-Stringer-Worldwide-Stringer-Certification.png 804w, https:\/\/beststringer.com\/wp-content\/uploads\/2025\/05\/What-is-a-BSW-Certified-Stringer-Best-Stringer-Worldwide-Stringer-Certification-300x260.png 300w, https:\/\/beststringer.com\/wp-content\/uploads\/2025\/05\/What-is-a-BSW-Certified-Stringer-Best-Stringer-Worldwide-Stringer-Certification-768x667.png 768w\" sizes=\"auto, (max-width: 804px) 100vw, 804px\" \/><\/figure>\n\n<\/div>\n<\/div>\n<\/div>\n\n<section class=\"gb-container gb-container-21e3c652\">\n\n<div class=\"gb-container gb-container-11344779\">\n\n\n\n<h3 class=\"gb-headline gb-headline-39f4cce2 gb-headline-text\"><span class=\"ez-toc-section\" id=\"Hvad_er_en_BSW_Internationalt_certificeret_opstrenger-2\"><\/span>Hvad er en BSW Internationalt certificeret opstrenger?<span class=\"ez-toc-section-end\"><\/span><\/h3>\n\n\n\n\n<p class=\"gb-headline gb-headline-c6c5990e gb-headline-text\">Har du nogensinde undret dig over, hvem der st\u00e5r bag en velopstrenget ketsjer? Denne video forklarer, hvad BSW Internationalt certificerede opstrengere er, og deres rolle i ketsjersport. L\u00e6r, hvilke f\u00e6rdigheder disse professionelle besidder inden for klarg\u00f8ring af tennis-, badminton- og squashketsjere.<\/p>\n\n\n<div class=\"gb-container gb-container-ec1a2ce6\">\n\n<div class=\"gb-container gb-container-238a634b\"><\/div>\n\n<\/div>\n\n\n\n<div id=\"youtube-player\"><\/div>\n<script>\nvar videoLoaded = false;\n\n\nfunction loadYouTubeVideo() {\nif (videoLoaded) return;\nvideoLoaded = true;\nvar tag = document.createElement('script');\ntag.src = \"https:\/\/www.youtube.com\/iframe_api\";\nvar firstScriptTag = document.getElementsByTagName('script')[0];\nfirstScriptTag.parentNode.insertBefore(tag, firstScriptTag);\n}\n\nfunction onYouTubeIframeAPIReady() {\nnew YT.Player('youtube-player', {\nheight: '360',\nwidth: '640',\nvideoId: 'LZsHlgh99CE', \/\/ Your video ID\nevents: {\n'onReady': onPlayerReady\n}\n});\n}\n\nfunction onPlayerReady(event) {\n\/\/ Video is ready to play\n}\n\n\/\/ Load the YouTube API script when the page is scrolled\nwindow.addEventListener('scroll', loadYouTubeVideo, { once: true });\n\n\/\/ Also load if the user hasn't scrolled after 3 seconds\nsetTimeout(loadYouTubeVideo, 3000);\n<\/script>\n\n\n\n<\/div>\n\n<\/section>\n\n<section class=\"gb-container gb-container-49b9586e\">\n\n<div class=\"gb-container gb-container-a2e9522c\"><\/div>\n\n<div class=\"gb-container gb-container-0e11192a\">\n\n\n\n<h3 class=\"gb-headline gb-headline-5cf408ee gb-headline-text\"><span class=\"ez-toc-section\" id=\"Bliv_en_BSW_Internationalt_certificeret_opstrenger\"><\/span>Bliv en BSW Internationalt certificeret opstrenger<span class=\"ez-toc-section-end\"><\/span><\/h3>\n\n\n<div class=\"gb-container gb-container-daaa2e63\">\n\n<div class=\"gb-container gb-container-bda621fe\"><\/div>\n\n<div class=\"gb-container gb-container-4b0ac72b\"><\/div>\n\n<\/div>\n\n\n\n<p class=\"gb-headline gb-headline-edf98545 gb-headline-text\">L\u00e6r professionelle f\u00e6rdigheder inden for opstrengning af ketsjer til badminton, tennis og squash. Opn\u00e5 viden om ketsjerteknologi, vurdering af spilleres behov og etisk praksis.<\/p>\n\n\n\n\n\n<a class=\"gb-button gb-button-a29641e0 gb-button-text\" href=\"https:\/\/beststringer.com\/da\/stringing-certificate\/\">Certificeringsproces<\/a>\n\n\n\n<\/div>\n\n<\/section>\n","protected":false},"excerpt":{"rendered":"<p>Hvad er en BSW Internationalt certificeret opstrenger? En BSW Internationalt certificeret opstrenger er en professionel, der med succes har gennemf\u00f8rt Best Stringer Worldwide (BSW) certificeringsprogrammet. Denne certificering bekr\u00e6fter, at opstrengen har opfyldt internationalt anerkendte standarder inden for opstrengning af ketsjere til badminton, tennis og squash. BSW-certificering \u00f8ger trov\u00e6rdigheden af opstrengningsservices ved at give en uafh\u00e6ngig &#8230; <a title=\"Hvad er en BSW Professionel Strenger?\" class=\"read-more\" href=\"https:\/\/beststringer.com\/da\/bsw-certified-stringer\/\" aria-label=\"Read more about Hvad er en BSW Professionel Strenger?\">L\u00e6s Mere<\/a><\/p>\n","protected":false},"author":1,"featured_media":38380,"parent":0,"menu_order":0,"comment_status":"closed","ping_status":"closed","template":"","meta":{"footnotes":""},"class_list":{"0":"post-38378","1":"page","2":"type-page","3":"status-publish","4":"has-post-thumbnail","6":"infinite-scroll-item"},"_links":{"self":[{"href":"https:\/\/beststringer.com\/da\/wp-json\/wp\/v2\/pages\/38378","targetHints":{"allow":["GET"]}}],"collection":[{"href":"https:\/\/beststringer.com\/da\/wp-json\/wp\/v2\/pages"}],"about":[{"href":"https:\/\/beststringer.com\/da\/wp-json\/wp\/v2\/types\/page"}],"author":[{"embeddable":true,"href":"https:\/\/beststringer.com\/da\/wp-json\/wp\/v2\/users\/1"}],"replies":[{"embeddable":true,"href":"https:\/\/beststringer.com\/da\/wp-json\/wp\/v2\/comments?post=38378"}],"version-history":[{"count":0,"href":"https:\/\/beststringer.com\/da\/wp-json\/wp\/v2\/pages\/38378\/revisions"}],"wp:featuredmedia":[{"embeddable":true,"href":"https:\/\/beststringer.com\/da\/wp-json\/wp\/v2\/media\/38380"}],"wp:attachment":[{"href":"https:\/\/beststringer.com\/da\/wp-json\/wp\/v2\/media?parent=38378"}],"curies":[{"name":"wp","href":"https:\/\/api.w.org\/{rel}","templated":true}]}}