{"id":38258,"date":"2024-08-05T03:37:42","date_gmt":"2024-08-05T03:37:42","guid":{"rendered":"https:\/\/beststringer.com\/global-stringing-skills-certification\/"},"modified":"2025-09-25T05:40:49","modified_gmt":"2025-09-25T05:40:49","slug":"global-stringing-skills-certification","status":"publish","type":"page","link":"https:\/\/beststringer.com\/da\/global-stringing-skills-certification\/","title":{"rendered":"Global Certificering i Ketsjerstrengningsf\u00e6rdigheder"},"content":{"rendered":"<div class=\"gb-container gb-container-f66bc834\">\n\n<div class=\"gb-container gb-container-3423e27e\">\n\n<div class=\"gb-container gb-container-4ea2fbf1\">\n\n<div id=\"ez-toc-container\" class=\"ez-toc-v2_0_82_2 ez-toc-wrap-left counter-hierarchy ez-toc-counter ez-toc-custom ez-toc-container-direction\">\n<div class=\"ez-toc-title-container\">\n<p class=\"ez-toc-title\" style=\"cursor:inherit\">Topics<\/p>\n<span class=\"ez-toc-title-toggle\"><a href=\"#\" class=\"ez-toc-pull-right ez-toc-btn ez-toc-btn-xs ez-toc-btn-default ez-toc-toggle\" aria-label=\"Toggle Table of Content\"><span class=\"ez-toc-js-icon-con\"><span class=\"\"><span class=\"eztoc-hide\" style=\"display:none;\">Toggle<\/span><span class=\"ez-toc-icon-toggle-span\"><svg style=\"fill: #ffffff;color:#ffffff\" xmlns=\"http:\/\/www.w3.org\/2000\/svg\" class=\"list-377408\" width=\"20px\" height=\"20px\" viewBox=\"0 0 24 24\" fill=\"none\"><path d=\"M6 6H4v2h2V6zm14 0H8v2h12V6zM4 11h2v2H4v-2zm16 0H8v2h12v-2zM4 16h2v2H4v-2zm16 0H8v2h12v-2z\" fill=\"currentColor\"><\/path><\/svg><svg style=\"fill: #ffffff;color:#ffffff\" class=\"arrow-unsorted-368013\" xmlns=\"http:\/\/www.w3.org\/2000\/svg\" width=\"10px\" height=\"10px\" viewBox=\"0 0 24 24\" version=\"1.2\" baseProfile=\"tiny\"><path d=\"M18.2 9.3l-6.2-6.3-6.2 6.3c-.2.2-.3.4-.3.7s.1.5.3.7c.2.2.4.3.7.3h11c.3 0 .5-.1.7-.3.2-.2.3-.5.3-.7s-.1-.5-.3-.7zM5.8 14.7l6.2 6.3 6.2-6.3c.2-.2.3-.5.3-.7s-.1-.5-.3-.7c-.2-.2-.4-.3-.7-.3h-11c-.3 0-.5.1-.7.3-.2.2-.3.5-.3.7s.1.5.3.7z\"\/><\/svg><\/span><\/span><\/span><\/a><\/span><\/div>\n<nav><ul class='ez-toc-list ez-toc-list-level-1 eztoc-toggle-hide-by-default' ><li class='ez-toc-page-1 ez-toc-heading-level-2'><a class=\"ez-toc-link ez-toc-heading-1\" href=\"https:\/\/beststringer.com\/da\/global-stringing-skills-certification\/#Et_globalt_pas_til_ketsjersport\" >Et globalt pas til ketsjersport<\/a><ul class='ez-toc-list-level-3' ><li class='ez-toc-heading-level-3'><a class=\"ez-toc-link ez-toc-heading-2\" href=\"https:\/\/beststringer.com\/da\/global-stringing-skills-certification\/#Forstaa_betydningen_af_opstrengning_af_ketsjer\" >Forst\u00e5 betydningen af opstrengning af ketsjer<\/a><\/li><li class='ez-toc-page-1 ez-toc-heading-level-3'><a class=\"ez-toc-link ez-toc-heading-3\" href=\"https:\/\/beststringer.com\/da\/global-stringing-skills-certification\/#Mere_end_en_certificering\" >Mere end en certificering<\/a><\/li><li class='ez-toc-page-1 ez-toc-heading-level-3'><a class=\"ez-toc-link ez-toc-heading-4\" href=\"https:\/\/beststringer.com\/da\/global-stringing-skills-certification\/#Langsigtet_udbytte\" >Langsigtet udbytte<\/a><\/li><li class='ez-toc-page-1 ez-toc-heading-level-3'><a class=\"ez-toc-link ez-toc-heading-5\" href=\"https:\/\/beststringer.com\/da\/global-stringing-skills-certification\/#Global_anvendelse\" >Global anvendelse<\/a><\/li><li class='ez-toc-page-1 ez-toc-heading-level-3'><a class=\"ez-toc-link ez-toc-heading-6\" href=\"https:\/\/beststringer.com\/da\/global-stringing-skills-certification\/#Hjaelper_spillere_overalt\" >Hj\u00e6lper spillere overalt<\/a><\/li><li class='ez-toc-page-1 ez-toc-heading-level-3'><a class=\"ez-toc-link ez-toc-heading-7\" href=\"https:\/\/beststringer.com\/da\/global-stringing-skills-certification\/#Kontinuerlig_laering\" >Kontinuerlig l\u00e6ring<\/a><\/li><li class='ez-toc-page-1 ez-toc-heading-level-3'><a class=\"ez-toc-link ez-toc-heading-8\" href=\"https:\/\/beststringer.com\/da\/global-stringing-skills-certification\/#Global_certificering_i_opstrengningsfaerdigheder\" >Global certificering i opstrengningsf\u00e6rdigheder<\/a><\/li><li class='ez-toc-page-1 ez-toc-heading-level-3'><a class=\"ez-toc-link ez-toc-heading-9\" href=\"https:\/\/beststringer.com\/da\/global-stringing-skills-certification\/#Global_uddannelse_i_opstrengning\" >Global uddannelse i opstrengning<\/a><\/li><\/ul><\/li><\/ul><\/nav><\/div>\n\n\n\n\n\n<h2 class=\"gb-headline gb-headline-79589317 gb-headline-text\"><span class=\"ez-toc-section\" id=\"Et_globalt_pas_til_ketsjersport\"><\/span>Et <mark style=\"background-color:rgba(0, 0, 0, 0)\" class=\"has-inline-color has-global-color-9-color\">globalt pas<\/mark> til ketsjersport<span class=\"ez-toc-section-end\"><\/span><\/h2>\n\n\n\n\n<p class=\"gb-headline gb-headline-d07d49cf gb-headline-text\">BSW-certificering giver opstrengere internationalt anerkendte f\u00e6rdigheder. Denne viden hj\u00e6lper opstrengere med at assistere spillere verden over med at forbedre deres spil.<\/p>\n\n<\/div>\n<\/div>\n\n<div class=\"gb-container gb-container-37db13f4\">\n\n<div class=\"gb-container gb-container-3021f73c\">\n\n\n\n<h3 class=\"gb-headline gb-headline-e5c79f72 gb-headline-text\"><span class=\"ez-toc-section\" id=\"Forstaa_betydningen_af_opstrengning_af_ketsjer\"><\/span>Forst\u00e5 betydningen af <mark style=\"background-color:rgba(0, 0, 0, 0)\" class=\"has-inline-color has-global-color-9-color\">opstrengning af ketsjer<\/mark><span class=\"ez-toc-section-end\"><\/span><\/h3>\n\n\n\n\n<p class=\"gb-headline gb-headline-7d760a3f gb-headline-text\">Korrekt opstrengning af ketsjer p\u00e5virker, hvordan en ketsjer pr\u00e6sterer. BSW-certificerede opstrengere l\u00e6rer at: <\/p>\n\n\n\n\n<p>1. Vurdere spilleres behov p\u00e5 tv\u00e6rs af f\u00e6rdighedsniveauer<br>2. V\u00e6lge passende strenge og pund (lbs)<br>3. Anvende korrekte opstrengningsteknikker til forskellige ketsjertyper<\/p>\n\n<\/div>\n<\/div>\n\n<div class=\"gb-container gb-container-8072e76b\">\n\n<div class=\"gb-container gb-container-eabf3753\">\n\n\n\n<h3 class=\"gb-headline gb-headline-0ad93116 gb-headline-text\"><span class=\"ez-toc-section\" id=\"Mere_end_en_certificering\"><\/span><strong><mark style=\"background-color:rgba(0, 0, 0, 0)\" class=\"has-inline-color has-global-color-9-color\">Mere end<\/mark> en certificering<\/strong><span class=\"ez-toc-section-end\"><\/span><\/h3>\n\n\n\n\n<p class=\"gb-headline gb-headline-0e4cbc73 gb-headline-text\">BSW l\u00e6gger v\u00e6gt p\u00e5 at l\u00e6re reelle f\u00e6rdigheder for at hj\u00e6lpe spillere med at:<br>1. Spille bedre<br>2. F\u00f8le sig mere komfortable med deres ketsjer<br>3. Nyde deres sport mere<\/p>\n\n<\/div>\n<\/div>\n\n<div class=\"gb-container gb-container-90ecf704\">\n\n<div class=\"gb-container gb-container-5939e332\">\n\n\n\n<h3 class=\"gb-headline gb-headline-fd44004c gb-headline-text\"><span class=\"ez-toc-section\" id=\"Langsigtet_udbytte\"><\/span><strong><mark style=\"background-color:rgba(0, 0, 0, 0)\" class=\"has-inline-color has-global-color-9-color\">Langsigtet<\/mark> udbytte<\/strong><span class=\"ez-toc-section-end\"><\/span><\/h3>\n\n\n\n\n<p class=\"gb-headline gb-headline-053891c0 gb-headline-text\">At fokusere p\u00e5 spillerens forbedring frem for blot profit f\u00f8rer til:<\/p>\n\n\n\n\n<p>1. Langvarige relationer med spillere <br>2. Bedre forst\u00e5else for ketsjersport <br>3. Kontinuerlig l\u00e6ring og udvikling af f\u00e6rdigheder<\/p>\n\n<\/div>\n<\/div>\n\n<div class=\"gb-container gb-container-bc7f3ef7\">\n\n<div class=\"gb-container gb-container-c402b7cb\">\n\n\n\n<h3 class=\"gb-headline gb-headline-9ac68257 gb-headline-text\"><span class=\"ez-toc-section\" id=\"Global_anvendelse\"><\/span><strong>Global <mark style=\"background-color:rgba(0, 0, 0, 0)\" class=\"has-inline-color has-global-color-9-color\">anvendelse<\/mark><\/strong><span class=\"ez-toc-section-end\"><\/span><\/h3>\n\n\n\n\n<p class=\"gb-headline gb-headline-99f4af0d gb-headline-text\">BSW&#8217;s f\u00e6rdigheder inden for opstrengning af ketsjer er nyttige verden over:<br>1. Teknikkerne g\u00e6lder for ketsjere, der bruges globalt<br>2. Forst\u00e5elsen for spilleres behov krydser kulturelle gr\u00e6nser<br>3. Viden om strengetyper og deres egenskaber er universelt anvendelig<\/p>\n\n<\/div>\n<\/div>\n\n<div class=\"gb-container gb-container-0bc9ddf8\">\n\n<div class=\"gb-container gb-container-4a1593e5\">\n\n\n\n<h3 class=\"gb-headline gb-headline-f300e849 gb-headline-text\"><span class=\"ez-toc-section\" id=\"Hjaelper_spillere_overalt\"><\/span><strong>Hj\u00e6lper spillere <mark style=\"background-color:rgba(0, 0, 0, 0)\" class=\"has-inline-color has-global-color-9-color\">overalt<\/mark><\/strong><span class=\"ez-toc-section-end\"><\/span><\/h3>\n\n\n<div class=\"gb-container gb-container-1e94798b\">\n\n\n\n<p>BSW-certificerede opstrengere kan:<br>1. Assistere lokale klubspillere<br>2. St\u00f8tte professionelle tour-spillere<br>3. Uddanne spillere om pleje og ydeevne af ketsjere<\/p>\n\n<\/div>\n<\/div>\n<\/div>\n\n<div class=\"gb-container gb-container-8ae3b9c0\">\n\n<div class=\"gb-container gb-container-0033085e\">\n\n\n\n<h3 class=\"gb-headline gb-headline-89f46c83 gb-headline-text\"><span class=\"ez-toc-section\" id=\"Kontinuerlig_laering\"><\/span><strong>Kontinuerlig <mark style=\"background-color:rgba(0, 0, 0, 0)\" class=\"has-inline-color has-global-color-9-color\">l\u00e6ring<\/mark><\/strong><span class=\"ez-toc-section-end\"><\/span><\/h3>\n\n\n\n\n<p>Ketsjersportsindustrien udvikler sig. BSW opfordrer opstrengere til at:<br>1. Holde sig opdateret p\u00e5 nye teknologier<br>2. Tilpasse teknikker til nye ketsjerdesigns<br>3. Forts\u00e6tte med at studere spilleres behov og pr\u00e6ferencer<\/p>\n\n\n\n\n<p>Ved at fokusere p\u00e5 uddannelse og spillerst\u00f8tte forbereder BSW-certificering opstrengere til at bidrage meningsfuldt til ketsjersport verden over.<\/p>\n\n<\/div>\n<\/div>\n\n\n\n<figure class=\"gb-block-image gb-block-image-8fe2ab54\"><img loading=\"lazy\" decoding=\"async\" width=\"944\" height=\"411\" class=\"gb-image gb-image-8fe2ab54\" src=\"https:\/\/beststringer.com\/wp-content\/uploads\/2024\/10\/Global-Stringing-Skills-Certification-Best-Stringer-Worldwide-Badminton-Stringing-Certification.png\" alt=\"Global certificering i opstrengningsf\u00e6rdigheder Best Stringer Worldwide badmintonopstrengning\" title=\"Global certificering i opstrengningsf\u00e6rdigheder Best Stringer Worldwide badmintonopstrengning\" srcset=\"https:\/\/beststringer.com\/wp-content\/uploads\/2024\/10\/Global-Stringing-Skills-Certification-Best-Stringer-Worldwide-Badminton-Stringing-Certification.png 944w, https:\/\/beststringer.com\/wp-content\/uploads\/2024\/10\/Global-Stringing-Skills-Certification-Best-Stringer-Worldwide-Badminton-Stringing-Certification-300x131.png 300w, https:\/\/beststringer.com\/wp-content\/uploads\/2024\/10\/Global-Stringing-Skills-Certification-Best-Stringer-Worldwide-Badminton-Stringing-Certification-768x334.png 768w\" sizes=\"auto, (max-width: 944px) 100vw, 944px\" \/><\/figure>\n\n<\/div>\n\n<section class=\"gb-container gb-container-21e3c652\">\n\n<div class=\"gb-container gb-container-11344779\">\n\n\n\n<h3 class=\"gb-headline gb-headline-39f4cce2 gb-headline-text\"><span class=\"ez-toc-section\" id=\"Global_certificering_i_opstrengningsfaerdigheder\"><\/span>Global certificering i opstrengningsf\u00e6rdigheder<span class=\"ez-toc-section-end\"><\/span><\/h3>\n\n\n\n\n<p class=\"gb-headline gb-headline-c6c5990e gb-headline-text\">Denne video udforsker BSW&#8217;s globale certificering i opstrengningsf\u00e6rdigheder og dens indflydelse p\u00e5 ketsjersport verden over. Vi forklarer, hvad internationalt certificerede opstrengere l\u00e6rer, og hvordan disse f\u00e6rdigheder gavner spillere inden for tennis, badminton og squash.<\/p>\n\n\n<div class=\"gb-container gb-container-ec1a2ce6\">\n\n<div class=\"gb-container gb-container-238a634b\"><\/div>\n\n<\/div>\n\n\n\n<div id=\"youtube-player\"><\/div>\n<script>\nvar videoLoaded = false;\n\n\nfunction loadYouTubeVideo() {\nif (videoLoaded) return;\nvideoLoaded = true;\nvar tag = document.createElement('script');\ntag.src = \"https:\/\/www.youtube.com\/iframe_api\";\nvar firstScriptTag = document.getElementsByTagName('script')[0];\nfirstScriptTag.parentNode.insertBefore(tag, firstScriptTag);\n}\n\nfunction onYouTubeIframeAPIReady() {\nnew YT.Player('youtube-player', {\nheight: '360',\nwidth: '640',\nvideoId: 'oWcEjWGOxOg', \/\/ Your video ID\nevents: {\n'onReady': onPlayerReady\n}\n});\n}\n\nfunction onPlayerReady(event) {\n\/\/ Video is ready to play\n}\n\n\/\/ Load the YouTube API script when the page is scrolled\nwindow.addEventListener('scroll', loadYouTubeVideo, { once: true });\n\n\/\/ Also load if the user hasn't scrolled after 3 seconds\nsetTimeout(loadYouTubeVideo, 3000);\n<\/script>\n\n\n\n<\/div>\n\n<\/section>\n\n<section class=\"gb-container gb-container-49b9586e\">\n\n<div class=\"gb-container gb-container-a2e9522c\"><\/div>\n\n<div class=\"gb-container gb-container-0e11192a\">\n\n\n\n<h3 class=\"gb-headline gb-headline-5cf408ee gb-headline-text\"><span class=\"ez-toc-section\" id=\"Global_uddannelse_i_opstrengning\"><\/span>Global uddannelse i opstrengning<span class=\"ez-toc-section-end\"><\/span><\/h3>\n\n\n<div class=\"gb-container gb-container-daaa2e63\">\n\n<div class=\"gb-container gb-container-bda621fe\"><\/div>\n\n<div class=\"gb-container gb-container-4b0ac72b\"><\/div>\n\n<\/div>\n\n\n\n<p class=\"gb-headline gb-headline-edf98545 gb-headline-text\">BSW-certificering underviser i internationale standarder for opstrengning. L\u00e6r at hj\u00e6lpe spillere verden over med f\u00e6rdigheder inden for vurdering af ketsjere, valg af strenge og justering af pund (lbs).<\/p>\n\n\n\n\n\n<a class=\"gb-button gb-button-a29641e0 gb-button-text\" href=\"https:\/\/beststringer.com\/da\/stringing-certificate\/\">Detaljer om certificering<\/a>\n\n\n\n<\/div>\n\n<\/section>\n","protected":false},"excerpt":{"rendered":"<p>Et globalt pas til ketsjersport BSW-certificering giver opstrengere internationalt anerkendte f\u00e6rdigheder. Denne viden hj\u00e6lper opstrengere med at assistere spillere verden over med at forbedre deres spil. Forst\u00e5 betydningen af opstrengning af ketsjer Korrekt opstrengning af ketsjer p\u00e5virker, hvordan en ketsjer pr\u00e6sterer. BSW-certificerede opstrengere l\u00e6rer at: 1. Vurdere spilleres behov p\u00e5 tv\u00e6rs af f\u00e6rdighedsniveauer2. V\u00e6lge passende &#8230; <a title=\"Global Certificering i Ketsjerstrengningsf\u00e6rdigheder\" class=\"read-more\" href=\"https:\/\/beststringer.com\/da\/global-stringing-skills-certification\/\" aria-label=\"Read more about Global Certificering i Ketsjerstrengningsf\u00e6rdigheder\">L\u00e6s Mere<\/a><\/p>\n","protected":false},"author":1,"featured_media":38259,"parent":0,"menu_order":0,"comment_status":"closed","ping_status":"closed","template":"","meta":{"footnotes":""},"class_list":{"0":"post-38258","1":"page","2":"type-page","3":"status-publish","4":"has-post-thumbnail","6":"infinite-scroll-item"},"_links":{"self":[{"href":"https:\/\/beststringer.com\/da\/wp-json\/wp\/v2\/pages\/38258","targetHints":{"allow":["GET"]}}],"collection":[{"href":"https:\/\/beststringer.com\/da\/wp-json\/wp\/v2\/pages"}],"about":[{"href":"https:\/\/beststringer.com\/da\/wp-json\/wp\/v2\/types\/page"}],"author":[{"embeddable":true,"href":"https:\/\/beststringer.com\/da\/wp-json\/wp\/v2\/users\/1"}],"replies":[{"embeddable":true,"href":"https:\/\/beststringer.com\/da\/wp-json\/wp\/v2\/comments?post=38258"}],"version-history":[{"count":0,"href":"https:\/\/beststringer.com\/da\/wp-json\/wp\/v2\/pages\/38258\/revisions"}],"wp:featuredmedia":[{"embeddable":true,"href":"https:\/\/beststringer.com\/da\/wp-json\/wp\/v2\/media\/38259"}],"wp:attachment":[{"href":"https:\/\/beststringer.com\/da\/wp-json\/wp\/v2\/media?parent=38258"}],"curies":[{"name":"wp","href":"https:\/\/api.w.org\/{rel}","templated":true}]}}