{"id":38039,"date":"2025-01-15T15:06:34","date_gmt":"2025-01-15T15:06:34","guid":{"rendered":"https:\/\/beststringer.com\/international-stringer-education-trust\/"},"modified":"2025-09-25T05:34:42","modified_gmt":"2025-09-25T05:34:42","slug":"international-stringer-education-trust","status":"publish","type":"page","link":"https:\/\/beststringer.com\/da\/international-stringer-education-trust\/","title":{"rendered":"SEDU \u2013 Internationalt Uddannelses- og Tillidsstandard for Strengere"},"content":{"rendered":"<div class=\"gb-container gb-container-f66bc834\">\n\n<div class=\"gb-container gb-container-37db13f4\">\n\n<div class=\"gb-container gb-container-3021f73c\">\n\n<div id=\"ez-toc-container\" class=\"ez-toc-v2_0_82_2 ez-toc-wrap-left counter-hierarchy ez-toc-counter ez-toc-custom ez-toc-container-direction\">\n<div class=\"ez-toc-title-container\">\n<p class=\"ez-toc-title\" style=\"cursor:inherit\">Topics<\/p>\n<span class=\"ez-toc-title-toggle\"><a href=\"#\" class=\"ez-toc-pull-right ez-toc-btn ez-toc-btn-xs ez-toc-btn-default ez-toc-toggle\" aria-label=\"Toggle Table of Content\"><span class=\"ez-toc-js-icon-con\"><span class=\"\"><span class=\"eztoc-hide\" style=\"display:none;\">Toggle<\/span><span class=\"ez-toc-icon-toggle-span\"><svg style=\"fill: #ffffff;color:#ffffff\" xmlns=\"http:\/\/www.w3.org\/2000\/svg\" class=\"list-377408\" width=\"20px\" height=\"20px\" viewBox=\"0 0 24 24\" fill=\"none\"><path d=\"M6 6H4v2h2V6zm14 0H8v2h12V6zM4 11h2v2H4v-2zm16 0H8v2h12v-2zM4 16h2v2H4v-2zm16 0H8v2h12v-2z\" fill=\"currentColor\"><\/path><\/svg><svg style=\"fill: #ffffff;color:#ffffff\" class=\"arrow-unsorted-368013\" xmlns=\"http:\/\/www.w3.org\/2000\/svg\" width=\"10px\" height=\"10px\" viewBox=\"0 0 24 24\" version=\"1.2\" baseProfile=\"tiny\"><path d=\"M18.2 9.3l-6.2-6.3-6.2 6.3c-.2.2-.3.4-.3.7s.1.5.3.7c.2.2.4.3.7.3h11c.3 0 .5-.1.7-.3.2-.2.3-.5.3-.7s-.1-.5-.3-.7zM5.8 14.7l6.2 6.3 6.2-6.3c.2-.2.3-.5.3-.7s-.1-.5-.3-.7c-.2-.2-.4-.3-.7-.3h-11c-.3 0-.5.1-.7.3-.2.2-.3.5-.3.7s.1.5.3.7z\"\/><\/svg><\/span><\/span><\/span><\/a><\/span><\/div>\n<nav><ul class='ez-toc-list ez-toc-list-level-1 eztoc-toggle-hide-by-default' ><ul class='ez-toc-list-level-3' ><li class='ez-toc-heading-level-3'><a class=\"ez-toc-link ez-toc-heading-1\" href=\"https:\/\/beststringer.com\/da\/international-stringer-education-trust\/#Hvad_er_SEDUs_opstrenger-standard\">Hvad er SEDU&#8217;s opstrenger-standard?<\/a><\/li><\/ul><\/li><li class='ez-toc-page-1 ez-toc-heading-level-2'><a class=\"ez-toc-link ez-toc-heading-2\" href=\"https:\/\/beststringer.com\/da\/international-stringer-education-trust\/#Professionel_uddannelse_for_opstrengere\">Professionel uddannelse for opstrengere<\/a><\/li><li class='ez-toc-page-1 ez-toc-heading-level-2'><a class=\"ez-toc-link ez-toc-heading-3\" href=\"https:\/\/beststringer.com\/da\/international-stringer-education-trust\/#Uddannelsesstandarder_for_badmintonopstrengere\">Uddannelsesstandarder for badmintonopstrengere<\/a><\/li><li class='ez-toc-page-1 ez-toc-heading-level-2'><a class=\"ez-toc-link ez-toc-heading-4\" href=\"https:\/\/beststringer.com\/da\/international-stringer-education-trust\/#Uddannelse_i_tennisketsjerservice\">Uddannelse i tennisketsjerservice<\/a><\/li><li class='ez-toc-page-1 ez-toc-heading-level-2'><a class=\"ez-toc-link ez-toc-heading-5\" href=\"https:\/\/beststringer.com\/da\/international-stringer-education-trust\/#Standarder_for_service_af_squashudstyr\">Standarder for service af squashudstyr<\/a><\/li><li class='ez-toc-page-1 ez-toc-heading-level-2'><a class=\"ez-toc-link ez-toc-heading-6\" href=\"https:\/\/beststringer.com\/da\/international-stringer-education-trust\/#Kvalitetsstandarder_for_opstrengning_i_professionel_service\">Kvalitetsstandarder for opstrengning i professionel service<\/a><\/li><li class='ez-toc-page-1 ez-toc-heading-level-2'><a class=\"ez-toc-link ez-toc-heading-7\" href=\"https:\/\/beststringer.com\/da\/international-stringer-education-trust\/#Karrierevej_for_professionelle_ketsjeropstrengere\">Karrierevej for professionelle ketsjeropstrengere<\/a><ul class='ez-toc-list-level-3' ><li class='ez-toc-heading-level-3'><a class=\"ez-toc-link ez-toc-heading-8\" href=\"https:\/\/beststringer.com\/da\/international-stringer-education-trust\/#Stringer_Education_Trust_SEDU_%E2%80%93_Professionel_Uddannelse_Kvalitetsstandard\">Stringer Education Trust (SEDU) &#8211; Professionel Uddannelse &#038; Kvalitetsstandard<\/a><\/li><li class='ez-toc-page-1 ez-toc-heading-level-3'><a class=\"ez-toc-link ez-toc-heading-9\" href=\"https:\/\/beststringer.com\/da\/international-stringer-education-trust\/#BSW_Opstrengningscertificering\">BSW Opstrengningscertificering<\/a><\/li><\/ul><\/li><\/ul><\/nav><\/div>\n\n\n\n\n\n<figure class=\"gb-block-image gb-block-image-fac71139\"><img loading=\"lazy\" decoding=\"async\" width=\"767\" height=\"639\" class=\"gb-image gb-image-fac71139\" src=\"https:\/\/beststringer.com\/wp-content\/uploads\/2025\/01\/SEDU-International-Stringer-Education-Trust-Standard-BSW.png\" alt=\"SEDU - International uddannelsesstandard for opstrengere BSW\" title=\"SEDU - International uddannelsesstandard for opstrengere BSW\" srcset=\"https:\/\/beststringer.com\/wp-content\/uploads\/2025\/01\/SEDU-International-Stringer-Education-Trust-Standard-BSW.png 767w, https:\/\/beststringer.com\/wp-content\/uploads\/2025\/01\/SEDU-International-Stringer-Education-Trust-Standard-BSW-300x250.png 300w\" sizes=\"auto, (max-width: 767px) 100vw, 767px\" \/><\/figure>\n\n\n\n\n<h3 class=\"wp-block-heading\"><span class=\"ez-toc-section\" id=\"Hvad_er_SEDUs_opstrenger-standard\"><\/span>Hvad er SEDU&#8217;s opstrenger-<mark style=\"background-color:rgba(0, 0, 0, 0)\" class=\"has-inline-color has-global-color-9-color\">standard?<\/mark><span class=\"ez-toc-section-end\"><\/span><\/h3>\n\n\n\n\n<p>SEDU&#8217;s opstrengerstandard hj\u00e6lper <a href=\"https:\/\/beststringer.com\/da\/certified-badminton-stringer-cbs-certification\/\"><strong>professionelle opstrengere<\/strong><\/a> med at l\u00e6re korrekte f\u00e6rdigheder inden for ketsjerservice. Denne standard for uddannelse af ketsjeropstrengere, skabt af Best Stringer Worldwide, l\u00e6rer opstrengere alt, hvad de beh\u00f8ver at vide om korrekt forberedelse af ketsjere. Fra grundl\u00e6ggende teknikker til avancerede metoder sikrer den internationale uddannelsesstandard, at opstrengere l\u00e6rer den korrekte m\u00e5de at arbejde med spilleres ketsjere p\u00e5.<\/p>\n\n\n\n\n<p>Professionelle opstrengere i SEDU&#8217;s uddannelsesprogram arbejder med rigtigt udstyr under deres tr\u00e6ning. De l\u00e6rer ved at g\u00f8re tingene i praksis og \u00f8ver sig p\u00e5 de samme opgaver, som de vil h\u00e5ndtere i deres daglige arbejde. Denne praktiske tilgang hj\u00e6lper dem med at forst\u00e5 b\u00e5de almindelige situationer og s\u00e6rlige udfordringer, de kan m\u00f8de i arbejdet med spilleres ketsjere.<\/p>\n\n\n\n\n<h2 class=\"wp-block-heading\"><span class=\"ez-toc-section\" id=\"Professionel_uddannelse_for_opstrengere\"><\/span>Professionel uddannelse for <mark style=\"background-color:rgba(0, 0, 0, 0)\" class=\"has-inline-color has-global-color-9-color\">opstrengere<\/mark><span class=\"ez-toc-section-end\"><\/span><\/h2>\n\n\n\n\n<p>Certificeringen inden for uddannelsesstandarden for opstrengere d\u00e6kker alle aspekter af arbejdet med ketsjerservice. Studerende l\u00e6rer gennem b\u00e5de teoretisk undervisning og praktisk \u00f8velse med forskellige typer ketsjere. Uddannelsesprogrammet inden for opstrengningsservice viser dem, hvordan de h\u00e5ndterer alt fra grundl\u00e6ggende opstrengningsopgaver til komplekst tilpasningsarbejde.<\/p>\n\n\n\n\n<p>Hvert kursus i uddannelsen til ketsjeropstrengning fokuserer p\u00e5 praktiske f\u00e6rdigheder, som opstrengere bruger dagligt. Uddannelsesprogrammet l\u00e6rer korrekte teknikker til at arbejde med forskellige ketsjertyper og strengematerialer. De studerende \u00f8ver sig, indtil de kan levere kvalitetsarbejde konsekvent, hvilket hj\u00e6lper dem med at yde en bedre service til spillerne.<\/p>\n\n\n\n\n<h2 class=\"wp-block-heading\"><span class=\"ez-toc-section\" id=\"Uddannelsesstandarder_for_badmintonopstrengere\"><\/span>Uddannelsesstandarder for <mark style=\"background-color:rgba(0, 0, 0, 0)\" class=\"has-inline-color has-global-color-9-color\">badmintonopstrengere<\/mark><span class=\"ez-toc-section-end\"><\/span><\/h2>\n\n\n\n\n<p>Uddannelsesprogrammet for badmintonopstrengere underviser i specifikke f\u00e6rdigheder til arbejdet med badmintonketsjere. Gennem kurserne i uddannelsen l\u00e6rer de studerende, hvordan valg af strenge p\u00e5virker boldkontrol og kraft. De \u00f8ver sig i korrekte monteringsteknikker, indstillinger for pund (lbs) og udvikling af opstrengningsm\u00f8nstre, der fungerer bedst for badmintonrammer.<\/p>\n\n\n\n\n<p>Studerende p\u00e5 uddannelsen i badmintonopstrengning l\u00e6rer ved at arbejde med mange forskellige ketsjertyper. De studerer, hvordan rammedesign p\u00e5virker opstrengningsmetoder og strengenes ydeevne. Denne grundige tr\u00e6ning hj\u00e6lper dem med at forst\u00e5 spillernes behov og hvordan de kan levere en bedre service.<\/p>\n\n\n\n\n<h2 class=\"wp-block-heading\"><span class=\"ez-toc-section\" id=\"Uddannelse_i_tennisketsjerservice\"><\/span>Uddannelse i <mark style=\"background-color:rgba(0, 0, 0, 0)\" class=\"has-inline-color has-global-color-9-color\">tennisketsjerservice<\/mark><span class=\"ez-toc-section-end\"><\/span><\/h2>\n\n\n\n\n<p>Uddannelsen for tennisopstrengere d\u00e6kker de s\u00e6rlige krav, der er til forberedelse af <a href=\"https:\/\/en.wikipedia.org\/wiki\/Racket_(sports_equipment)\" target=\"_blank\" rel=\"noopener\"><strong>tennisketsjere<\/strong><\/a>. Kurset i tennisopstrengning viser de studerende, hvordan forskellige opstrengningsops\u00e6tninger p\u00e5virker boldkontrol og kraft. De l\u00e6rer korrekte teknikker til at arbejde med de forskellige rammedesigns og strengem\u00f8nstre, der bruges i tennis.<\/p>\n\n\n\n\n<p>SEDU-opstrengerkurset inkluderer omfattende praktisk tr\u00e6ning med tennisudstyr. Studerende l\u00e6rer at tilpasse opstrengningsops\u00e6tninger til forskellige spillestile og f\u00e6rdighedsniveauer. Denne praktiske viden hj\u00e6lper dem med at yde en bedre service til enhver tennisspiller, de arbejder med.<\/p>\n\n\n\n\n<h2 class=\"wp-block-heading\"><span class=\"ez-toc-section\" id=\"Standarder_for_service_af_squashudstyr\"><\/span>Standarder for service af <mark style=\"background-color:rgba(0, 0, 0, 0)\" class=\"has-inline-color has-global-color-9-color\">squashudstyr<\/mark><span class=\"ez-toc-section-end\"><\/span><\/h2>\n\n\n\n\n<p>Det internationale uddannelsesprogram for opstrengere inkluderer grundig tr\u00e6ning i service af squashketsjere. Studerende l\u00e6rer specifikke teknikker, der fungerer bedst for squashudstyr. Programmet d\u00e6kker korrekte indstillinger for pund (lbs), udvikling af m\u00f8nstre og metoder til rammebeskyttelse, der hj\u00e6lper squashspillere med at f\u00e5 mest muligt ud af deres udstyr.<\/p>\n\n\n\n\n<p>Gennem praktisk \u00f8velse l\u00e6rer opstrengere, hvordan forskellige opstrengningsops\u00e6tninger p\u00e5virker spillet i squash. De arbejder med forskellige ketsjerdesigns og strengematerialer for at forst\u00e5, hvad der fungerer bedst for forskellige spillere. Denne praktiske erfaring hj\u00e6lper dem med at yde en p\u00e5lidelig service for squashspillere p\u00e5 alle niveauer.<\/p>\n\n\n\n\n<h2 class=\"wp-block-heading\"><span class=\"ez-toc-section\" id=\"Kvalitetsstandarder_for_opstrengning_i_professionel_service\"><\/span>Kvalitetsstandarder for opstrengning i professionel <mark style=\"background-color:rgba(0, 0, 0, 0)\" class=\"has-inline-color has-global-color-9-color\">service<\/mark><span class=\"ez-toc-section-end\"><\/span><\/h2>\n\n\n\n\n<p>Det anerkendte uddannelseskursus for opstrengere underviser i korrekte metoder til kvalitetskontrol. Studerende l\u00e6rer at kontrollere deres arbejde og opretholde ensartede resultater. De \u00f8ver sig i korrekt dokumentation og serviceprocedurer, der hj\u00e6lper dem med at holde styr p\u00e5 deres arbejde og yde en bedre service til spillerne.<\/p>\n\n\n\n\n<p>Professionelle opstrengere l\u00e6rer specifikke trin til at h\u00e5ndtere hver type ketsjerservice. Programmet viser dem, hvordan man beskytter rammer, opretholder korrekte pund (lbs) og afslutter arbejdet professionelt. Disse vaner hj\u00e6lper dem med at yde en p\u00e5lidelig service, som spillerne kan stole p\u00e5.<\/p>\n\n\n\n\n<h2 class=\"wp-block-heading\"><span class=\"ez-toc-section\" id=\"Karrierevej_for_professionelle_ketsjeropstrengere\"><\/span>Karrierevej for professionelle <mark style=\"background-color:rgba(0, 0, 0, 0)\" class=\"has-inline-color has-global-color-9-color\">ketsjeropstrengere<\/mark><span class=\"ez-toc-section-end\"><\/span><\/h2>\n\n\n\n\n<p>SEDU-certificering giver klare trin for professionel udvikling inden for ketsjerservice. Opstrengere kan starte med en grundl\u00e6ggende certificering og arbejde sig hen imod avancerede kvalifikationer. Programmet hj\u00e6lper dem med at opbygge f\u00e6rdigheder og viden gennem hele deres karriere.<\/p>\n\n\n\n\n<p>Regelm\u00e6ssige opdateringer holder internationalt certificerede opstrengere ajour med nye teknikker og materialer. Programmet yder l\u00f8bende st\u00f8tte for at hj\u00e6lpe opstrengere med at opretholde h\u00f8je servicestandarder. Dette engagement i l\u00e6ring hj\u00e6lper dem med at yde en bedre service til spillerne \u00e5r efter \u00e5r.<\/p>\n\n\n\n\n<figure class=\"gb-block-image gb-block-image-58d07be1\"><img loading=\"lazy\" decoding=\"async\" width=\"2379\" height=\"1380\" class=\"gb-image gb-image-58d07be1\" src=\"https:\/\/beststringer.com\/wp-content\/uploads\/2025\/01\/SEDU-International-Stringer-Education-Trust-Framework-by-Best-Stringer-Worldwide.png\" alt=\"SEDU - Rammev\u00e6rk for international uddannelse af opstrengere af Best Stringer Worldwide\" title=\"SEDU - Rammev\u00e6rk for international uddannelse af opstrengere af Best Stringer Worldwide\" srcset=\"https:\/\/beststringer.com\/wp-content\/uploads\/2025\/01\/SEDU-International-Stringer-Education-Trust-Framework-by-Best-Stringer-Worldwide.png 2379w, https:\/\/beststringer.com\/wp-content\/uploads\/2025\/01\/SEDU-International-Stringer-Education-Trust-Framework-by-Best-Stringer-Worldwide-300x174.png 300w, https:\/\/beststringer.com\/wp-content\/uploads\/2025\/01\/SEDU-International-Stringer-Education-Trust-Framework-by-Best-Stringer-Worldwide-1024x594.png 1024w, https:\/\/beststringer.com\/wp-content\/uploads\/2025\/01\/SEDU-International-Stringer-Education-Trust-Framework-by-Best-Stringer-Worldwide-768x445.png 768w, https:\/\/beststringer.com\/wp-content\/uploads\/2025\/01\/SEDU-International-Stringer-Education-Trust-Framework-by-Best-Stringer-Worldwide-1536x891.png 1536w, https:\/\/beststringer.com\/wp-content\/uploads\/2025\/01\/SEDU-International-Stringer-Education-Trust-Framework-by-Best-Stringer-Worldwide-2048x1188.png 2048w\" sizes=\"auto, (max-width: 2379px) 100vw, 2379px\" \/><\/figure>\n\n\n<div class=\"gb-grid-wrapper gb-grid-wrapper-edaaa1da\">\n\n<div class=\"gb-grid-column gb-grid-column-8931dd45\"><div class=\"gb-container gb-container-8931dd45\">\n\n\n\n<figure class=\"gb-block-image gb-block-image-d6a14726\"><img loading=\"lazy\" decoding=\"async\" width=\"1080\" height=\"1080\" class=\"gb-image gb-image-d6a14726\" src=\"https:\/\/beststringer.com\/wp-content\/uploads\/2025\/01\/Quality-Standards-in-Professional-Stringing-Service-Best-Stringer-Worldwide.jpeg\" alt=\"Kvalitetsstandarder for professionel opstrengningsservice i {{CITY_LOCAL}}\" title=\"Kvalitetsstandarder for professionel opstrengningsservice i {{CITY_LOCAL}}\" srcset=\"https:\/\/beststringer.com\/wp-content\/uploads\/2025\/01\/Quality-Standards-in-Professional-Stringing-Service-Best-Stringer-Worldwide.jpeg 1080w, https:\/\/beststringer.com\/wp-content\/uploads\/2025\/01\/Quality-Standards-in-Professional-Stringing-Service-Best-Stringer-Worldwide-300x300.jpeg 300w, https:\/\/beststringer.com\/wp-content\/uploads\/2025\/01\/Quality-Standards-in-Professional-Stringing-Service-Best-Stringer-Worldwide-1024x1024.jpeg 1024w, https:\/\/beststringer.com\/wp-content\/uploads\/2025\/01\/Quality-Standards-in-Professional-Stringing-Service-Best-Stringer-Worldwide-150x150.jpeg 150w, https:\/\/beststringer.com\/wp-content\/uploads\/2025\/01\/Quality-Standards-in-Professional-Stringing-Service-Best-Stringer-Worldwide-768x768.jpeg 768w\" sizes=\"auto, (max-width: 1080px) 100vw, 1080px\" \/><\/figure>\n\n<\/div><\/div>\n\n<div class=\"gb-grid-column gb-grid-column-64386c9d\"><div class=\"gb-container gb-container-64386c9d\">\n\n\n\n<figure class=\"gb-block-image gb-block-image-4a9d3a38\"><img loading=\"lazy\" decoding=\"async\" width=\"1080\" height=\"1080\" class=\"gb-image gb-image-4a9d3a38\" src=\"https:\/\/beststringer.com\/wp-content\/uploads\/2025\/01\/What-is-the-SEDU-Stringer-Standard-Best-Stringer-Worldwide.jpeg\" alt=\"Hvad er SEDU's opstrengerstandard {{COUNTRY_LOCAL}}\" title=\"Hvad er SEDU's opstrengerstandard {{COUNTRY_LOCAL}}\" srcset=\"https:\/\/beststringer.com\/wp-content\/uploads\/2025\/01\/What-is-the-SEDU-Stringer-Standard-Best-Stringer-Worldwide.jpeg 1080w, https:\/\/beststringer.com\/wp-content\/uploads\/2025\/01\/What-is-the-SEDU-Stringer-Standard-Best-Stringer-Worldwide-300x300.jpeg 300w, https:\/\/beststringer.com\/wp-content\/uploads\/2025\/01\/What-is-the-SEDU-Stringer-Standard-Best-Stringer-Worldwide-1024x1024.jpeg 1024w, https:\/\/beststringer.com\/wp-content\/uploads\/2025\/01\/What-is-the-SEDU-Stringer-Standard-Best-Stringer-Worldwide-150x150.jpeg 150w, https:\/\/beststringer.com\/wp-content\/uploads\/2025\/01\/What-is-the-SEDU-Stringer-Standard-Best-Stringer-Worldwide-768x768.jpeg 768w\" sizes=\"auto, (max-width: 1080px) 100vw, 1080px\" \/><\/figure>\n\n<\/div><\/div>\n\n<div class=\"gb-grid-column gb-grid-column-060f3b5f\"><div class=\"gb-container gb-container-060f3b5f\">\n\n\n\n<figure class=\"gb-block-image gb-block-image-a89b8851\"><img loading=\"lazy\" decoding=\"async\" width=\"1080\" height=\"1080\" class=\"gb-image gb-image-a89b8851\" src=\"https:\/\/beststringer.com\/wp-content\/uploads\/2025\/01\/Professional-Stringer-Education-Trust-Best-Stringer-Worldwide.jpeg\" alt=\"Professionel uddannelse for opstrengere i {{CITY_LOCAL}}\" title=\"Professionel uddannelse for opstrengere i {{CITY_LOCAL}}\" srcset=\"https:\/\/beststringer.com\/wp-content\/uploads\/2025\/01\/Professional-Stringer-Education-Trust-Best-Stringer-Worldwide.jpeg 1080w, https:\/\/beststringer.com\/wp-content\/uploads\/2025\/01\/Professional-Stringer-Education-Trust-Best-Stringer-Worldwide-300x300.jpeg 300w, https:\/\/beststringer.com\/wp-content\/uploads\/2025\/01\/Professional-Stringer-Education-Trust-Best-Stringer-Worldwide-1024x1024.jpeg 1024w, https:\/\/beststringer.com\/wp-content\/uploads\/2025\/01\/Professional-Stringer-Education-Trust-Best-Stringer-Worldwide-150x150.jpeg 150w, https:\/\/beststringer.com\/wp-content\/uploads\/2025\/01\/Professional-Stringer-Education-Trust-Best-Stringer-Worldwide-768x768.jpeg 768w\" sizes=\"auto, (max-width: 1080px) 100vw, 1080px\" \/><\/figure>\n\n<\/div><\/div>\n\n<div class=\"gb-grid-column gb-grid-column-d17e89bb\"><div class=\"gb-container gb-container-d17e89bb\">\n\n\n\n<figure class=\"gb-block-image gb-block-image-b6cf4228\"><img loading=\"lazy\" decoding=\"async\" width=\"1080\" height=\"1080\" class=\"gb-image gb-image-b6cf4228\" src=\"https:\/\/beststringer.com\/wp-content\/uploads\/2025\/01\/Badminton-Stringer-Training-Standards-Best-Stringer-Worldwide.jpeg\" alt=\"Uddannelsesstandarder for badmintonopstrengere {{COUNTRY_LOCAL}}\" title=\"Uddannelsesstandarder for badmintonopstrengere {{COUNTRY_LOCAL}}\" srcset=\"https:\/\/beststringer.com\/wp-content\/uploads\/2025\/01\/Badminton-Stringer-Training-Standards-Best-Stringer-Worldwide.jpeg 1080w, https:\/\/beststringer.com\/wp-content\/uploads\/2025\/01\/Badminton-Stringer-Training-Standards-Best-Stringer-Worldwide-300x300.jpeg 300w, https:\/\/beststringer.com\/wp-content\/uploads\/2025\/01\/Badminton-Stringer-Training-Standards-Best-Stringer-Worldwide-1024x1024.jpeg 1024w, https:\/\/beststringer.com\/wp-content\/uploads\/2025\/01\/Badminton-Stringer-Training-Standards-Best-Stringer-Worldwide-150x150.jpeg 150w, https:\/\/beststringer.com\/wp-content\/uploads\/2025\/01\/Badminton-Stringer-Training-Standards-Best-Stringer-Worldwide-768x768.jpeg 768w\" sizes=\"auto, (max-width: 1080px) 100vw, 1080px\" \/><\/figure>\n\n<\/div><\/div>\n<\/div>\n<\/div>\n<\/div>\n<\/div>\n\n<section class=\"gb-container gb-container-21e3c652\">\n\n<div class=\"gb-container gb-container-11344779\">\n\n\n\n<h3 class=\"gb-headline gb-headline-39f4cce2 gb-headline-text\"><span class=\"ez-toc-section\" id=\"Stringer_Education_Trust_SEDU_%E2%80%93_Professionel_Uddannelse_Kvalitetsstandard\"><\/span>Stringer Education Trust (SEDU) &#8211; Professionel Uddannelse &#038; Kvalitetsstandard<span class=\"ez-toc-section-end\"><\/span><\/h3>\n\n\n\n\n<p class=\"gb-headline gb-headline-c6c5990e gb-headline-text\">Stringer Education Trust (SEDU) udvikler professionel ketsjerservice gennem en omfattende uddannelse i opstrengning af badminton-, tennis- og squashketsjere. Vores internationale uddannelsesstandard for opstrengere kombinerer praktisk erfaring med teknisk viden og forbereder opstrengere til at yde kvalitetsservice for spillere p\u00e5 alle niveauer. Gennem SEDU&#8217;s uddannelsessystem l\u00e6rer internationalt certificerede opstrengere at arbejde effektivt p\u00e5 tv\u00e6rs af alle ketsjersportsgrene.<\/p>\n\n\n<div class=\"gb-container gb-container-ec1a2ce6\">\n\n<div class=\"gb-container gb-container-238a634b\"><\/div>\n\n<\/div>\n\n\n\n<div id=\"youtube-player\"><\/div>\n<script>\nvar videoLoaded = false;\n\n\nfunction loadYouTubeVideo() {\nif (videoLoaded) return;\nvideoLoaded = true;\nvar tag = document.createElement('script');\ntag.src = \"https:\/\/www.youtube.com\/iframe_api\";\nvar firstScriptTag = document.getElementsByTagName('script')[0];\nfirstScriptTag.parentNode.insertBefore(tag, firstScriptTag);\n}\n\nfunction onYouTubeIframeAPIReady() {\nnew YT.Player('youtube-player', {\nheight: '360',\nwidth: '640',\nvideoId: 'PVFRpb_r9lA', \/\/ Your video ID\nevents: {\n'onReady': onPlayerReady\n}\n});\n}\n\nfunction onPlayerReady(event) {\n\/\/ Video is ready to play\n}\n\n\/\/ Load the YouTube API script when the page is scrolled\nwindow.addEventListener('scroll', loadYouTubeVideo, { once: true });\n\n\/\/ Also load if the user hasn't scrolled after 3 seconds\nsetTimeout(loadYouTubeVideo, 3000);\n<\/script>\n\n\n\n<\/div>\n\n<\/section>\n\n<section class=\"gb-container gb-container-49b9586e\">\n\n<div class=\"gb-container gb-container-a2e9522c\"><\/div>\n\n<div class=\"gb-container gb-container-0e11192a\">\n\n\n\n<h3 class=\"gb-headline gb-headline-5cf408ee gb-headline-text\"><span class=\"ez-toc-section\" id=\"BSW_Opstrengningscertificering\"><\/span>BSW Opstrengningscertificering<span class=\"ez-toc-section-end\"><\/span><\/h3>\n\n\n<div class=\"gb-container gb-container-daaa2e63\">\n\n<div class=\"gb-container gb-container-bda621fe\"><\/div>\n\n<div class=\"gb-container gb-container-4b0ac72b\"><\/div>\n\n<\/div>\n\n\n\n<p class=\"gb-headline gb-headline-edf98545 gb-headline-text\">L\u00e6r professionelle f\u00e6rdigheder inden for opstrengning af ketsjer til badminton, tennis og squash. BSW-certificeringen d\u00e6kker korrekte teknikker, ketsjerteknologi og vurdering af spillerens behov.<\/p>\n\n\n\n\n\n<a class=\"gb-button gb-button-a29641e0 gb-button-text\" href=\"https:\/\/beststringer.com\/da\/stringing-certificate\/\">Detaljer om certificering<\/a>\n\n\n\n<\/div>\n\n<\/section>\n","protected":false},"excerpt":{"rendered":"<p>Hvad er SEDU&#8217;s opstrenger-standard? SEDU&#8217;s opstrengerstandard hj\u00e6lper professionelle opstrengere med at l\u00e6re korrekte f\u00e6rdigheder inden for ketsjerservice. Denne standard for uddannelse af ketsjeropstrengere, skabt af Best Stringer Worldwide, l\u00e6rer opstrengere alt, hvad de beh\u00f8ver at vide om korrekt forberedelse af ketsjere. Fra grundl\u00e6ggende teknikker til avancerede metoder sikrer den internationale uddannelsesstandard, at opstrengere l\u00e6rer den &#8230; <a title=\"SEDU \u2013 Internationalt Uddannelses- og Tillidsstandard for Strengere\" class=\"read-more\" href=\"https:\/\/beststringer.com\/da\/international-stringer-education-trust\/\" aria-label=\"Read more about SEDU \u2013 Internationalt Uddannelses- og Tillidsstandard for Strengere\">L\u00e6s Mere<\/a><\/p>\n","protected":false},"author":1,"featured_media":38040,"parent":0,"menu_order":0,"comment_status":"closed","ping_status":"closed","template":"","meta":{"footnotes":""},"class_list":{"0":"post-38039","1":"page","2":"type-page","3":"status-publish","4":"has-post-thumbnail","6":"infinite-scroll-item"},"_links":{"self":[{"href":"https:\/\/beststringer.com\/da\/wp-json\/wp\/v2\/pages\/38039","targetHints":{"allow":["GET"]}}],"collection":[{"href":"https:\/\/beststringer.com\/da\/wp-json\/wp\/v2\/pages"}],"about":[{"href":"https:\/\/beststringer.com\/da\/wp-json\/wp\/v2\/types\/page"}],"author":[{"embeddable":true,"href":"https:\/\/beststringer.com\/da\/wp-json\/wp\/v2\/users\/1"}],"replies":[{"embeddable":true,"href":"https:\/\/beststringer.com\/da\/wp-json\/wp\/v2\/comments?post=38039"}],"version-history":[{"count":0,"href":"https:\/\/beststringer.com\/da\/wp-json\/wp\/v2\/pages\/38039\/revisions"}],"wp:featuredmedia":[{"embeddable":true,"href":"https:\/\/beststringer.com\/da\/wp-json\/wp\/v2\/media\/38040"}],"wp:attachment":[{"href":"https:\/\/beststringer.com\/da\/wp-json\/wp\/v2\/media?parent=38039"}],"curies":[{"name":"wp","href":"https:\/\/api.w.org\/{rel}","templated":true}]}}