{"id":37813,"date":"2025-01-16T04:28:41","date_gmt":"2025-01-16T04:28:41","guid":{"rendered":"https:\/\/beststringer.com\/bss-19020-best-stringer-standard\/"},"modified":"2025-09-25T05:36:12","modified_gmt":"2025-09-25T05:36:12","slug":"bss-19020-best-stringer-standard","status":"publish","type":"page","link":"https:\/\/beststringer.com\/da\/bss-19020-best-stringer-standard\/","title":{"rendered":"BSS 19020 Badminton &#8211; Bedste Strenger Standard"},"content":{"rendered":"<div class=\"gb-container gb-container-f66bc834\">\n<div class=\"gb-container gb-container-37db13f4\">\n<div class=\"gb-container gb-container-3021f73c\">\n<div id=\"ez-toc-container\" class=\"ez-toc-v2_0_82_2 ez-toc-wrap-left counter-hierarchy ez-toc-counter ez-toc-custom ez-toc-container-direction\">\n<div class=\"ez-toc-title-container\">\n<p class=\"ez-toc-title\" style=\"cursor:inherit\">Topics<\/p>\n<span class=\"ez-toc-title-toggle\"><a href=\"#\" class=\"ez-toc-pull-right ez-toc-btn ez-toc-btn-xs ez-toc-btn-default ez-toc-toggle\" aria-label=\"Toggle Table of Content\"><span class=\"ez-toc-js-icon-con\"><span class=\"\"><span class=\"eztoc-hide\" style=\"display:none;\">Toggle<\/span><span class=\"ez-toc-icon-toggle-span\"><svg style=\"fill: #ffffff;color:#ffffff\" xmlns=\"http:\/\/www.w3.org\/2000\/svg\" class=\"list-377408\" width=\"20px\" height=\"20px\" viewBox=\"0 0 24 24\" fill=\"none\"><path d=\"M6 6H4v2h2V6zm14 0H8v2h12V6zM4 11h2v2H4v-2zm16 0H8v2h12v-2zM4 16h2v2H4v-2zm16 0H8v2h12v-2z\" fill=\"currentColor\"><\/path><\/svg><svg style=\"fill: #ffffff;color:#ffffff\" class=\"arrow-unsorted-368013\" xmlns=\"http:\/\/www.w3.org\/2000\/svg\" width=\"10px\" height=\"10px\" viewBox=\"0 0 24 24\" version=\"1.2\" baseProfile=\"tiny\"><path d=\"M18.2 9.3l-6.2-6.3-6.2 6.3c-.2.2-.3.4-.3.7s.1.5.3.7c.2.2.4.3.7.3h11c.3 0 .5-.1.7-.3.2-.2.3-.5.3-.7s-.1-.5-.3-.7zM5.8 14.7l6.2 6.3 6.2-6.3c.2-.2.3-.5.3-.7s-.1-.5-.3-.7c-.2-.2-.4-.3-.7-.3h-11c-.3 0-.5.1-.7.3-.2.2-.3.5-.3.7s.1.5.3.7z\"\/><\/svg><\/span><\/span><\/span><\/a><\/span><\/div>\n<nav><ul class='ez-toc-list ez-toc-list-level-1 eztoc-toggle-hide-by-default' ><ul class='ez-toc-list-level-3' ><li class='ez-toc-heading-level-3'><a class=\"ez-toc-link ez-toc-heading-1\" href=\"https:\/\/beststringer.com\/da\/bss-19020-best-stringer-standard\/#Introduktion_til_Best_Stringer_Standard_%E2%80%93_BSS_19020\">Introduktion til Best Stringer Standard \u2013 BSS 19020<\/a><\/li><\/ul><\/li><li class='ez-toc-page-1 ez-toc-heading-level-2'><a class=\"ez-toc-link ez-toc-heading-2\" href=\"https:\/\/beststringer.com\/da\/bss-19020-best-stringer-standard\/#Tekniske_standarder_for_badmintonopstrengere\">Tekniske standarder for badmintonopstrengere<\/a><\/li><li class='ez-toc-page-1 ez-toc-heading-level-2'><a class=\"ez-toc-link ez-toc-heading-3\" href=\"https:\/\/beststringer.com\/da\/bss-19020-best-stringer-standard\/#Professionelle_metoder_til_opstrengning_af_badmintonketsjere\">Professionelle metoder til opstrengning af badmintonketsjere<\/a><\/li><li class='ez-toc-page-1 ez-toc-heading-level-2'><a class=\"ez-toc-link ez-toc-heading-4\" href=\"https:\/\/beststringer.com\/da\/bss-19020-best-stringer-standard\/#Internationale_kvalitetsstandarder_for_badmintonopstrengere\">Internationale kvalitetsstandarder for badmintonopstrengere<\/a><\/li><li class='ez-toc-page-1 ez-toc-heading-level-2'><a class=\"ez-toc-link ez-toc-heading-5\" href=\"https:\/\/beststringer.com\/da\/bss-19020-best-stringer-standard\/#Kvalitetskontrolprocedurer_for_opstrengning_af_ketsjere\">Kvalitetskontrolprocedurer for opstrengning af ketsjere<\/a><\/li><li class='ez-toc-page-1 ez-toc-heading-level-2'><a class=\"ez-toc-link ez-toc-heading-6\" href=\"https:\/\/beststringer.com\/da\/bss-19020-best-stringer-standard\/#Vurderingsmetoder_for_badmintonspillere\">Vurderingsmetoder for badmintonspillere<\/a><\/li><li class='ez-toc-page-1 ez-toc-heading-level-2'><a class=\"ez-toc-link ez-toc-heading-7\" href=\"https:\/\/beststringer.com\/da\/bss-19020-best-stringer-standard\/#Uddannelsesstandarder_for_opstrengningsmaskiner_og_udstyr_til_badminton\">Uddannelsesstandarder for opstrengningsmaskiner og udstyr til badminton<\/a><ul class='ez-toc-list-level-3' ><li class='ez-toc-heading-level-3'><a class=\"ez-toc-link ez-toc-heading-8\" href=\"https:\/\/beststringer.com\/da\/bss-19020-best-stringer-standard\/#BSS_19020_%E2%80%93_Professionel_standard_for_opstrengning_af_badmintonketsjere\">BSS 19020 \u2013 Professionel standard for opstrengning af badmintonketsjere<\/a><\/li><li class='ez-toc-page-1 ez-toc-heading-level-3'><a class=\"ez-toc-link ez-toc-heading-9\" href=\"https:\/\/beststringer.com\/da\/bss-19020-best-stringer-standard\/#BSW-certificering_i_opstrengning\">BSW-certificering i opstrengning<\/a><\/li><\/ul><\/li><\/ul><\/nav><\/div>\n\n\n\n\n<figure class=\"gb-block-image gb-block-image-fac71139\"><img loading=\"lazy\" decoding=\"async\" width=\"1321\" height=\"639\" class=\"gb-image gb-image-fac71139\" src=\"https:\/\/beststringer.com\/wp-content\/uploads\/2025\/01\/BSS19020-Introduction-to-Best-Stringer-Standard-BSS-19020.png\" alt=\"Introduktion til Best Stringer Standard BSS 19020, professionel opstrengning af ketsjer\" title=\"Introduktion til Best Stringer Standard BSS 19020, professionel opstrengning af ketsjer\" srcset=\"https:\/\/beststringer.com\/wp-content\/uploads\/2025\/01\/BSS19020-Introduction-to-Best-Stringer-Standard-BSS-19020.png 1321w, https:\/\/beststringer.com\/wp-content\/uploads\/2025\/01\/BSS19020-Introduction-to-Best-Stringer-Standard-BSS-19020-300x145.png 300w, https:\/\/beststringer.com\/wp-content\/uploads\/2025\/01\/BSS19020-Introduction-to-Best-Stringer-Standard-BSS-19020-1024x495.png 1024w, https:\/\/beststringer.com\/wp-content\/uploads\/2025\/01\/BSS19020-Introduction-to-Best-Stringer-Standard-BSS-19020-768x372.png 768w\" sizes=\"auto, (max-width: 1321px) 100vw, 1321px\" \/><\/figure>\n\n\n\n<h3 class=\"wp-block-heading\"><span class=\"ez-toc-section\" id=\"Introduktion_til_Best_Stringer_Standard_%E2%80%93_BSS_19020\"><\/span>Introduktion til Best Stringer Standard \u2013 <mark style=\"background-color:rgba(0, 0, 0, 0)\" class=\"has-inline-color has-global-color-9-color\">BSS 19020<\/mark> <span class=\"ez-toc-section-end\"><\/span><\/h3>\n\n\n\n<p>BSS 19020 s\u00e6tter nye standarder for service af badmintonketsjere p\u00e5 verdensplan. Denne internationale standard for opstrengere hj\u00e6lper opstrengere med at udvikle f\u00e6rdigheder, der direkte forbedrer spillerens pr\u00e6station. Gennem praktiske metoder og klare retningslinjer underviser 19020-standarden for opstrengere i korrekte serviceteknikker til moderne ketsjere.<\/p>\n\n\n\n<p>Best Stringer Worldwide har udviklet denne standard for at hj\u00e6lpe opstrengere med at yde en bedre service til spillere. Opstrengerstandarden 19020 d\u00e6kker alt fra grundl\u00e6ggende monteringsteknikker til avanceret valg af strenge. Hver del bygger naturligt videre p\u00e5 tidligere viden, hvilket hj\u00e6lper opstrengere med at udvikle deres f\u00e6rdigheder st\u00f8t og levere en bedre service til spillere p\u00e5 alle niveauer.<\/p>\n\n\n\n<h2 class=\"wp-block-heading\"><span class=\"ez-toc-section\" id=\"Tekniske_standarder_for_badmintonopstrengere\"><\/span>Tekniske <mark style=\"background-color:rgba(0, 0, 0, 0)\" class=\"has-inline-color has-global-color-9-color\">standarder<\/mark> for badmintonopstrengere <span class=\"ez-toc-section-end\"><\/span><\/h2>\n\n\n\n<p>Standarden for badmintonopstrengere begynder med korrekte procedurer for h\u00e5ndtering og ops\u00e6tning af udstyr. Gennem 19020-standarden for opstrengere l\u00e6rer opstrengere de korrekte monteringsteknikker, brug af v\u00e6rkt\u00f8j og indstilling af pund (lbs). Disse grundl\u00e6ggende f\u00e6rdigheder danner grundlaget for kvalitetsservice, der hj\u00e6lper spillere med at pr\u00e6stere bedre p\u00e5 banen.<\/p>\n\n\n\n<p>God h\u00e5ndtering af udstyr betyder, at man beskytter ketsjerne og samtidig opretholder en ensartet kvalitet. Opstrengere l\u00e6rer specifikke trin til montering af rammer, korrekt brug af v\u00e6rkt\u00f8j og effektiv styring af pund (lbs). Denne omhyggelige opm\u00e6rksomhed p\u00e5 grundl\u00e6ggende f\u00e6rdigheder hj\u00e6lper med at forhindre skader og sikrer p\u00e5lidelige serviceresultater, som spillerne kan stole p\u00e5.<\/p>\n\n\n\n<h2 class=\"wp-block-heading\"><span class=\"ez-toc-section\" id=\"Professionelle_metoder_til_opstrengning_af_badmintonketsjere\"><\/span>Professionelle <mark style=\"background-color:rgba(0, 0, 0, 0)\" class=\"has-inline-color has-global-color-9-color\">metoder<\/mark> til opstrengning af badmintonketsjere<span class=\"ez-toc-section-end\"><\/span><\/h2>\n\n\n\n<p>Standarden for <a href=\"https:\/\/beststringer.com\/da\/international-stringer-accreditation-isa\/\"><strong>akkrediterede opstrengere<\/strong><\/a> viser opstrengere, hvordan man arbejder systematisk med moderne udstyr til opstrengning af badmintonketsjere. Hvert trin i opstrengningsprocessen f\u00f8lger klare, testede metoder, der beskytter ketsjerne og opretholder en ensartet kvalitet. Denne systematiske tilgang hj\u00e6lper opstrengere med at yde en p\u00e5lidelig service til hver eneste spiller, de arbejder med.<\/p>\n\n\n\n<p>Professionelle metoder omfatter korrekt dokumentation og procedurer for kvalitetskontrol. Opstrengere l\u00e6rer at registrere specifikke detaljer om hver serviceopgave og at verificere deres arbejde omhyggeligt. Disse vaner hj\u00e6lper med at opretholde h\u00f8je servicestandarder og opbygge tillid hos spillerne over tid.<\/p>\n\n\n\n<h2 class=\"wp-block-heading\"><span class=\"ez-toc-section\" id=\"Internationale_kvalitetsstandarder_for_badmintonopstrengere\"><\/span>Internationale kvalitets<mark style=\"background-color:rgba(0, 0, 0, 0)\" class=\"has-inline-color has-global-color-9-color\">standarder<\/mark> for badmintonopstrengere<span class=\"ez-toc-section-end\"><\/span><\/h2>\n\n\n\n<p>Den internationale standard for opstrengere fastl\u00e6gger klare retningslinjer for professionel service af ketsjere. Opstrengere l\u00e6rer de korrekte m\u00e5der at vurdere ketsjere, v\u00e6lge strenge og indstille pund (lbs) p\u00e5 baggrund af spillerens behov. BSS 19020-standarden for opstrengere sikrer, at hver service f\u00f8lger professionelle metoder, der hj\u00e6lper spillere med at pr\u00e6stere bedre.<\/p>\n\n\n\n<p>At opfylde kvalitetskrav betyder at have en grundig forst\u00e5else af b\u00e5de udstyr og spillerens behov. Opstrengere studerer forskellige strengetyper, effekten af forskellige pund (lbs) og krav til opstrengningsm\u00f8nstre for forskellige spillestile. Denne viden hj\u00e6lper dem med at give bedre anbefalinger og en mere effektiv service til hver enkelt spiller.<\/p>\n\n\n\n<h2 class=\"wp-block-heading\"><span class=\"ez-toc-section\" id=\"Kvalitetskontrolprocedurer_for_opstrengning_af_ketsjere\"><\/span>Kvalitetskontrol<mark style=\"background-color:rgba(0, 0, 0, 0)\" class=\"has-inline-color has-global-color-9-color\">procedurer<\/mark> for opstrengning af ketsjere<span class=\"ez-toc-section-end\"><\/span><\/h2>\n\n\n\n<p>Standarden for opstrengning af badmintonketsjere underviser opstrengere i detaljerede procedurer for kvalitetskontrol. Hver service omfatter specifikke trin til at verificere pund (lbs), m\u00f8nsterets n\u00f8jagtighed og den afsluttende kvalitet. Disse omhyggelige kontroller hj\u00e6lper med at opretholde ensartede professionelle standarder i enhver serviceopgave.<\/p>\n\n\n\n<p>Kvalitetskontrol omfatter b\u00e5de tekniske tjek og feedback fra spillere. Opstrengere l\u00e6rer at teste deres arbejde systematisk og at lytte omhyggeligt til spillernes kommentarer om ydeevnen. Denne kombination af tekniske f\u00e6rdigheder og kommunikation med spillerne er med til at sikre bedre serviceresultater.<\/p>\n\n\n\n<h2 class=\"wp-block-heading\"><span class=\"ez-toc-section\" id=\"Vurderingsmetoder_for_badmintonspillere\"><\/span>Vurderings<mark style=\"background-color:rgba(0, 0, 0, 0)\" class=\"has-inline-color has-global-color-9-color\">metoder<\/mark> for badmintonspillere<span class=\"ez-toc-section-end\"><\/span><\/h2>\n\n\n\n<p>19020-standarden for opstrengere l\u00e6rer opstrengere at arbejde t\u00e6t sammen med spillere for at forst\u00e5 deres specifikke behov. De l\u00e6rer at stille gode sp\u00f8rgsm\u00e5l om spillestil, pr\u00e6ferencer og eventuelle problemer, spillerne oplever med deres udstyr. Denne viden hj\u00e6lper dem med at give bedre anbefalinger til <a href=\"https:\/\/www.yonex.com\/badminton\/strings\" target=\"_blank\" rel=\"noopener\"><strong>strenge<\/strong><\/a> og pund (lbs), hvilket forbedrer spillerens pr\u00e6station.<\/p>\n\n\n\n<p>At forst\u00e5 spillere betyder at l\u00e6re om forskellige spillestile og f\u00e6rdighedsniveauer. Opstrengere studerer, hvordan forskellige ops\u00e6tninger af strenge p\u00e5virker forskellige typer spillere. Dette hj\u00e6lper dem med at matche udstyrets specifikationer t\u00e6ttere til den enkelte spillers behov og evner.<\/p>\n\n\n\n<h2 class=\"wp-block-heading\"><span class=\"ez-toc-section\" id=\"Uddannelsesstandarder_for_opstrengningsmaskiner_og_udstyr_til_badminton\"><\/span>Uddannelses<mark style=\"background-color:rgba(0, 0, 0, 0)\" class=\"has-inline-color has-global-color-9-color\">standarder<\/mark> for opstrengningsmaskiner og udstyr til badminton<span class=\"ez-toc-section-end\"><\/span><\/h2>\n\n\n\n<p>Standarden for opstrengere omfatter metoder til effektivt at undervise spillere om deres udstyr. Opstrengere l\u00e6rer at forklare tekniske oplysninger i klare, enkle vendinger, som spillere kan forst\u00e5 og bruge. Dette hj\u00e6lper spillere med at tr\u00e6ffe bedre beslutninger om deres ketsjerops\u00e6tning og opretholde en bedre ydeevne fra deres udstyr.<\/p>\n\n\n\n<p>God uddannelse i udstyr hj\u00e6lper med at forebygge problemer og forbedre spillertilfredsheden. Opstrengere l\u00e6rer at forklare korrekte vedligeholdelsesprocedurer og hj\u00e6lpe spillere med at forst\u00e5, hvordan deres valg p\u00e5virker ketsjerens ydeevne. Denne vidensdeling skaber en bedre forst\u00e5else mellem opstrengere og spillere.<\/p>\n\n\n\n<figure class=\"gb-block-image gb-block-image-58d07be1\"><img loading=\"lazy\" decoding=\"async\" width=\"1979\" height=\"1180\" class=\"gb-image gb-image-58d07be1\" src=\"https:\/\/beststringer.com\/wp-content\/uploads\/2025\/01\/Introduction-to-Best-Stringer-Standard-BSS-19020-Metric-Best-Stringer-Worldwide.png\" alt=\"Introduktion til Best Stringer Standard - BSS 19020 Metrisk Best Stringer Worldwide, {{CITY_LOCAL}}\" title=\"Introduktion til Best Stringer Standard - BSS 19020 Metrisk Best Stringer Worldwide, {{CITY_LOCAL}}\" srcset=\"https:\/\/beststringer.com\/wp-content\/uploads\/2025\/01\/Introduction-to-Best-Stringer-Standard-BSS-19020-Metric-Best-Stringer-Worldwide.png 1979w, https:\/\/beststringer.com\/wp-content\/uploads\/2025\/01\/Introduction-to-Best-Stringer-Standard-BSS-19020-Metric-Best-Stringer-Worldwide-300x179.png 300w, https:\/\/beststringer.com\/wp-content\/uploads\/2025\/01\/Introduction-to-Best-Stringer-Standard-BSS-19020-Metric-Best-Stringer-Worldwide-1024x611.png 1024w, https:\/\/beststringer.com\/wp-content\/uploads\/2025\/01\/Introduction-to-Best-Stringer-Standard-BSS-19020-Metric-Best-Stringer-Worldwide-768x458.png 768w, https:\/\/beststringer.com\/wp-content\/uploads\/2025\/01\/Introduction-to-Best-Stringer-Standard-BSS-19020-Metric-Best-Stringer-Worldwide-1536x916.png 1536w\" sizes=\"auto, (max-width: 1979px) 100vw, 1979px\" \/><\/figure>\n\n\n<div class=\"gb-grid-wrapper gb-grid-wrapper-edaaa1da\">\n<div class=\"gb-grid-column gb-grid-column-8931dd45\"><div class=\"gb-container gb-container-8931dd45\">\n\n<figure class=\"gb-block-image gb-block-image-d6a14726\"><img loading=\"lazy\" decoding=\"async\" width=\"1080\" height=\"1080\" class=\"gb-image gb-image-d6a14726\" src=\"https:\/\/beststringer.com\/wp-content\/uploads\/2025\/01\/BSS-19020-Standard-Racquet-Stringing-Quality-Control-Procedures-International-Stringer-Standard.jpeg\" alt=\"BSS 19020 Kvalitetskontrol for opstrengning af ketsjere, international standard\" title=\"BSS 19020 Kvalitetskontrol for opstrengning af ketsjere, international standard\" srcset=\"https:\/\/beststringer.com\/wp-content\/uploads\/2025\/01\/BSS-19020-Standard-Racquet-Stringing-Quality-Control-Procedures-International-Stringer-Standard.jpeg 1080w, https:\/\/beststringer.com\/wp-content\/uploads\/2025\/01\/BSS-19020-Standard-Racquet-Stringing-Quality-Control-Procedures-International-Stringer-Standard-300x300.jpeg 300w, https:\/\/beststringer.com\/wp-content\/uploads\/2025\/01\/BSS-19020-Standard-Racquet-Stringing-Quality-Control-Procedures-International-Stringer-Standard-1024x1024.jpeg 1024w, https:\/\/beststringer.com\/wp-content\/uploads\/2025\/01\/BSS-19020-Standard-Racquet-Stringing-Quality-Control-Procedures-International-Stringer-Standard-150x150.jpeg 150w, https:\/\/beststringer.com\/wp-content\/uploads\/2025\/01\/BSS-19020-Standard-Racquet-Stringing-Quality-Control-Procedures-International-Stringer-Standard-768x768.jpeg 768w\" sizes=\"auto, (max-width: 1080px) 100vw, 1080px\" \/><\/figure>\n\n<\/div><\/div>\n\n<div class=\"gb-grid-column gb-grid-column-64386c9d\"><div class=\"gb-container gb-container-64386c9d\">\n\n<figure class=\"gb-block-image gb-block-image-4a9d3a38\"><img loading=\"lazy\" decoding=\"async\" width=\"1080\" height=\"1080\" class=\"gb-image gb-image-4a9d3a38\" src=\"https:\/\/beststringer.com\/wp-content\/uploads\/2025\/01\/Badminton-Stringer-Technical-Standards-BSS19020-BSW.jpeg\" alt=\"Tekniske standarder for badmintonopstrengere BSS19020, {{COUNTRY_LOCAL}}\" title=\"Tekniske standarder for badmintonopstrengere BSS19020, {{COUNTRY_LOCAL}}\" srcset=\"https:\/\/beststringer.com\/wp-content\/uploads\/2025\/01\/Badminton-Stringer-Technical-Standards-BSS19020-BSW.jpeg 1080w, https:\/\/beststringer.com\/wp-content\/uploads\/2025\/01\/Badminton-Stringer-Technical-Standards-BSS19020-BSW-300x300.jpeg 300w, https:\/\/beststringer.com\/wp-content\/uploads\/2025\/01\/Badminton-Stringer-Technical-Standards-BSS19020-BSW-1024x1024.jpeg 1024w, https:\/\/beststringer.com\/wp-content\/uploads\/2025\/01\/Badminton-Stringer-Technical-Standards-BSS19020-BSW-150x150.jpeg 150w, https:\/\/beststringer.com\/wp-content\/uploads\/2025\/01\/Badminton-Stringer-Technical-Standards-BSS19020-BSW-768x768.jpeg 768w\" sizes=\"auto, (max-width: 1080px) 100vw, 1080px\" \/><\/figure>\n\n<\/div><\/div>\n\n<div class=\"gb-grid-column gb-grid-column-060f3b5f\"><div class=\"gb-container gb-container-060f3b5f\">\n\n<figure class=\"gb-block-image gb-block-image-a89b8851\"><img loading=\"lazy\" decoding=\"async\" width=\"1080\" height=\"1080\" class=\"gb-image gb-image-a89b8851\" src=\"https:\/\/beststringer.com\/wp-content\/uploads\/2025\/01\/Professional-Badminton-Stringing-Service-Methods-19020.jpeg\" alt=\"Professionelle metoder til opstrengning af badmintonketsjere 19020\" title=\"Professionelle metoder til opstrengning af badmintonketsjere 19020\" srcset=\"https:\/\/beststringer.com\/wp-content\/uploads\/2025\/01\/Professional-Badminton-Stringing-Service-Methods-19020.jpeg 1080w, https:\/\/beststringer.com\/wp-content\/uploads\/2025\/01\/Professional-Badminton-Stringing-Service-Methods-19020-300x300.jpeg 300w, https:\/\/beststringer.com\/wp-content\/uploads\/2025\/01\/Professional-Badminton-Stringing-Service-Methods-19020-1024x1024.jpeg 1024w, https:\/\/beststringer.com\/wp-content\/uploads\/2025\/01\/Professional-Badminton-Stringing-Service-Methods-19020-150x150.jpeg 150w, https:\/\/beststringer.com\/wp-content\/uploads\/2025\/01\/Professional-Badminton-Stringing-Service-Methods-19020-768x768.jpeg 768w\" sizes=\"auto, (max-width: 1080px) 100vw, 1080px\" \/><\/figure>\n\n<\/div><\/div>\n\n<div class=\"gb-grid-column gb-grid-column-d17e89bb\"><div class=\"gb-container gb-container-d17e89bb\">\n\n<figure class=\"gb-block-image gb-block-image-b6cf4228\"><img loading=\"lazy\" decoding=\"async\" width=\"1080\" height=\"1080\" class=\"gb-image gb-image-b6cf4228\" src=\"https:\/\/beststringer.com\/wp-content\/uploads\/2025\/01\/International-Badminton-Stringer-Quality-Standards-BSS19020.jpeg\" alt=\"Internationale kvalitetsstandarder for badmintonopstrengere BSS19020\" title=\"Internationale kvalitetsstandarder for badmintonopstrengere BSS19020\" srcset=\"https:\/\/beststringer.com\/wp-content\/uploads\/2025\/01\/International-Badminton-Stringer-Quality-Standards-BSS19020.jpeg 1080w, https:\/\/beststringer.com\/wp-content\/uploads\/2025\/01\/International-Badminton-Stringer-Quality-Standards-BSS19020-300x300.jpeg 300w, https:\/\/beststringer.com\/wp-content\/uploads\/2025\/01\/International-Badminton-Stringer-Quality-Standards-BSS19020-1024x1024.jpeg 1024w, https:\/\/beststringer.com\/wp-content\/uploads\/2025\/01\/International-Badminton-Stringer-Quality-Standards-BSS19020-150x150.jpeg 150w, https:\/\/beststringer.com\/wp-content\/uploads\/2025\/01\/International-Badminton-Stringer-Quality-Standards-BSS19020-768x768.jpeg 768w\" sizes=\"auto, (max-width: 1080px) 100vw, 1080px\" \/><\/figure>\n\n<\/div><\/div>\n<\/div>\n<\/div>\n<\/div>\n<\/div>\n\n<section class=\"gb-container gb-container-21e3c652\">\n<div class=\"gb-container gb-container-11344779\">\n\n<h3 class=\"gb-headline gb-headline-39f4cce2 gb-headline-text\"><span class=\"ez-toc-section\" id=\"BSS_19020_%E2%80%93_Professionel_standard_for_opstrengning_af_badmintonketsjere\"><\/span>BSS 19020 \u2013 Professionel standard for opstrengning af badmintonketsjere<span class=\"ez-toc-section-end\"><\/span><\/h3>\n\n\n\n<p class=\"gb-headline gb-headline-c6c5990e gb-headline-text\">BSS 19020 udvikler professionelle f\u00e6rdigheder inden for opstrengning af badmintonketsjere gennem omfattende tr\u00e6ning i standarden for opstrengere. Denne internationale standard for opstrengere kombinerer praktiske teknikker med teknisk viden og forbereder opstrengere til at yde en kvalitetsservice, der hj\u00e6lper spillere med at pr\u00e6stere bedre. Gennem 19020-standarden for opstrengere l\u00e6rer internationalt certificerede opstrengere de korrekte metoder til montering, opstrengning og styring af pund (lbs), som direkte forbedrer spillerens pr\u00e6station.<\/p>\n\n\n<div class=\"gb-container gb-container-ec1a2ce6\">\n<div class=\"gb-container gb-container-238a634b\"><\/div>\n<\/div>\n\n\n<div id=\"youtube-player\"><\/div>\n<script>\n  var videoLoaded = false;\n\n  function loadYouTubeVideo() {\n    if (videoLoaded) return;\n    videoLoaded = true;\n    var tag = document.createElement('script');\n    tag.src = \"https:\/\/www.youtube.com\/iframe_api\";\n    var firstScriptTag = document.getElementsByTagName('script')[0];\n    firstScriptTag.parentNode.insertBefore(tag, firstScriptTag);\n  }\n\n  function onYouTubeIframeAPIReady() {\n    new YT.Player('youtube-player', {\n      height: '360',\n      width: '640',\n      videoId: 'PVFRpb_r9lA', \/\/ Your video ID\n      events: {\n        'onReady': onPlayerReady\n      }\n    });\n  }\n\n  function onPlayerReady(event) {\n    \/\/ Video is ready to play\n  }\n\n  \/\/ Load the YouTube API script when the page is scrolled\n  window.addEventListener('scroll', loadYouTubeVideo, { once: true });\n\n  \/\/ Also load if the user hasn't scrolled after 3 seconds\n  setTimeout(loadYouTubeVideo, 3000);\n<\/script>\n\n<\/div>\n<\/section>\n\n<section class=\"gb-container gb-container-49b9586e\">\n<div class=\"gb-container gb-container-a2e9522c\"><\/div>\n\n<div class=\"gb-container gb-container-0e11192a\">\n\n<h3 class=\"gb-headline gb-headline-5cf408ee gb-headline-text\"><span class=\"ez-toc-section\" id=\"BSW-certificering_i_opstrengning\"><\/span>BSW-certificering i opstrengning<span class=\"ez-toc-section-end\"><\/span><\/h3>\n\n\n<div class=\"gb-container gb-container-daaa2e63\">\n<div class=\"gb-container gb-container-bda621fe\"><\/div>\n\n<div class=\"gb-container gb-container-4b0ac72b\"><\/div>\n<\/div>\n\n\n<p class=\"gb-headline gb-headline-edf98545 gb-headline-text\">L\u00e6r professionelle f\u00e6rdigheder inden for opstrengning af ketsjere til badminton, tennis og squash. BSW-certificeringen d\u00e6kker korrekte teknikker, ketsjerteknologi og vurdering af spillerens behov.<\/p>\n\n\n\n<a class=\"gb-button gb-button-a29641e0 gb-button-text\" href=\"https:\/\/beststringer.com\/da\/stringing-certificate\/\">Detaljer om certificering<\/a>\n\n<\/div>\n<\/section>","protected":false},"excerpt":{"rendered":"<p>Introduktion til Best Stringer Standard \u2013 BSS 19020 BSS 19020 s\u00e6tter nye standarder for service af badmintonketsjere p\u00e5 verdensplan. Denne internationale standard for opstrengere hj\u00e6lper opstrengere med at udvikle f\u00e6rdigheder, der direkte forbedrer spillerens pr\u00e6station. Gennem praktiske metoder og klare retningslinjer underviser 19020-standarden for opstrengere i korrekte serviceteknikker til moderne ketsjere. Best Stringer Worldwide har &#8230; <a title=\"BSS 19020 Badminton &#8211; Bedste Strenger Standard\" class=\"read-more\" href=\"https:\/\/beststringer.com\/da\/bss-19020-best-stringer-standard\/\" aria-label=\"Read more about BSS 19020 Badminton &#8211; Bedste Strenger Standard\">L\u00e6s Mere<\/a><\/p>\n","protected":false},"author":1,"featured_media":37814,"parent":0,"menu_order":0,"comment_status":"closed","ping_status":"closed","template":"","meta":{"footnotes":""},"class_list":{"0":"post-37813","1":"page","2":"type-page","3":"status-publish","4":"has-post-thumbnail","6":"infinite-scroll-item"},"_links":{"self":[{"href":"https:\/\/beststringer.com\/da\/wp-json\/wp\/v2\/pages\/37813","targetHints":{"allow":["GET"]}}],"collection":[{"href":"https:\/\/beststringer.com\/da\/wp-json\/wp\/v2\/pages"}],"about":[{"href":"https:\/\/beststringer.com\/da\/wp-json\/wp\/v2\/types\/page"}],"author":[{"embeddable":true,"href":"https:\/\/beststringer.com\/da\/wp-json\/wp\/v2\/users\/1"}],"replies":[{"embeddable":true,"href":"https:\/\/beststringer.com\/da\/wp-json\/wp\/v2\/comments?post=37813"}],"version-history":[{"count":0,"href":"https:\/\/beststringer.com\/da\/wp-json\/wp\/v2\/pages\/37813\/revisions"}],"wp:featuredmedia":[{"embeddable":true,"href":"https:\/\/beststringer.com\/da\/wp-json\/wp\/v2\/media\/37814"}],"wp:attachment":[{"href":"https:\/\/beststringer.com\/da\/wp-json\/wp\/v2\/media?parent=37813"}],"curies":[{"name":"wp","href":"https:\/\/api.w.org\/{rel}","templated":true}]}}